{"id":11722,"date":"2024-01-11T23:16:11","date_gmt":"2024-01-11T23:16:11","guid":{"rendered":"https:\/\/migrapixel.pt\/?page_id=11722"},"modified":"2024-01-11T23:20:19","modified_gmt":"2024-01-11T23:20:19","slug":"novo-teste","status":"publish","type":"page","link":"https:\/\/migrapixel.pt\/en\/novo-teste\/","title":{"rendered":"NOVO TESTE"},"content":{"rendered":"\t\t<div data-elementor-type=\"wp-page\" data-elementor-id=\"11722\" class=\"elementor elementor-11722\">\n\t\t\t\t\t\t<section class=\"elementor-section elementor-top-section elementor-element elementor-element-29016d6 elementor-section-boxed elementor-section-height-default elementor-section-height-default\" data-id=\"29016d6\" data-element_type=\"section\" data-e-type=\"section\" id=\"slidesrs\">\n\t\t\t\t\t\t<div class=\"elementor-container elementor-column-gap-default\">\n\t\t\t\t\t<div class=\"elementor-column elementor-col-100 elementor-top-column elementor-element elementor-element-eb12e54\" data-id=\"eb12e54\" data-element_type=\"column\" data-e-type=\"column\">\n\t\t\t<div class=\"elementor-widget-wrap elementor-element-populated\">\n\t\t\t\t\t\t<div class=\"elementor-element elementor-element-7fc39d4 elementor-widget elementor-widget-html\" data-id=\"7fc39d4\" data-element_type=\"widget\" data-e-type=\"widget\" data-widget_type=\"html.default\">\n\t\t\t\t<div class=\"elementor-widget-container\">\n\t\t\t\t\t\n<div class=\"slider\">\n  <div class=\"slider__slide slider__slide--active\" data-slide=\"1\">\n    <div class=\"slider__wrap\">\n      <div class=\"slider__back\"><\/div>\n    <\/div>\n    <div class=\"slider__inner\">\n      <div class=\"slider__content\">\n        <h1>Slide <br> One<\/h1><a class=\"go-to-next\">next<\/a>\n      <\/div>\n    <\/div>\n  <\/div>\n  <div class=\"slider__slide\" data-slide=\"2\">\n    <div class=\"slider__wrap\">\n      <div class=\"slider__back\"><\/div>\n    <\/div>\n    <div class=\"slider__inner\">\n      <div class=\"slider__content\">\n        <h1>Slide <br> Twojjj<button href=\"google.com\">cenas<\/button><p>gchgv hvhgvbgfh. hgfhg<\/p><\/h1><a class=\"go-to-next\">next<\/a>\n      <\/div>\n    <\/div>\n  <\/div>\n  <div class=\"slider__slide\" data-slide=\"3\">\n    <div class=\"slider__wrap\">\n      <div class=\"slider__back\"><\/div>\n    <\/div>\n    <div class=\"slider__inner\">\n      <div class=\"slider__content\">\n        <h1>Slide <br> Three<\/h1><a class=\"go-to-next\">next<\/a>\n      <\/div>\n    <\/div>\n  <\/div>\n  <div class=\"slider__indicators\"><\/div>\n<\/div><a class=\"sig\" href=\"http:\/\/nathan.tokyo\" target=\"_blank\">NATHAN.TOKYO<\/a>\t\t\t\t<\/div>\n\t\t\t\t<\/div>\n\t\t\t\t<div class=\"elementor-element elementor-element-6f0c24a elementor-widget elementor-widget-shortcode\" data-id=\"6f0c24a\" data-element_type=\"widget\" data-e-type=\"widget\" data-widget_type=\"shortcode.default\">\n\t\t\t\t<div class=\"elementor-widget-container\">\n\t\t\t\t\t\t\t<div class=\"elementor-shortcode\"><script>$(document).ready(function () {\r\n  for (var i = 1; i <= $(\".slider__slide\").length; i++) {\r\n    $(\".slider__indicators\").append(\r\n      '<div class=\"slider__indicator\" data-slide=\"' + i + '\"><\/div>'\r\n    );\r\n  }\r\n  setTimeout(function () {\r\n    $(\".slider__wrap\").addClass(\"slider__wrap--hacked\");\r\n  }, 1000);\r\n});\r\n\r\nfunction goToSlide(number) {\r\n  $(\".slider__slide\").removeClass(\"slider__slide--active\");\r\n  $(\".slider__slide[data-slide=\" + number + \"]\").addClass(\r\n    \"slider__slide--active\"\r\n  );\r\n}\r\n\r\n$(\".slider__next, .go-to-next\").on(\"click\", function () {\r\n  var currentSlide = Number($(\".slider__slide--active\").data(\"slide\"));\r\n  var totalSlides = $(\".slider__slide\").length;\r\n  currentSlide++;\r\n  if (currentSlide > totalSlides) {\r\n    currentSlide = 1;\r\n  }\r\n  goToSlide(currentSlide);\r\n});\r\n<\/script><\/div>\n\t\t\t\t\t\t<\/div>\n\t\t\t\t<\/div>\n\t\t\t\t<div class=\"elementor-element elementor-element-c1f75eb elementor-widget elementor-widget-html\" data-id=\"c1f75eb\" data-element_type=\"widget\" data-e-type=\"widget\" data-widget_type=\"html.default\">\n\t\t\t\t<div class=\"elementor-widget-container\">\n\t\t\t\t\t<style>\n    \n#slidesrs body {\n  background: #aaa;\n  font-family: \"Open Sans\", sans-serif;\n}\n\n#slidesrs .slider {\n  position: relative;\n  height: 100vh;\n  width: 100vw;\n  background: #777;\n  overflow: hidden;\n}\n#slidesrs .slider__wrap {\n  position: absolute;\n  width: 100vw;\n  height: 100vh;\n  transform: translateX(100vw);\n  top: 0%;\n  left: 0;\n  right: auto;\n  overflow: hidden;\n  transition: transform 450ms cubic-bezier(0.785, 0.135, 0.15, 0.86);\n  transform-origin: 0% 50%;\n  transition-delay: 450ms;\n  opacity: 0;\n}\n#slidesrs .slider__wrap--hacked {\n  opacity: 1;\n}\n#slidesrs .slider__back {\n  position: absolute;\n  width: 100%;\n  height: 100%;\n  background-size: auto 100%;\n  background-position: center;\n  background-repeat: none;\n  transition: filter 450ms cubic-bezier(0.785, 0.135, 0.15, 0.86);\n}\n#slidesrs .slider__inner {\n  width: 100%;\n  height: 100%;\n  position: absolute;\n  top: 0;\n  left: 0%;\n  background-size: auto 133.3333%;\n  background-position: center;\n  background-repeat: none;\n  transform: scale(0.75);\n  transition: transform 450ms cubic-bezier(0.785, 0.135, 0.15, 0.86), box-shadow 450ms cubic-bezier(0.785, 0.135, 0.15, 0.86), opacity 450ms step-end;\n  opacity: 0;\n  box-shadow: 0 3vh 3vh rgba(0, 0, 0, 0);\n  padding: 15vh;\n  box-sizing: border-box;\n}\n#slidesrs .slider__content {\n  position: relative;\n  top: 50%;\n  width: auto;\n  transform: translateY(-50%);\n  color: white;\n  font-family: \"Heebo\", sans-serif;\n  opacity: 0;\n  transition: opacity 450ms;\n}\n#slidesrs .slider__content h1 {\n  font-weight: 900;\n  font-size: 9vh;\n  line-height: 0.85;\n  margin-bottom: 0.75vh;\n  pointer-events: none;\n  text-shadow: 0 0.375vh 0.75vh rgba(0, 0, 0, 0.1);\n}\n#slidesrs .slider__content a {\n  cursor: pointer;\n  font-size: 2.4vh;\n  letter-spacing: 0.3vh;\n  font-weight: 100;\n  position: relative;\n}\n#slidesrs .slider__content a:after {\n  content: \"\";\n  display: block;\n  width: 9vh;\n  background: white;\n  height: 1px;\n  position: absolute;\n  top: 50%;\n  left: 6vh;\n  transform: translateY(-50%);\n  transform-origin: 0% 50%;\n  transition: transform 900ms cubic-bezier(0.785, 0.135, 0.15, 0.86);\n}\n#slidesrs .slider__content a:before {\n  content: \"\";\n  border-top: 1px solid white;\n  border-right: 1px solid white;\n  display: block;\n  width: 1vh;\n  height: 1vh;\n  transform: translateX(0) translateY(-50%) rotate(45deg);\n  position: absolute;\n  font-family: \"Heebo\", sans-serif;\n  font-weight: 100;\n  top: 50%;\n  left: 15vh;\n  transition: transform 900ms cubic-bezier(0.785, 0.135, 0.15, 0.86);\n}\n#slidesrs .slider__content a:hover:after {\n  transform: scaleX(1.5);\n  transition: transform 1200ms cubic-bezier(0.785, 0.135, 0.15, 0.86);\n}\n#slidesrs .slider__content a:hover:before {\n  transform: translateX(6vh) translateY(-50%) rotate(45deg);\n  transition: transform 1200ms cubic-bezier(0.785, 0.135, 0.15, 0.86);\n}\n#slidesrs .slider__slide {\n  position: absolute;\n  left: 0;\n  height: 100vh;\n  width: 100vw;\n  transition: transform 600ms cubic-bezier(0.785, 0.135, 0.15, 0.86);\n  transition-delay: 600ms;\n  pointer-events: none;\n  z-index: 0;\n}\n#slidesrs .slider__slide--active {\n  transform: translatex(0%);\n  z-index: 2;\n}\n#slidesrs .slider__slide--active .slider__wrap {\n  transform: translateX(0);\n  transform-origin: 100% 50%;\n  opacity: 1;\n  -webkit-animation: none;\n          animation: none;\n}\n#slidesrs .slider__slide--active .slider__back {\n  filter: blur(1.5vh);\n  transition: filter 900ms cubic-bezier(0.785, 0.135, 0.15, 0.86);\n  transition-delay: 900ms !important;\n}\n#slidesrs .slider__slide--active .slider__inner {\n  transform: scale(0.8);\n  box-shadow: 0 1vh 6vh rgba(0, 0, 0, 0.2);\n  pointer-events: auto;\n  opacity: 1;\n  transition: transform 900ms cubic-bezier(0.785, 0.135, 0.15, 0.86), box-shadow 900ms cubic-bezier(0.785, 0.135, 0.15, 0.86), opacity 1ms step-end;\n  transition-delay: 900ms;\n}\n#slidesrs .slider__slide--active .slider__content {\n  opacity: 1;\n  transition-delay: 1350ms;\n}\n#slidesrs .slider__slide:not(.slider__slide--active) .slider__wrap {\n  -webkit-animation-name: hack;\n          animation-name: hack;\n  -webkit-animation-duration: 900ms;\n          animation-duration: 900ms;\n  -webkit-animation-delay: 450ms;\n          animation-delay: 450ms;\n  -webkit-animation-timing-function: cubic-bezier(0.785, 0.135, 0.15, 0.86);\n          animation-timing-function: cubic-bezier(0.785, 0.135, 0.15, 0.86);\n}\n@-webkit-keyframes hack {\n  0% {\n    transform: translateX(0);\n    opacity: 1;\n  }\n  50% {\n    transform: translateX(-100vw);\n    opacity: 1;\n  }\n  51% {\n    transform: translateX(-100vw);\n    opacity: 0;\n  }\n  52% {\n    transform: translateX(100vw);\n    opacity: 0;\n  }\n  100% {\n    transform: translateX(100vw);\n    opacity: 1;\n  }\n}\n@keyframes hack {\n  0% {\n    transform: translateX(0);\n    opacity: 1;\n  }\n  50% {\n    transform: translateX(-100vw);\n    opacity: 1;\n  }\n  51% {\n    transform: translateX(-100vw);\n    opacity: 0;\n  }\n  52% {\n    transform: translateX(100vw);\n    opacity: 0;\n  }\n  100% {\n    transform: translateX(100vw);\n    opacity: 1;\n  }\n}\n#slidesrs .slider__slide:nth-child(1) .slider__back, .slider__slide:nth-child(1) .slider__inner {\n  background-image: url(https:\/\/unsplash.it\/1600\/800\/?image=931);\n}\n#slidesrs .slider__slide:nth-child(2) .slider__back, .slider__slide:nth-child(2) .slider__inner {\n  background-image: url(https:\/\/unsplash.it\/1600\/800\/?image=929);\n}\n#slidesrs .slider__slide:nth-child(3) .slider__back, .slider__slide:nth-child(3) .slider__inner {\n  background-image: url(https:\/\/unsplash.it\/1600\/800\/?image=927);\n}\n\n#slidesrs .sig {\n  position: fixed;\n  bottom: 8px;\n  right: 8px;\n  text-decoration: none;\n  font-size: 12px;\n  font-weight: 100;\n  font-family: sans-serif;\n  color: rgba(255, 255, 255, 0.4);\n  letter-spacing: 2px;\n  z-index: 9999;\n}\n<\/style>\t\t\t\t<\/div>\n\t\t\t\t<\/div>\n\t\t\t\t\t<\/div>\n\t\t<\/div>\n\t\t\t\t\t<\/div>\n\t\t<\/section>\n\t\t\t\t<\/div>\n\t\t","protected":false},"excerpt":{"rendered":"<p>Slide One next Slide Twojjjcenas gchgv hvhgvbgfh. hgfhg next Slide Three next NATHAN.TOKYO<\/p>","protected":false},"author":1,"featured_media":0,"parent":0,"menu_order":0,"comment_status":"closed","ping_status":"closed","template":"","meta":{"footnotes":""},"class_list":["post-11722","page","type-page","status-publish","hentry"],"yoast_head":"<!-- This site is optimized with the Yoast SEO plugin v27.4 - https:\/\/yoast.com\/product\/yoast-seo-wordpress\/ -->\n<title>NOVO TESTE - MigraPixel<\/title>\n<meta name=\"robots\" content=\"noindex, nofollow\" \/>\n<meta property=\"og:locale\" content=\"en_GB\" \/>\n<meta property=\"og:type\" content=\"article\" \/>\n<meta property=\"og:title\" content=\"NOVO TESTE - MigraPixel\" \/>\n<meta property=\"og:description\" content=\"Slide One next Slide Twojjjcenas gchgv hvhgvbgfh. hgfhg next Slide Three next NATHAN.TOKYO\" \/>\n<meta property=\"og:url\" content=\"https:\/\/migrapixel.pt\/en\/novo-teste\/\" \/>\n<meta property=\"og:site_name\" content=\"MigraPixel\" \/>\n<meta property=\"article:publisher\" content=\"https:\/\/www.facebook.com\/migrapixel\" \/>\n<meta property=\"article:modified_time\" content=\"2024-01-11T23:20:19+00:00\" \/>\n<meta property=\"og:image\" content=\"https:\/\/migrapixel.pt\/wp-content\/uploads\/2022\/11\/Ativo-1-scaled-1.webp\" \/>\n\t<meta property=\"og:image:width\" content=\"2560\" \/>\n\t<meta property=\"og:image:height\" content=\"555\" \/>\n\t<meta property=\"og:image:type\" content=\"image\/webp\" \/>\n<meta name=\"twitter:card\" content=\"summary_large_image\" \/>\n<meta name=\"twitter:label1\" content=\"Estimated reading time\" \/>\n\t<meta name=\"twitter:data1\" content=\"1 minute\" \/>\n<script type=\"application\/ld+json\" class=\"yoast-schema-graph\">{\"@context\":\"https:\\\/\\\/schema.org\",\"@graph\":[{\"@type\":\"WebPage\",\"@id\":\"https:\\\/\\\/migrapixel.pt\\\/novo-teste\\\/\",\"url\":\"https:\\\/\\\/migrapixel.pt\\\/novo-teste\\\/\",\"name\":\"NOVO TESTE - MigraPixel\",\"isPartOf\":{\"@id\":\"https:\\\/\\\/migrapixel.pt\\\/#website\"},\"datePublished\":\"2024-01-11T23:16:11+00:00\",\"dateModified\":\"2024-01-11T23:20:19+00:00\",\"breadcrumb\":{\"@id\":\"https:\\\/\\\/migrapixel.pt\\\/novo-teste\\\/#breadcrumb\"},\"inLanguage\":\"en-GB\",\"potentialAction\":[{\"@type\":\"ReadAction\",\"target\":[\"https:\\\/\\\/migrapixel.pt\\\/novo-teste\\\/\"]}]},{\"@type\":\"BreadcrumbList\",\"@id\":\"https:\\\/\\\/migrapixel.pt\\\/novo-teste\\\/#breadcrumb\",\"itemListElement\":[{\"@type\":\"ListItem\",\"position\":1,\"name\":\"In\u00edcio\",\"item\":\"https:\\\/\\\/migrapixel.pt\\\/\"},{\"@type\":\"ListItem\",\"position\":2,\"name\":\"NOVO TESTE\"}]},{\"@type\":\"WebSite\",\"@id\":\"https:\\\/\\\/migrapixel.pt\\\/#website\",\"url\":\"https:\\\/\\\/migrapixel.pt\\\/\",\"name\":\"MigraPixel\",\"description\":\"MigraPixel |Programa\u00e7\u00e3o |Conte\u00fados Digitais | Alojamento Web | DG\",\"publisher\":{\"@id\":\"https:\\\/\\\/migrapixel.pt\\\/#organization\"},\"potentialAction\":[{\"@type\":\"SearchAction\",\"target\":{\"@type\":\"EntryPoint\",\"urlTemplate\":\"https:\\\/\\\/migrapixel.pt\\\/?s={search_term_string}\"},\"query-input\":{\"@type\":\"PropertyValueSpecification\",\"valueRequired\":true,\"valueName\":\"search_term_string\"}}],\"inLanguage\":\"en-GB\"},{\"@type\":\"Organization\",\"@id\":\"https:\\\/\\\/migrapixel.pt\\\/#organization\",\"name\":\"MigraPixel\",\"url\":\"https:\\\/\\\/migrapixel.pt\\\/\",\"logo\":{\"@type\":\"ImageObject\",\"inLanguage\":\"en-GB\",\"@id\":\"https:\\\/\\\/migrapixel.pt\\\/#\\\/schema\\\/logo\\\/image\\\/\",\"url\":\"https:\\\/\\\/migrapixel.pt\\\/wp-content\\\/uploads\\\/2022\\\/11\\\/Ativo-1-scaled-1.webp\",\"contentUrl\":\"https:\\\/\\\/migrapixel.pt\\\/wp-content\\\/uploads\\\/2022\\\/11\\\/Ativo-1-scaled-1.webp\",\"width\":2560,\"height\":555,\"caption\":\"MigraPixel\"},\"image\":{\"@id\":\"https:\\\/\\\/migrapixel.pt\\\/#\\\/schema\\\/logo\\\/image\\\/\"},\"sameAs\":[\"https:\\\/\\\/www.facebook.com\\\/migrapixel\",\"https:\\\/\\\/www.instagram.com\\\/migrapixel\\\/\"]}]}<\/script>\n<!-- \/ Yoast SEO plugin. -->","yoast_head_json":{"title":"NOVO TESTE - MigraPixel","robots":{"index":"noindex","follow":"nofollow"},"og_locale":"en_GB","og_type":"article","og_title":"NOVO TESTE - MigraPixel","og_description":"Slide One next Slide Twojjjcenas gchgv hvhgvbgfh. hgfhg next Slide Three next NATHAN.TOKYO","og_url":"https:\/\/migrapixel.pt\/en\/novo-teste\/","og_site_name":"MigraPixel","article_publisher":"https:\/\/www.facebook.com\/migrapixel","article_modified_time":"2024-01-11T23:20:19+00:00","og_image":[{"width":2560,"height":555,"url":"https:\/\/migrapixel.pt\/wp-content\/uploads\/2022\/11\/Ativo-1-scaled-1.webp","type":"image\/webp"}],"twitter_card":"summary_large_image","twitter_misc":{"Estimated reading time":"1 minute"},"schema":{"@context":"https:\/\/schema.org","@graph":[{"@type":"WebPage","@id":"https:\/\/migrapixel.pt\/novo-teste\/","url":"https:\/\/migrapixel.pt\/novo-teste\/","name":"NOVO TESTE - MigraPixel","isPartOf":{"@id":"https:\/\/migrapixel.pt\/#website"},"datePublished":"2024-01-11T23:16:11+00:00","dateModified":"2024-01-11T23:20:19+00:00","breadcrumb":{"@id":"https:\/\/migrapixel.pt\/novo-teste\/#breadcrumb"},"inLanguage":"en-GB","potentialAction":[{"@type":"ReadAction","target":["https:\/\/migrapixel.pt\/novo-teste\/"]}]},{"@type":"BreadcrumbList","@id":"https:\/\/migrapixel.pt\/novo-teste\/#breadcrumb","itemListElement":[{"@type":"ListItem","position":1,"name":"In\u00edcio","item":"https:\/\/migrapixel.pt\/"},{"@type":"ListItem","position":2,"name":"NOVO TESTE"}]},{"@type":"WebSite","@id":"https:\/\/migrapixel.pt\/#website","url":"https:\/\/migrapixel.pt\/","name":"MigraPixel","description":"MigraPixel |Programa\u00e7\u00e3o |Conte\u00fados Digitais | Alojamento Web | DG","publisher":{"@id":"https:\/\/migrapixel.pt\/#organization"},"potentialAction":[{"@type":"SearchAction","target":{"@type":"EntryPoint","urlTemplate":"https:\/\/migrapixel.pt\/?s={search_term_string}"},"query-input":{"@type":"PropertyValueSpecification","valueRequired":true,"valueName":"search_term_string"}}],"inLanguage":"en-GB"},{"@type":"Organization","@id":"https:\/\/migrapixel.pt\/#organization","name":"MigraPixel","url":"https:\/\/migrapixel.pt\/","logo":{"@type":"ImageObject","inLanguage":"en-GB","@id":"https:\/\/migrapixel.pt\/#\/schema\/logo\/image\/","url":"https:\/\/migrapixel.pt\/wp-content\/uploads\/2022\/11\/Ativo-1-scaled-1.webp","contentUrl":"https:\/\/migrapixel.pt\/wp-content\/uploads\/2022\/11\/Ativo-1-scaled-1.webp","width":2560,"height":555,"caption":"MigraPixel"},"image":{"@id":"https:\/\/migrapixel.pt\/#\/schema\/logo\/image\/"},"sameAs":["https:\/\/www.facebook.com\/migrapixel","https:\/\/www.instagram.com\/migrapixel\/"]}]}},"_links":{"self":[{"href":"https:\/\/migrapixel.pt\/en\/wp-json\/wp\/v2\/pages\/11722","targetHints":{"allow":["GET"]}}],"collection":[{"href":"https:\/\/migrapixel.pt\/en\/wp-json\/wp\/v2\/pages"}],"about":[{"href":"https:\/\/migrapixel.pt\/en\/wp-json\/wp\/v2\/types\/page"}],"author":[{"embeddable":true,"href":"https:\/\/migrapixel.pt\/en\/wp-json\/wp\/v2\/users\/1"}],"replies":[{"embeddable":true,"href":"https:\/\/migrapixel.pt\/en\/wp-json\/wp\/v2\/comments?post=11722"}],"version-history":[{"count":7,"href":"https:\/\/migrapixel.pt\/en\/wp-json\/wp\/v2\/pages\/11722\/revisions"}],"predecessor-version":[{"id":11731,"href":"https:\/\/migrapixel.pt\/en\/wp-json\/wp\/v2\/pages\/11722\/revisions\/11731"}],"wp:attachment":[{"href":"https:\/\/migrapixel.pt\/en\/wp-json\/wp\/v2\/media?parent=11722"}],"curies":[{"name":"wp","href":"https:\/\/api.w.org\/{rel}","templated":true}]}}