{"id":57,"date":"2022-11-09T10:15:52","date_gmt":"2022-11-09T10:15:52","guid":{"rendered":"https:\/\/migrapixel.pt\/?page_id=57"},"modified":"2022-11-25T08:36:52","modified_gmt":"2022-11-25T08:36:52","slug":"manutencao","status":"publish","type":"page","link":"https:\/\/migrapixel.pt\/en\/manutencao\/","title":{"rendered":"manutencao"},"content":{"rendered":"\t\t<div data-elementor-type=\"wp-page\" data-elementor-id=\"57\" class=\"elementor elementor-57\">\n\t\t\t\t\t\t<section class=\"elementor-section elementor-top-section elementor-element elementor-element-50f69273 elementor-section-height-full elementor-section-items-stretch elementor-section-content-middle elementor-section-boxed elementor-section-height-default\" data-id=\"50f69273\" data-element_type=\"section\" data-e-type=\"section\" id=\"maint_mother_section\" data-settings=\"{&quot;background_background&quot;:&quot;classic&quot;}\">\n\t\t\t\t\t\t\t<div class=\"elementor-background-overlay\"><\/div>\n\t\t\t\t\t\t\t<div class=\"elementor-container elementor-column-gap-no\">\n\t\t\t\t\t<div class=\"elementor-column elementor-col-50 elementor-top-column elementor-element elementor-element-2617e654\" data-id=\"2617e654\" data-element_type=\"column\" data-e-type=\"column\" id=\"maint_left_sec\" data-settings=\"{&quot;background_background&quot;:&quot;classic&quot;}\">\n\t\t\t<div class=\"elementor-widget-wrap elementor-element-populated\">\n\t\t\t\t\t<div class=\"elementor-background-overlay\"><\/div>\n\t\t\t\t\t\t<div class=\"elementor-element elementor-element-40fbde8d elementor-widget elementor-widget-image\" data-id=\"40fbde8d\" data-element_type=\"widget\" data-e-type=\"widget\" id=\"logo_migrap\" data-widget_type=\"image.default\">\n\t\t\t\t<div class=\"elementor-widget-container\">\n\t\t\t\t\t\t\t\t\t\t\t\t\t\t\t<img fetchpriority=\"high\" decoding=\"async\" width=\"768\" height=\"167\" src=\"https:\/\/migrapixel.pt\/wp-content\/uploads\/2022\/11\/Ativo-1-e1666214305324-768x167.png\" class=\"attachment-medium_large size-medium_large wp-image-59\" alt=\"migrapixel-color-logotipo\" srcset=\"https:\/\/migrapixel.pt\/wp-content\/uploads\/2022\/11\/Ativo-1-e1666214305324-768x167.png 768w, https:\/\/migrapixel.pt\/wp-content\/uploads\/2022\/11\/Ativo-1-e1666214305324-600x130.png 600w, https:\/\/migrapixel.pt\/wp-content\/uploads\/2022\/11\/Ativo-1-e1666214305324-300x65.png 300w, https:\/\/migrapixel.pt\/wp-content\/uploads\/2022\/11\/Ativo-1-e1666214305324-18x4.png 18w, https:\/\/migrapixel.pt\/wp-content\/uploads\/2022\/11\/Ativo-1-e1666214305324.png 922w\" sizes=\"(max-width: 768px) 100vw, 768px\" \/>\t\t\t\t\t\t\t\t\t\t\t\t\t\t\t<\/div>\n\t\t\t\t<\/div>\n\t\t\t\t<div class=\"elementor-element elementor-element-23b3a82a elementor-widget elementor-widget-text-editor\" data-id=\"23b3a82a\" data-element_type=\"widget\" data-e-type=\"widget\" id=\"maint_page_left_section\" data-widget_type=\"text-editor.default\">\n\t\t\t\t<div class=\"elementor-widget-container\">\n\t\t\t\t\t\t\t\t\t<h1>P\u00c1GINA EM MANUTEN\u00c7\u00c3O<\/h1>\n<div class=\"content_area\">\n\n<p>Aproveitamos este momento para agradecer a si e a todos os nossos clientes, pois foi gra\u00e7as a voc\u00eas que decidimos melhorar os nossos servi\u00e7os e conte\u00fados.<\/p>\n\n<p>Pedimos tamb\u00e9m desculpa por qualquer transtorno, mas com j\u00e1 foi dito, esta p\u00e1gina encontra-se em manuten\u00e7\u00e3o de maneira a aprimorar o seu conte\u00fado para que seja mais f\u00e1cil, para si, compreender os benef\u00edcios dos nossos servi\u00e7os.<\/p>\n\n<p>De momento, pedimos que aguarde e que nos contacte pelos meios dispon\u00edveis.<\/p>\n\n<\/div>\n<div class=\"regards_section\">\n<blockquote><cite>Em nome de toda a equipa da MigraPixel, obrigado a voc\u00eas e um at\u00e9 j\u00e1!<\/cite>\n<div style=\"font-size: 12px; text-align: right;\">\n\nRafael Alves\n(MigraPixel CEO)\n\n<\/div><\/blockquote>\n<\/div>\n<section class=\"botoes_section\"><a class=\"button_migra_style\" href=\"contacts\" target=\"_self\" rel=\"canonical noopener\">\nContactos<\/a><a class=\"migra_link_style_white\" href=\"migrapixel_v2\" target=\"_self\" rel=\"canonical noopener\">Rever todos os nossos servi\u00e7os<\/a><\/section>\t\t\t\t\t\t\t\t<\/div>\n\t\t\t\t<\/div>\n\t\t\t\t<div class=\"elementor-element elementor-element-13ff344 elementor-widget elementor-widget-html\" data-id=\"13ff344\" data-element_type=\"widget\" data-e-type=\"widget\" data-widget_type=\"html.default\">\n\t\t\t\t<div class=\"elementor-widget-container\">\n\t\t\t\t\t<style>\n\n#maint_page_left_section {\n    margin-top:0px;\n}\n#maint_page_left_section h1,p{\n    color:#ffffff!important;\n}\n#maint_page_left_section h1{\n    font-size: 38px;  \n    font-weight: 500;\n    letter-spacing:2px;\n    text-align: center;\n}\n#maint_page_left_section p{\n    font-weight: 300;\n}\n#maint_page_left_section .regards_section{\n    margin-top:60px;\n    color:#ffffff;\n}\n#maint_page_left_section .botoes_section{\n    text-align: center;\n    margin:50px 0px 50px 0px;\n}\n#newsletter_form{\n    margin:4% 40px 0px 40px;\n}\n#maint_page_left_section .migra_link_style_white{\n        display: inline-block;\n        position: relative;\n        color: #ffffff;\n        font-size: 16px;\n        margin-left: 100px\n    }\n    \n#maint_page_left_section .migra_link_style_white:after {\n        content: '';\n        position: absolute;\n        width: 100%;\n        transform: scaleX(1);\n        height: 2px;\n        bottom: 0;\n        left: 0;\n        background-color: #ffffff;\n        transform-origin: bottom right;\n        transition: transform 0.25s ease-out;\n    }\n\n#maint_page_left_section .migra_link_style_white:hover:after {\n        transform: scaleX(0);\n        transform-origin: bottom right;\n}\n#maint_page_left_section .button_migra_style {\n    letter-spacing: normal;\n    text-transform: none;\n    padding: 12px 20px;\n    text-align: center;\n    font-family: \"Roboto\",sans-serif;\n    font-size: 14px;\n    font-weight: 300;\n    margin: 4px 10px;\n    transition-duration: .4s;\n    cursor: pointer;\n    background-color: #0370ba!important;\n    color: #fff!important;\n    border-radius: 8px!important;\n    border: 0px;\n}\n.maintenace_contact_form_buttom{\n    background-color: #0370ba!important;\n    color: #ffffff!important;\n    border-radius: 10px!important;\n    border:0px!important;\n}\n.maintenace_contact_form_input{\n    border-radius: 7px;\n}\n#tex_field_newsletters{\n    font-size: 14px;\n    font-weight: 300;\n}\n#maintenance_page_newsletters_form{\n    margin:10px;\n}\n\/*formata\u00e7~\u00f5es do form de contact*\/\n.sib_signup_form{\n    margin-left:20px;\n}\n.sib-email-area, .sib-NOME-area {\n    border-radius: 6px;\n    border: 0px;\n    height: 22px;\n    width: 70%;\n    font-family: 'Roboto';\n    font-weight: 300;\n    font-size: 14px;\n    margin-left: 10px\n}\n.sib-email-area input{\n    margin-left: 10px!important;\n}\n.sib-NOME-area input{\n    margin-left: 10px!important;\n}\n.sib-default-btn{\n    font-size: 14px;\n    \/*padding: 10px 16px 10px 16px;*\/\n    padding: 14px 24px 14px 24px;\n    background-color: #0370b9;\n    border: 0px;\n    border-radius: 6px;\n    color: #ffffff;\n    font-weight: 300!important;\n}\n#terms_check{\nmargin-top: 5px;\nmargin-bottom: 5px;\n}\n#terms_check a{\n    color:#ffffff!important;\n    font-size: 12px;\n}\n#terms_check .firs_part_trms{\n    color:#ffffff!important;\n    font-size: 12px;\n}\n\/*fim formatacoes do form contact*\/\n@media only screen and (min-width: 320px) and (max-width: 687px){\n#maint_page_left_section {\n    margin-top:0px;\n}\n#maint_page_left_section h1{\n    font-size: 28px;\n}\n#maint_page_left_section p{\n    font-weight: 300;\n    font-size: 14px;\n}\n#maint_page_left_section .regards_section{\n    color:#ffffff;\n    font-size: 16px;\n    margin-top:10px;\n    margin-bottom: 20px;\n}\n#maint_page_left_section .botoes_section{\n    display: flex;\n    justify-content:space-between;\n    line-height: 18px;\n    flex-grow: 4;\n    align-items: baseline;\n    margin:0px 0px 0px 0px!important;\n}\n#maint_page_left_section .migra_link_style_white {\n    margin-left: 20px;\n}\n#sib_captcha {\nmargin-left:20px;\n}\n#sib_captcha iframe{\n    scale:0.8!important;\n    margin-left: -30px;\n}\n.sib-email-area, .sib-NOME-area {\n    width: 70%;\n}\n}\n\n@media only screen and (min-width: 310px) and (max-width: 320px){\n.sib-email-area, .sib-NOME-area {\n    width: 60%;\n}\n}\n@media only screen and (min-width: 688px) and (max-width: 800px){\n    #maint_left_sec{\n        width: 65%;\n        height: 100%;\n    }\n#maint_page_left_section {\n    margin-top:0px;\n}\n#maint_page_left_section h1{\n    font-size: 28px;\n}\n#maint_page_left_section p{\n    font-weight: 300;\n    font-size: 14px;\n}\n#maint_page_left_section .regards_section{\n    margin-top:100px!important;\n    color:#ffffff;\n    font-size: 14px;\n}\n#maint_page_left_section .botoes_section{\n    display: flex;\n    justify-content:space-between;\n    line-height: 18px;\n    flex-grow: 4;\n    align-items: baseline;\n}\n#maint_page_left_section .migra_link_style_white {\n    margin-left: 35px;\n}\n#newsletter_form{\n    margin:4% 20px 30px 20px;\n}\n}\n@media only screen and (min-width: 786px) and (max-width: 1031px){\n    #maint_mother_section{\n        height: 900px;\n    }\n    #maint_left_sec{\n        width: 70%;\n        height: 100%;\n    }\n}\n@media only screen and (min-width: 787px) and (max-width: 900px){\n    #maint_mother_section{\n        height: 1300px;\n    }\n    #maint_left_sec{\n        width: 70%;\n        height: 100%;\n    }\n    #maint_left_sec .elementor-widget-wrap.elementor-element-populated {\n    align-content: start;\n    }\n    #logo_migrap{\n        margin-top:80px;\n    }\n}\n@media only screen and (width: 688px){\n.sib-email-area, .sib-NOME-area {\n    width: 67%!important;\n}\n}\n@media only screen and (min-width: 688px) and (max-width: 767px){\n    #maint_mother_section{\n    height: 1031px;\n    }\n    #maint_left_sec{\n        width: 70%;\n        height: 1031px;\n    }\n}\n@media only screen and (min-width: 680px) and (max-width: 1024px){\n    #maint_left_sec {\n        width: 50%!important;\n    }\n    #maint_right_sec{\n        width: 50%!important;\n    }\n    #maint_right_sec .elementor-widget-shortcode{\n        margin-top: 450px!important;\n    }\n    #sib_captcha {\n        margin-left:20px;\n    }\n    #sib_captcha iframe{\n        scale:0.8!important;\n        margin-left: -30px;\n    }\n    .sib-email-area, .sib-NOME-area {\n        width: 70%;\n    }\n}\n\n@media only screen and (min-width: 1000px) and (max-width: 1024px){\n    #maint_mother_section{\n    height: 1440px;\n    }\n    #maint_left_sec{\n        width: 70%;\n        height: 1440px;\n    }\n}\n\n\n\n\n\n\n\n\n\n@media only screen and (min-width: 1024px) and (max-width: 2048px){\n    #maint_right_sec .elementor-widget-shortcode{\n        margin-top: 450px!important;\n    }\n    #sib_captcha {\n    margin-left:20px;\n    }\n    #sib_captcha iframe{\n        scale:0.8!important;\n        margin-left: -30px;\n    }\n    .sib-email-area, .sib-NOME-area {\n        width: 80%;\n    }\n}\n\n\n\n\n\n\n\n\n\n@media only screen and (min-width: 800px) and (max-width:900px) and (orientation:landscape){\n#maint_page_left_section .migra_link_style_white {\n    margin-left: 15px;\n}\n}\n\n@media only screen and (width: 1031px) and (orientation:landscape){\n    .sib-email-area, .sib-NOME-area {\n    width: 78%;\n}\n}\n\n\n@media only screen and (min-width: 736px) and (max-width: 900px) and (orientation:landscape){\n    #maint_left_sec .elementor-widget-wrap.elementor-element-populated {\n    align-content: start;\n    }\n    #logo_migrap{\n        margin-top:80px;\n    }\n    #maint_page_left_section .migra_link_style_white {\n    margin-left: 0px;\n}\n}\n\n<\/style>\t\t\t\t<\/div>\n\t\t\t\t<\/div>\n\t\t\t\t\t<\/div>\n\t\t<\/div>\n\t\t\t\t<div class=\"elementor-column elementor-col-50 elementor-top-column elementor-element elementor-element-16722039\" data-id=\"16722039\" data-element_type=\"column\" data-e-type=\"column\" id=\"maint_right_sec\" data-settings=\"{&quot;background_background&quot;:&quot;classic&quot;}\">\n\t\t\t<div class=\"elementor-widget-wrap elementor-element-populated\">\n\t\t\t\t\t<div class=\"elementor-background-overlay\"><\/div>\n\t\t\t\t\t\t<div class=\"elementor-element elementor-element-56165844 elementor-widget elementor-widget-shortcode\" data-id=\"56165844\" data-element_type=\"widget\" data-e-type=\"widget\" data-widget_type=\"shortcode.default\">\n\t\t\t\t<div class=\"elementor-widget-container\">\n\t\t\t\t\t\t\t<div class=\"elementor-shortcode\">\t\t\t\t\t<script type=\"text\/javascript\">\n\t\t\t\t\t\tvar gCaptchaSibWidget;\n                        var onloadSibCallbackInvisible = function () {\n\n                            var element = document.getElementsByClassName('sib-default-btn');\n                            var countInvisible = 0;\n                            var indexArray = [];\n                            jQuery('.sib-default-btn').each(function (index, el) {\n                                if ((jQuery(el).attr('id') == \"invisible\")) {\n                                    indexArray[countInvisible] = index;\n                                    countInvisible++\n                                }\n                            });\n\n                            jQuery('.invi-recaptcha').each(function (index, el) {\n                                grecaptcha.render(element[indexArray[index]], {\n                                    'sitekey': jQuery(el).attr('data-sitekey'),\n                                    'callback': sibVerifyCallback,\n                                });\n                            });\n                        };\n\t\t\t\t\t<\/script>\n\t\t\t\t\t                <script src=\"https:\/\/www.google.com\/recaptcha\/api.js?onload=onloadSibCallbackInvisible&render=explicit\" async defer><\/script>\n\t\t\t\t\n\t\t\t<form id=\"sib_signup_form_3\" method=\"post\" class=\"sib_signup_form\">\n\t\t\t\t<div class=\"sib_loader\" style=\"display:none;\"><img\n\t\t\t\t\t\t\tsrc=\"https:\/\/migrapixel.pt\/wp-includes\/images\/spinner.gif\" alt=\"loader\"><\/div>\n\t\t\t\t<input type=\"hidden\" name=\"sib_form_action\" value=\"subscribe_form_submit\">\n\t\t\t\t<input type=\"hidden\" name=\"sib_form_id\" value=\"3\">\n                <input type=\"hidden\" name=\"sib_form_alert_notice\" value=\"Campo em falta.\">\n                <input type=\"hidden\" name=\"sib_form_invalid_email_notice\" value=\"Endere\u00e7o de Email inv\u00e1lido.\">\n                <input type=\"hidden\" name=\"sib_security\" value=\"2a1b805b56\">\n\t\t\t\t<div class=\"sib_signup_box_inside_3\">\n\t\t\t\t\t<div style=\"\/*display:none*\/\" class=\"sib_msg_disp\">\n\t\t\t\t\t<\/div>\n                                            <div id=\"sib_captcha_invisible\" class=\"invi-recaptcha\" data-sitekey=\"6LeY8PUiAAAAACfiv2xDCSd7j8-xlVHdN_X7kEYf\"><\/div>\n                    \t\t\t\t\t<div id=\"maintenance_page_newsletters_form\">\r\n<p id=\"tex_field_newsletters\">Registe-se, no formul\u00e1rio a baixo, e seja notificado quando o novo conte\u00fado estiver dispon\u00edvel, al\u00e9m de ficar a par das nossas campanhas e eventos.<\/p>\r\n\r\n<p class=\"sib-NOME-area\"> \r\n    <label for=\"NOME\" class=\"sib-NOME-area\">Nome \r\n    <input type=\"text\" class=\"sib-NOME-area\" name=\"NOME\"> \r\n<\/label>\r\n<\/p>\r\n\r\n<p class=\"sib-email-area\"> \r\n    <label for=\"mail\" class=\"sib-email-area\">Email*\r\n    <input type=\"email\" class=\"sib-email-area\" name=\"email\" placeholder=\"\" value=\"\" required=\"required\"> \r\n<\/label> \r\n<\/p>\r\n\r\n\r\n<div id=\"terms_check\">\r\n<label for=\"terms\">\r\n<input type=\"checkbox\" name=\"terms\" required=\"required\" class=\"main_terms\">Li e aceito os <a href=\"https:\/\/migrapixel.pt\/privacy_terms\">Termos de Privacidade<\/a> <\/label>\r\n<\/div>\r\n    <input type=\"submit\" id=\"invisible\" class=\"sib-default-btn\" value=\"Registar\">\r\n\r\n<\/div>\t\t\t\t<\/div>\n\t\t\t<\/form>\n\t\t\t<style>\n\t\t\t\tform#sib_signup_form_3 p.sib-alert-message {\n    padding: 6px 12px;\n    margin-bottom: 20px;\n    border: 1px solid transparent;\n    border-radius: 4px;\n    -webkit-box-sizing: border-box;\n    -moz-box-sizing: border-box;\n    box-sizing: border-box;\n}\nform#sib_signup_form_3 p.sib-alert-message-error {\n    background-color: #f2dede;\n    border-color: #ebccd1;\n    color: #a94442;\n}\nform#sib_signup_form_3 p.sib-alert-message-success {\n    background-color: #dff0d8;\n    border-color: #d6e9c6;\n    color: #3c763d;\n}\nform#sib_signup_form_3 p.sib-alert-message-warning {\n    background-color: #fcf8e3;\n    border-color: #faebcc;\n    color: #8a6d3b;\n}\n\t\t\t<\/style>\n\t\t\t<\/div>\n\t\t\t\t\t\t<\/div>\n\t\t\t\t<\/div>\n\t\t\t\t\t<\/div>\n\t\t<\/div>\n\t\t\t\t\t<\/div>\n\t\t<\/section>\n\t\t\t\t<\/div>\n\t\t","protected":false},"excerpt":{"rendered":"<p>P\u00c1GINA EM MANUTEN\u00c7\u00c3O Aproveitamos este momento para agradecer a si e a todos os nossos clientes, pois foi gra\u00e7as a voc\u00eas que decidimos melhorar os nossos servi\u00e7os e conte\u00fados. Pedimos tamb\u00e9m desculpa por qualquer transtorno, mas com j\u00e1 foi dito, esta p\u00e1gina encontra-se em manuten\u00e7\u00e3o de maneira a aprimorar o seu conte\u00fado para que seja [&hellip;]<\/p>\n","protected":false},"author":1,"featured_media":0,"parent":0,"menu_order":0,"comment_status":"closed","ping_status":"closed","template":"blank","meta":{"footnotes":""},"class_list":["post-57","page","type-page","status-publish","hentry"],"yoast_head":"<!-- This site is optimized with the Yoast SEO plugin v27.4 - https:\/\/yoast.com\/product\/yoast-seo-wordpress\/ -->\n<title>manutencao - MigraPixel<\/title>\n<meta name=\"description\" content=\"Informa o utilizador que a p\u00e1gina em quest\u00e3o encontra-se em manuten\u00e7\u00e3o\/revis\u00e3o, para melhorar o conte\u00fado anteriormente existente.\" \/>\n<meta name=\"robots\" content=\"noindex, nofollow\" \/>\n<meta property=\"og:locale\" content=\"en_GB\" \/>\n<meta property=\"og:type\" content=\"article\" \/>\n<meta property=\"og:title\" content=\"manutencao - MigraPixel\" \/>\n<meta property=\"og:description\" content=\"Informa o utilizador que a p\u00e1gina em quest\u00e3o encontra-se em manuten\u00e7\u00e3o\/revis\u00e3o, para melhorar o conte\u00fado anteriormente existente.\" \/>\n<meta property=\"og:url\" content=\"https:\/\/migrapixel.pt\/en\/manutencao\/\" \/>\n<meta property=\"og:site_name\" content=\"MigraPixel\" \/>\n<meta property=\"article:publisher\" content=\"https:\/\/www.facebook.com\/migrapixel\" \/>\n<meta property=\"article:modified_time\" content=\"2022-11-25T08:36:52+00:00\" \/>\n<meta property=\"og:image\" content=\"https:\/\/migrapixel.pt\/wp-content\/uploads\/2022\/11\/Ativo-1-e1666214305324-768x167.png\" \/>\n<meta name=\"twitter:card\" content=\"summary_large_image\" \/>\n<meta name=\"twitter:label1\" content=\"Estimated reading time\" \/>\n\t<meta name=\"twitter:data1\" content=\"5 minutes\" \/>\n<script type=\"application\/ld+json\" class=\"yoast-schema-graph\">{\"@context\":\"https:\\\/\\\/schema.org\",\"@graph\":[{\"@type\":\"WebPage\",\"@id\":\"https:\\\/\\\/migrapixel.pt\\\/manutencao\\\/\",\"url\":\"https:\\\/\\\/migrapixel.pt\\\/manutencao\\\/\",\"name\":\"manutencao - MigraPixel\",\"isPartOf\":{\"@id\":\"https:\\\/\\\/migrapixel.pt\\\/#website\"},\"primaryImageOfPage\":{\"@id\":\"https:\\\/\\\/migrapixel.pt\\\/manutencao\\\/#primaryimage\"},\"image\":{\"@id\":\"https:\\\/\\\/migrapixel.pt\\\/manutencao\\\/#primaryimage\"},\"thumbnailUrl\":\"https:\\\/\\\/migrapixel.pt\\\/wp-content\\\/uploads\\\/2022\\\/11\\\/Ativo-1-e1666214305324-768x167.png\",\"datePublished\":\"2022-11-09T10:15:52+00:00\",\"dateModified\":\"2022-11-25T08:36:52+00:00\",\"description\":\"Informa o utilizador que a p\u00e1gina em quest\u00e3o encontra-se em manuten\u00e7\u00e3o\\\/revis\u00e3o, para melhorar o conte\u00fado anteriormente existente.\",\"breadcrumb\":{\"@id\":\"https:\\\/\\\/migrapixel.pt\\\/manutencao\\\/#breadcrumb\"},\"inLanguage\":\"en-GB\",\"potentialAction\":[{\"@type\":\"ReadAction\",\"target\":[\"https:\\\/\\\/migrapixel.pt\\\/manutencao\\\/\"]}]},{\"@type\":\"ImageObject\",\"inLanguage\":\"en-GB\",\"@id\":\"https:\\\/\\\/migrapixel.pt\\\/manutencao\\\/#primaryimage\",\"url\":\"https:\\\/\\\/migrapixel.pt\\\/wp-content\\\/uploads\\\/2022\\\/11\\\/Ativo-1-e1666214305324-768x167.png\",\"contentUrl\":\"https:\\\/\\\/migrapixel.pt\\\/wp-content\\\/uploads\\\/2022\\\/11\\\/Ativo-1-e1666214305324-768x167.png\"},{\"@type\":\"BreadcrumbList\",\"@id\":\"https:\\\/\\\/migrapixel.pt\\\/manutencao\\\/#breadcrumb\",\"itemListElement\":[{\"@type\":\"ListItem\",\"position\":1,\"name\":\"In\u00edcio\",\"item\":\"https:\\\/\\\/migrapixel.pt\\\/\"},{\"@type\":\"ListItem\",\"position\":2,\"name\":\"manutencao\"}]},{\"@type\":\"WebSite\",\"@id\":\"https:\\\/\\\/migrapixel.pt\\\/#website\",\"url\":\"https:\\\/\\\/migrapixel.pt\\\/\",\"name\":\"MigraPixel\",\"description\":\"MigraPixel |Programa\u00e7\u00e3o |Conte\u00fados Digitais | Alojamento Web | DG\",\"publisher\":{\"@id\":\"https:\\\/\\\/migrapixel.pt\\\/#organization\"},\"potentialAction\":[{\"@type\":\"SearchAction\",\"target\":{\"@type\":\"EntryPoint\",\"urlTemplate\":\"https:\\\/\\\/migrapixel.pt\\\/?s={search_term_string}\"},\"query-input\":{\"@type\":\"PropertyValueSpecification\",\"valueRequired\":true,\"valueName\":\"search_term_string\"}}],\"inLanguage\":\"en-GB\"},{\"@type\":\"Organization\",\"@id\":\"https:\\\/\\\/migrapixel.pt\\\/#organization\",\"name\":\"MigraPixel\",\"url\":\"https:\\\/\\\/migrapixel.pt\\\/\",\"logo\":{\"@type\":\"ImageObject\",\"inLanguage\":\"en-GB\",\"@id\":\"https:\\\/\\\/migrapixel.pt\\\/#\\\/schema\\\/logo\\\/image\\\/\",\"url\":\"https:\\\/\\\/migrapixel.pt\\\/wp-content\\\/uploads\\\/2022\\\/11\\\/Ativo-1-scaled-1.webp\",\"contentUrl\":\"https:\\\/\\\/migrapixel.pt\\\/wp-content\\\/uploads\\\/2022\\\/11\\\/Ativo-1-scaled-1.webp\",\"width\":2560,\"height\":555,\"caption\":\"MigraPixel\"},\"image\":{\"@id\":\"https:\\\/\\\/migrapixel.pt\\\/#\\\/schema\\\/logo\\\/image\\\/\"},\"sameAs\":[\"https:\\\/\\\/www.facebook.com\\\/migrapixel\",\"https:\\\/\\\/www.instagram.com\\\/migrapixel\\\/\"]}]}<\/script>\n<!-- \/ Yoast SEO plugin. -->","yoast_head_json":{"title":"manutencao - MigraPixel","description":"Informa o utilizador que a p\u00e1gina em quest\u00e3o encontra-se em manuten\u00e7\u00e3o\/revis\u00e3o, para melhorar o conte\u00fado anteriormente existente.","robots":{"index":"noindex","follow":"nofollow"},"og_locale":"en_GB","og_type":"article","og_title":"manutencao - MigraPixel","og_description":"Informa o utilizador que a p\u00e1gina em quest\u00e3o encontra-se em manuten\u00e7\u00e3o\/revis\u00e3o, para melhorar o conte\u00fado anteriormente existente.","og_url":"https:\/\/migrapixel.pt\/en\/manutencao\/","og_site_name":"MigraPixel","article_publisher":"https:\/\/www.facebook.com\/migrapixel","article_modified_time":"2022-11-25T08:36:52+00:00","og_image":[{"url":"https:\/\/migrapixel.pt\/wp-content\/uploads\/2022\/11\/Ativo-1-e1666214305324-768x167.png","type":"","width":"","height":""}],"twitter_card":"summary_large_image","twitter_misc":{"Estimated reading time":"5 minutes"},"schema":{"@context":"https:\/\/schema.org","@graph":[{"@type":"WebPage","@id":"https:\/\/migrapixel.pt\/manutencao\/","url":"https:\/\/migrapixel.pt\/manutencao\/","name":"manutencao - MigraPixel","isPartOf":{"@id":"https:\/\/migrapixel.pt\/#website"},"primaryImageOfPage":{"@id":"https:\/\/migrapixel.pt\/manutencao\/#primaryimage"},"image":{"@id":"https:\/\/migrapixel.pt\/manutencao\/#primaryimage"},"thumbnailUrl":"https:\/\/migrapixel.pt\/wp-content\/uploads\/2022\/11\/Ativo-1-e1666214305324-768x167.png","datePublished":"2022-11-09T10:15:52+00:00","dateModified":"2022-11-25T08:36:52+00:00","description":"Informa o utilizador que a p\u00e1gina em quest\u00e3o encontra-se em manuten\u00e7\u00e3o\/revis\u00e3o, para melhorar o conte\u00fado anteriormente existente.","breadcrumb":{"@id":"https:\/\/migrapixel.pt\/manutencao\/#breadcrumb"},"inLanguage":"en-GB","potentialAction":[{"@type":"ReadAction","target":["https:\/\/migrapixel.pt\/manutencao\/"]}]},{"@type":"ImageObject","inLanguage":"en-GB","@id":"https:\/\/migrapixel.pt\/manutencao\/#primaryimage","url":"https:\/\/migrapixel.pt\/wp-content\/uploads\/2022\/11\/Ativo-1-e1666214305324-768x167.png","contentUrl":"https:\/\/migrapixel.pt\/wp-content\/uploads\/2022\/11\/Ativo-1-e1666214305324-768x167.png"},{"@type":"BreadcrumbList","@id":"https:\/\/migrapixel.pt\/manutencao\/#breadcrumb","itemListElement":[{"@type":"ListItem","position":1,"name":"In\u00edcio","item":"https:\/\/migrapixel.pt\/"},{"@type":"ListItem","position":2,"name":"manutencao"}]},{"@type":"WebSite","@id":"https:\/\/migrapixel.pt\/#website","url":"https:\/\/migrapixel.pt\/","name":"MigraPixel","description":"MigraPixel |Programa\u00e7\u00e3o |Conte\u00fados Digitais | Alojamento Web | DG","publisher":{"@id":"https:\/\/migrapixel.pt\/#organization"},"potentialAction":[{"@type":"SearchAction","target":{"@type":"EntryPoint","urlTemplate":"https:\/\/migrapixel.pt\/?s={search_term_string}"},"query-input":{"@type":"PropertyValueSpecification","valueRequired":true,"valueName":"search_term_string"}}],"inLanguage":"en-GB"},{"@type":"Organization","@id":"https:\/\/migrapixel.pt\/#organization","name":"MigraPixel","url":"https:\/\/migrapixel.pt\/","logo":{"@type":"ImageObject","inLanguage":"en-GB","@id":"https:\/\/migrapixel.pt\/#\/schema\/logo\/image\/","url":"https:\/\/migrapixel.pt\/wp-content\/uploads\/2022\/11\/Ativo-1-scaled-1.webp","contentUrl":"https:\/\/migrapixel.pt\/wp-content\/uploads\/2022\/11\/Ativo-1-scaled-1.webp","width":2560,"height":555,"caption":"MigraPixel"},"image":{"@id":"https:\/\/migrapixel.pt\/#\/schema\/logo\/image\/"},"sameAs":["https:\/\/www.facebook.com\/migrapixel","https:\/\/www.instagram.com\/migrapixel\/"]}]}},"_links":{"self":[{"href":"https:\/\/migrapixel.pt\/en\/wp-json\/wp\/v2\/pages\/57","targetHints":{"allow":["GET"]}}],"collection":[{"href":"https:\/\/migrapixel.pt\/en\/wp-json\/wp\/v2\/pages"}],"about":[{"href":"https:\/\/migrapixel.pt\/en\/wp-json\/wp\/v2\/types\/page"}],"author":[{"embeddable":true,"href":"https:\/\/migrapixel.pt\/en\/wp-json\/wp\/v2\/users\/1"}],"replies":[{"embeddable":true,"href":"https:\/\/migrapixel.pt\/en\/wp-json\/wp\/v2\/comments?post=57"}],"version-history":[{"count":6,"href":"https:\/\/migrapixel.pt\/en\/wp-json\/wp\/v2\/pages\/57\/revisions"}],"predecessor-version":[{"id":689,"href":"https:\/\/migrapixel.pt\/en\/wp-json\/wp\/v2\/pages\/57\/revisions\/689"}],"wp:attachment":[{"href":"https:\/\/migrapixel.pt\/en\/wp-json\/wp\/v2\/media?parent=57"}],"curies":[{"name":"wp","href":"https:\/\/api.w.org\/{rel}","templated":true}]}}