{"id":612,"date":"2022-11-28T09:28:17","date_gmt":"2022-11-28T09:28:17","guid":{"rendered":"https:\/\/migrapixel.pt\/?page_id=612"},"modified":"2022-12-29T10:05:04","modified_gmt":"2022-12-29T10:05:04","slug":"hiring-page","status":"publish","type":"page","link":"https:\/\/migrapixel.pt\/en\/hiring-page\/","title":{"rendered":"hiring-page"},"content":{"rendered":"<div data-elementor-type=\"wp-page\" data-elementor-id=\"612\" class=\"elementor elementor-612\">\n\t\t\t\t\t\t<section class=\"elementor-section elementor-top-section elementor-element elementor-element-10f3239 elementor-section-boxed elementor-section-height-default elementor-section-height-default\" data-id=\"10f3239\" data-element_type=\"section\" data-e-type=\"section\">\n\t\t\t\t\t\t<div class=\"elementor-container elementor-column-gap-default\">\n\t\t\t\t\t<div class=\"elementor-column elementor-col-100 elementor-top-column elementor-element elementor-element-ba7eeac\" data-id=\"ba7eeac\" data-element_type=\"column\" data-e-type=\"column\">\n\t\t\t<div class=\"elementor-widget-wrap elementor-element-populated\">\n\t\t\t\t\t\t<div class=\"elementor-element elementor-element-342d41f elementor-widget elementor-widget-shortcode\" data-id=\"342d41f\" data-element_type=\"widget\" data-e-type=\"widget\" data-widget_type=\"shortcode.default\">\n\t\t\t\t<div class=\"elementor-widget-container\">\n\t\t\t\t\t\t\t<div class=\"elementor-shortcode\"><div class=\"sjb-page\">\r\n<!-- Start: Jobs Listing Wrapper -->\r\n\r\n\r\n<!-- Start Job Filters\r\n================================================== -->\r\n<div class=\"sjb-filters sjb-filters-v1\">\r\n        <form class=\"filters-form\" action=\"https:\/\/migrapixel.pt\/en\/hiring-page\/\" method=\"get\" data-trp-original-action=\"https:\/\/migrapixel.pt\/en\/hiring-page\/\">\r\n        <div class=\"row\">\r\n            \r\n    <!-- Keywords Search-->    \r\n    <div class=\"sjb-search-keywords col-md-10 col-xs-12\">\r\n        <div class=\"form-group\">\r\n                        <label class=\"sr-only\" for=\"keywords\">Keywords<\/label>\r\n            <input type=\"text\" class=\"form-control\" value=\"\" placeholder=\"Keywords\" id=\"keywords\" name=\"search_keywords\">\r\n        <\/div>\r\n    <\/div>\r\n    <div class=\"sjb-search-button col-md-3 col-xs-12\"><input class=\"btn-search btn btn-primary\" value=\"&#xf002;\" type=\"submit\"><\/div>        <\/div>\r\n    <input type=\"hidden\" name=\"trp-form-language\" value=\"en\"\/><\/form>\r\n<\/div>\r\n<!-- ==================================================\r\nEnd Job Filters -->\r\n\r\n\r\n<div class=\"sjb-listing\">\r\n        <!-- start Jobs Listing: List View -->\r\n    <div class=\"list-view\">\r\n        \r\n    <div class=\"no-job-listing\"><img decoding=\"async\" src=\"https:\/\/migrapixel.pt\/wp-content\/plugins\/simple-job-board\/public\/images\/not-found.png\" alt=\"No jobs found\" id=\"sjb-not-found-v1\"\/><p class=\"no-job-listing-text\">No jobs found<\/p><\/div>\r\n    <\/div> <!-- end Jobs Listing: List View -->\r\n<\/div>\r\n<!-- End: Jobs Listing -->\r\n\r\n<div class=\"clearfix\"><\/div>\r\n<\/div>\r\n<!-- End: Jobs Listing Wrapper -->\r\n\r\n <\/div>\n\t\t\t\t\t\t<\/div>\n\t\t\t\t<\/div>\n\t\t\t\t\t<\/div>\n\t\t<\/div>\n\t\t\t\t\t<\/div>\n\t\t<\/section>\n\t\t\t\t<\/div>","protected":false},"excerpt":{"rendered":"","protected":false},"author":1,"featured_media":0,"parent":0,"menu_order":0,"comment_status":"closed","ping_status":"closed","template":"elementor_canvas","meta":{"footnotes":""},"class_list":["post-612","page","type-page","status-publish","hentry"],"yoast_head":"<!-- This site is optimized with the Yoast SEO plugin v27.5 - https:\/\/yoast.com\/product\/yoast-seo-wordpress\/ -->\n<title>hiring-page - MigraPixel<\/title>\n<meta name=\"robots\" content=\"noindex, nofollow\" \/>\n<meta property=\"og:locale\" content=\"en_GB\" \/>\n<meta property=\"og:type\" content=\"article\" \/>\n<meta property=\"og:title\" content=\"hiring-page - MigraPixel\" \/>\n<meta property=\"og:url\" content=\"https:\/\/migrapixel.pt\/en\/hiring-page\/\" \/>\n<meta property=\"og:site_name\" content=\"MigraPixel\" \/>\n<meta property=\"article:publisher\" content=\"https:\/\/www.facebook.com\/migrapixel\" \/>\n<meta property=\"article:modified_time\" content=\"2022-12-29T10:05:04+00:00\" \/>\n<meta property=\"og:image\" content=\"https:\/\/migrapixel.pt\/wp-content\/uploads\/2022\/11\/Ativo-1-scaled-1.webp\" \/>\n\t<meta property=\"og:image:width\" content=\"2560\" \/>\n\t<meta property=\"og:image:height\" content=\"555\" \/>\n\t<meta property=\"og:image:type\" content=\"image\/webp\" \/>\n<meta name=\"twitter:card\" content=\"summary_large_image\" \/>\n<meta name=\"twitter:label1\" content=\"Estimated reading time\" \/>\n\t<meta name=\"twitter:data1\" content=\"1 minute\" \/>\n<script type=\"application\/ld+json\" class=\"yoast-schema-graph\">{\"@context\":\"https:\\\/\\\/schema.org\",\"@graph\":[{\"@type\":\"WebPage\",\"@id\":\"https:\\\/\\\/migrapixel.pt\\\/hiring-page\\\/\",\"url\":\"https:\\\/\\\/migrapixel.pt\\\/hiring-page\\\/\",\"name\":\"hiring-page - MigraPixel\",\"isPartOf\":{\"@id\":\"https:\\\/\\\/migrapixel.pt\\\/#website\"},\"datePublished\":\"2022-11-28T09:28:17+00:00\",\"dateModified\":\"2022-12-29T10:05:04+00:00\",\"breadcrumb\":{\"@id\":\"https:\\\/\\\/migrapixel.pt\\\/hiring-page\\\/#breadcrumb\"},\"inLanguage\":\"en-GB\",\"potentialAction\":[{\"@type\":\"ReadAction\",\"target\":[\"https:\\\/\\\/migrapixel.pt\\\/hiring-page\\\/\"]}]},{\"@type\":\"BreadcrumbList\",\"@id\":\"https:\\\/\\\/migrapixel.pt\\\/hiring-page\\\/#breadcrumb\",\"itemListElement\":[{\"@type\":\"ListItem\",\"position\":1,\"name\":\"In\u00edcio\",\"item\":\"https:\\\/\\\/migrapixel.pt\\\/\"},{\"@type\":\"ListItem\",\"position\":2,\"name\":\"hiring-page\"}]},{\"@type\":\"WebSite\",\"@id\":\"https:\\\/\\\/migrapixel.pt\\\/#website\",\"url\":\"https:\\\/\\\/migrapixel.pt\\\/\",\"name\":\"MigraPixel\",\"description\":\"MigraPixel |Programa\u00e7\u00e3o |Conte\u00fados Digitais | Alojamento Web | DG\",\"publisher\":{\"@id\":\"https:\\\/\\\/migrapixel.pt\\\/#organization\"},\"potentialAction\":[{\"@type\":\"SearchAction\",\"target\":{\"@type\":\"EntryPoint\",\"urlTemplate\":\"https:\\\/\\\/migrapixel.pt\\\/?s={search_term_string}\"},\"query-input\":{\"@type\":\"PropertyValueSpecification\",\"valueRequired\":true,\"valueName\":\"search_term_string\"}}],\"inLanguage\":\"en-GB\"},{\"@type\":\"Organization\",\"@id\":\"https:\\\/\\\/migrapixel.pt\\\/#organization\",\"name\":\"MigraPixel\",\"url\":\"https:\\\/\\\/migrapixel.pt\\\/\",\"logo\":{\"@type\":\"ImageObject\",\"inLanguage\":\"en-GB\",\"@id\":\"https:\\\/\\\/migrapixel.pt\\\/#\\\/schema\\\/logo\\\/image\\\/\",\"url\":\"https:\\\/\\\/migrapixel.pt\\\/wp-content\\\/uploads\\\/2022\\\/11\\\/Ativo-1-scaled-1.webp\",\"contentUrl\":\"https:\\\/\\\/migrapixel.pt\\\/wp-content\\\/uploads\\\/2022\\\/11\\\/Ativo-1-scaled-1.webp\",\"width\":2560,\"height\":555,\"caption\":\"MigraPixel\"},\"image\":{\"@id\":\"https:\\\/\\\/migrapixel.pt\\\/#\\\/schema\\\/logo\\\/image\\\/\"},\"sameAs\":[\"https:\\\/\\\/www.facebook.com\\\/migrapixel\",\"https:\\\/\\\/www.instagram.com\\\/migrapixel\\\/\"]}]}<\/script>\n<!-- \/ Yoast SEO plugin. -->","yoast_head_json":{"title":"hiring-page - MigraPixel","robots":{"index":"noindex","follow":"nofollow"},"og_locale":"en_GB","og_type":"article","og_title":"hiring-page - MigraPixel","og_url":"https:\/\/migrapixel.pt\/en\/hiring-page\/","og_site_name":"MigraPixel","article_publisher":"https:\/\/www.facebook.com\/migrapixel","article_modified_time":"2022-12-29T10:05:04+00:00","og_image":[{"width":2560,"height":555,"url":"https:\/\/migrapixel.pt\/wp-content\/uploads\/2022\/11\/Ativo-1-scaled-1.webp","type":"image\/webp"}],"twitter_card":"summary_large_image","twitter_misc":{"Estimated reading time":"1 minute"},"schema":{"@context":"https:\/\/schema.org","@graph":[{"@type":"WebPage","@id":"https:\/\/migrapixel.pt\/hiring-page\/","url":"https:\/\/migrapixel.pt\/hiring-page\/","name":"hiring-page - MigraPixel","isPartOf":{"@id":"https:\/\/migrapixel.pt\/#website"},"datePublished":"2022-11-28T09:28:17+00:00","dateModified":"2022-12-29T10:05:04+00:00","breadcrumb":{"@id":"https:\/\/migrapixel.pt\/hiring-page\/#breadcrumb"},"inLanguage":"en-GB","potentialAction":[{"@type":"ReadAction","target":["https:\/\/migrapixel.pt\/hiring-page\/"]}]},{"@type":"BreadcrumbList","@id":"https:\/\/migrapixel.pt\/hiring-page\/#breadcrumb","itemListElement":[{"@type":"ListItem","position":1,"name":"In\u00edcio","item":"https:\/\/migrapixel.pt\/"},{"@type":"ListItem","position":2,"name":"hiring-page"}]},{"@type":"WebSite","@id":"https:\/\/migrapixel.pt\/#website","url":"https:\/\/migrapixel.pt\/","name":"MigraPixel","description":"MigraPixel |Programa\u00e7\u00e3o |Conte\u00fados Digitais | Alojamento Web | DG","publisher":{"@id":"https:\/\/migrapixel.pt\/#organization"},"potentialAction":[{"@type":"SearchAction","target":{"@type":"EntryPoint","urlTemplate":"https:\/\/migrapixel.pt\/?s={search_term_string}"},"query-input":{"@type":"PropertyValueSpecification","valueRequired":true,"valueName":"search_term_string"}}],"inLanguage":"en-GB"},{"@type":"Organization","@id":"https:\/\/migrapixel.pt\/#organization","name":"MigraPixel","url":"https:\/\/migrapixel.pt\/","logo":{"@type":"ImageObject","inLanguage":"en-GB","@id":"https:\/\/migrapixel.pt\/#\/schema\/logo\/image\/","url":"https:\/\/migrapixel.pt\/wp-content\/uploads\/2022\/11\/Ativo-1-scaled-1.webp","contentUrl":"https:\/\/migrapixel.pt\/wp-content\/uploads\/2022\/11\/Ativo-1-scaled-1.webp","width":2560,"height":555,"caption":"MigraPixel"},"image":{"@id":"https:\/\/migrapixel.pt\/#\/schema\/logo\/image\/"},"sameAs":["https:\/\/www.facebook.com\/migrapixel","https:\/\/www.instagram.com\/migrapixel\/"]}]}},"_links":{"self":[{"href":"https:\/\/migrapixel.pt\/en\/wp-json\/wp\/v2\/pages\/612","targetHints":{"allow":["GET"]}}],"collection":[{"href":"https:\/\/migrapixel.pt\/en\/wp-json\/wp\/v2\/pages"}],"about":[{"href":"https:\/\/migrapixel.pt\/en\/wp-json\/wp\/v2\/types\/page"}],"author":[{"embeddable":true,"href":"https:\/\/migrapixel.pt\/en\/wp-json\/wp\/v2\/users\/1"}],"replies":[{"embeddable":true,"href":"https:\/\/migrapixel.pt\/en\/wp-json\/wp\/v2\/comments?post=612"}],"version-history":[{"count":25,"href":"https:\/\/migrapixel.pt\/en\/wp-json\/wp\/v2\/pages\/612\/revisions"}],"predecessor-version":[{"id":651,"href":"https:\/\/migrapixel.pt\/en\/wp-json\/wp\/v2\/pages\/612\/revisions\/651"}],"wp:attachment":[{"href":"https:\/\/migrapixel.pt\/en\/wp-json\/wp\/v2\/media?parent=612"}],"curies":[{"name":"wp","href":"https:\/\/api.w.org\/{rel}","templated":true}]}}