{"id":7322,"date":"2023-09-05T09:30:08","date_gmt":"2023-09-05T09:30:08","guid":{"rendered":"https:\/\/migrapixel.pt\/?page_id=7322"},"modified":"2024-01-23T08:27:05","modified_gmt":"2024-01-23T08:27:05","slug":"o-nosso-planeta","status":"publish","type":"page","link":"https:\/\/migrapixel.pt\/en\/o-nosso-planeta\/","title":{"rendered":"O nosso planeta"},"content":{"rendered":"<div data-elementor-type=\"wp-page\" data-elementor-id=\"7322\" class=\"elementor elementor-7322\">\n\t\t\t\t\t\t<section class=\"elementor-section elementor-top-section elementor-element elementor-element-8c84ef7 elementor-section-full_width elementor-section-height-min-height elementor-section-content-middle elementor-section-stretched elementor-section-height-default elementor-section-items-middle\" data-id=\"8c84ef7\" data-element_type=\"section\" data-e-type=\"section\" data-settings=\"{&quot;stretch_section&quot;:&quot;section-stretched&quot;,&quot;background_background&quot;:&quot;video&quot;,&quot;background_video_link&quot;:&quot;https:\\\/\\\/youtu.be\\\/tobAyFE0w4g&quot;,&quot;background_play_on_mobile&quot;:&quot;yes&quot;}\">\n\t\t\t\t\t\t\t\t<div class=\"elementor-background-video-container\">\n\t\t\t\t\t\t\t\t\t\t\t\t\t<div class=\"elementor-background-video-embed\" role=\"presentation\"><\/div>\n\t\t\t\t\t\t\t\t\t\t\t\t<\/div>\n\t\t\t\t\t\t\t\t\t<div class=\"elementor-background-overlay\"><\/div>\n\t\t\t\t\t\t\t<div class=\"elementor-container elementor-column-gap-no\">\n\t\t\t\t\t<div class=\"elementor-column elementor-col-100 elementor-top-column elementor-element elementor-element-76b45f6\" data-id=\"76b45f6\" data-element_type=\"column\" data-e-type=\"column\" data-settings=\"{&quot;background_background&quot;:&quot;classic&quot;}\">\n\t\t\t<div class=\"elementor-widget-wrap elementor-element-populated\">\n\t\t\t\t\t\t<div class=\"elementor-element elementor-element-9574786 elementor-widget elementor-widget-text-editor\" data-id=\"9574786\" data-element_type=\"widget\" data-e-type=\"widget\" data-widget_type=\"text-editor.default\">\n\t\t\t\t<div class=\"elementor-widget-container\">\n\t\t\t\t\t\t\t\t\t<p>Preocupa\u00e7\u00e3o com o Planeta, afinal \u00e9 a nossa casa<\/p>\t\t\t\t\t\t\t\t<\/div>\n\t\t\t\t<\/div>\n\t\t\t\t\t<\/div>\n\t\t<\/div>\n\t\t\t\t\t<\/div>\n\t\t<\/section>\n\t\t\t\t<section class=\"elementor-section elementor-top-section elementor-element elementor-element-7ea38be elementor-section-height-min-height elementor-section-boxed elementor-section-height-default elementor-section-items-middle\" data-id=\"7ea38be\" data-element_type=\"section\" data-e-type=\"section\">\n\t\t\t\t\t\t<div class=\"elementor-container elementor-column-gap-default\">\n\t\t\t\t\t<div class=\"elementor-column elementor-col-100 elementor-top-column elementor-element elementor-element-55a6b6e\" data-id=\"55a6b6e\" data-element_type=\"column\" data-e-type=\"column\">\n\t\t\t<div class=\"elementor-widget-wrap elementor-element-populated\">\n\t\t\t\t\t\t<div class=\"elementor-element elementor-element-dfa46d1 elementor-widget elementor-widget-text-editor\" data-id=\"dfa46d1\" data-element_type=\"widget\" data-e-type=\"widget\" data-widget_type=\"text-editor.default\">\n\t\t\t\t<div class=\"elementor-widget-container\">\n\t\t\t\t\t\t\t\t\t<p>Podemos ser pequenos<\/p>\t\t\t\t\t\t\t\t<\/div>\n\t\t\t\t<\/div>\n\t\t\t\t<div class=\"elementor-element elementor-element-c0ce4bd elementor-widget elementor-widget-text-editor\" data-id=\"c0ce4bd\" data-element_type=\"widget\" data-e-type=\"widget\" data-widget_type=\"text-editor.default\">\n\t\t\t\t<div class=\"elementor-widget-container\">\n\t\t\t\t\t\t\t\t\t<p>Mas juntos damos grandes passos<\/p>\t\t\t\t\t\t\t\t<\/div>\n\t\t\t\t<\/div>\n\t\t\t\t<div class=\"elementor-element elementor-element-b8796f0 elementor-invisible elementor-widget elementor-widget-text-editor\" data-id=\"b8796f0\" data-element_type=\"widget\" data-e-type=\"widget\" data-settings=\"{&quot;_animation&quot;:&quot;fadeInUp&quot;}\" data-widget_type=\"text-editor.default\">\n\t\t\t\t<div class=\"elementor-widget-container\">\n\t\t\t\t\t\t\t\t\t<p style=\"text-align: center;\"><strong>Pol\u00edticas de Teletrabalho<br \/><\/strong>Encorajam pr\u00e1ticas de trabalho remoto para diminuir a necessidade de desloca\u00e7\u00f5es, contribuindo para a redu\u00e7\u00e3o de emiss\u00f5es de carbono.<\/p>\t\t\t\t\t\t\t\t<\/div>\n\t\t\t\t<\/div>\n\t\t\t\t<div class=\"elementor-element elementor-element-729e27e elementor-invisible elementor-widget elementor-widget-text-editor\" data-id=\"729e27e\" data-element_type=\"widget\" data-e-type=\"widget\" data-settings=\"{&quot;_animation&quot;:&quot;fadeInUp&quot;}\" data-widget_type=\"text-editor.default\">\n\t\t\t\t<div class=\"elementor-widget-container\">\n\t\t\t\t\t\t\t\t\t<p style=\"text-align: center;\"><strong>Minimiza\u00e7\u00e3o de Res\u00edduos Digitais<br \/><\/strong>Implementam pr\u00e1ticas para reduzir a pegada de carbono, otimizando o uso de recursos digitais.<\/p>\t\t\t\t\t\t\t\t<\/div>\n\t\t\t\t<\/div>\n\t\t\t\t\t<\/div>\n\t\t<\/div>\n\t\t\t\t\t<\/div>\n\t\t<\/section>\n\t\t\t\t<section class=\"elementor-section elementor-top-section elementor-element elementor-element-371b921 elementor-section-full_width elementor-section-height-full elementor-section-height-default elementor-section-items-middle\" data-id=\"371b921\" data-element_type=\"section\" data-e-type=\"section\" data-settings=\"{&quot;background_background&quot;:&quot;classic&quot;}\">\n\t\t\t\t\t\t\t<div class=\"elementor-background-overlay\"><\/div>\n\t\t\t\t\t\t\t<div class=\"elementor-container elementor-column-gap-default\">\n\t\t\t\t\t<div class=\"elementor-column elementor-col-100 elementor-top-column elementor-element elementor-element-74c9b88\" data-id=\"74c9b88\" data-element_type=\"column\" data-e-type=\"column\">\n\t\t\t<div class=\"elementor-widget-wrap elementor-element-populated\">\n\t\t\t\t\t\t<div class=\"elementor-element elementor-element-15ea8cb elementor-invisible elementor-widget elementor-widget-text-editor\" data-id=\"15ea8cb\" data-element_type=\"widget\" data-e-type=\"widget\" data-settings=\"{&quot;_animation&quot;:&quot;fadeInUp&quot;}\" data-widget_type=\"text-editor.default\">\n\t\t\t\t<div class=\"elementor-widget-container\">\n\t\t\t\t\t\t\t\t\t<p style=\"text-align: center;\"><strong>Efici\u00eancia Energ\u00e9tica<br \/><\/strong>Utilizam servidores e infraestrutura eficientes em termos de energia, visando a redu\u00e7\u00e3o do consumo.<\/p>\t\t\t\t\t\t\t\t<\/div>\n\t\t\t\t<\/div>\n\t\t\t\t<div class=\"elementor-element elementor-element-70dc84b elementor-invisible elementor-widget elementor-widget-text-editor\" data-id=\"70dc84b\" data-element_type=\"widget\" data-e-type=\"widget\" data-settings=\"{&quot;_animation&quot;:&quot;fadeInUp&quot;}\" data-widget_type=\"text-editor.default\">\n\t\t\t\t<div class=\"elementor-widget-container\">\n\t\t\t\t\t\t\t\t\t<p style=\"text-align: center;\"><strong>Estrat\u00e9gias Digitais Sustent\u00e1veis<br \/><\/strong>Desenvolvem campanhas que promovem pr\u00e1ticas ecol\u00f3gicas e conscientiza\u00e7\u00e3o ambiental.<\/p>\t\t\t\t\t\t\t\t<\/div>\n\t\t\t\t<\/div>\n\t\t\t\t\t<\/div>\n\t\t<\/div>\n\t\t\t\t\t<\/div>\n\t\t<\/section>\n\t\t\t\t<section class=\"elementor-section elementor-top-section elementor-element elementor-element-ac2b4d5 elementor-section-height-min-height elementor-section-boxed elementor-section-height-default elementor-section-items-middle\" data-id=\"ac2b4d5\" data-element_type=\"section\" data-e-type=\"section\">\n\t\t\t\t\t\t<div class=\"elementor-container elementor-column-gap-default\">\n\t\t\t\t\t<div class=\"elementor-column elementor-col-100 elementor-top-column elementor-element elementor-element-d6de7a1\" data-id=\"d6de7a1\" data-element_type=\"column\" data-e-type=\"column\">\n\t\t\t<div class=\"elementor-widget-wrap elementor-element-populated\">\n\t\t\t\t\t\t<div class=\"elementor-element elementor-element-906d559 elementor-widget elementor-widget-text-editor\" data-id=\"906d559\" data-element_type=\"widget\" data-e-type=\"widget\" data-widget_type=\"text-editor.default\">\n\t\t\t\t<div class=\"elementor-widget-container\">\n\t\t\t\t\t\t\t\t\t<p style=\"text-align: center;\">A mudan\u00e7a come\u00e7a por pequenos pa\u00e7os<\/p>\t\t\t\t\t\t\t\t<\/div>\n\t\t\t\t<\/div>\n\t\t\t\t<div class=\"elementor-element elementor-element-57df941 elementor-invisible elementor-widget elementor-widget-text-editor\" data-id=\"57df941\" data-element_type=\"widget\" data-e-type=\"widget\" data-settings=\"{&quot;_animation&quot;:&quot;fadeInUp&quot;}\" data-widget_type=\"text-editor.default\">\n\t\t\t\t<div class=\"elementor-widget-container\">\n\t\t\t\t\t\t\t\t\t<p style=\"text-align: center;\"><b>Escolhemos parceiros de neg\u00f3cio e provedores de servi\u00e7os que t\u00eam a mesma vis\u00e3o sobre o meio ambiente<\/b><\/p>\t\t\t\t\t\t\t\t<\/div>\n\t\t\t\t<\/div>\n\t\t\t\t<div class=\"elementor-element elementor-element-cd7e1b0 elementor-invisible elementor-widget elementor-widget-text-editor\" data-id=\"cd7e1b0\" data-element_type=\"widget\" data-e-type=\"widget\" data-settings=\"{&quot;_animation&quot;:&quot;fadeInUp&quot;}\" data-widget_type=\"text-editor.default\">\n\t\t\t\t<div class=\"elementor-widget-container\">\n\t\t\t\t\t\t\t\t\t<p style=\"text-align: center;\">Comprometemo-nos em reduzir a nossa pegada ecol\u00f3gica, implementando estrat\u00e9gias digitais sustent\u00e1veis. Desde a minimiza\u00e7\u00e3o de res\u00edduos digitais at\u00e9 \u00e0 efici\u00eancia energ\u00e9tica nos nossos servidores, cada a\u00e7\u00e3o \u00e9 guiada pelo respeito pelo meio ambiente. <br \/>Adotamos pol\u00edticas de teletrabalho para reduzir desloca\u00e7\u00f5es, contribuindo para a diminui\u00e7\u00e3o das emiss\u00f5es de carbono. <br \/><br \/>Acreditamos que, ao adotar pr\u00e1ticas ecol\u00f3gicas, n\u00e3o s\u00f3 beneficiamos o planeta, mas tamb\u00e9m inspiramos os nossos clientes e parceiros a seguirem o mesmo caminho. Na MigraPixel, acreditamos que o sucesso digital pode coexistir harmoniosamente com a responsabilidade ambiental. <br \/>Estamos empenhados em construir um futuro digital mais verde e sustent\u00e1vel.<\/p>\t\t\t\t\t\t\t\t<\/div>\n\t\t\t\t<\/div>\n\t\t\t\t\t<\/div>\n\t\t<\/div>\n\t\t\t\t\t<\/div>\n\t\t<\/section>\n\t\t\t\t<section class=\"elementor-section elementor-top-section elementor-element elementor-element-125188d elementor-section-full_width elementor-section-height-min-height elementor-section-stretched elementor-section-height-default elementor-section-items-middle\" data-id=\"125188d\" data-element_type=\"section\" data-e-type=\"section\" data-settings=\"{&quot;stretch_section&quot;:&quot;section-stretched&quot;,&quot;background_background&quot;:&quot;classic&quot;}\">\n\t\t\t\t\t\t\t<div class=\"elementor-background-overlay\"><\/div>\n\t\t\t\t\t\t\t<div class=\"elementor-container elementor-column-gap-no\">\n\t\t\t\t\t<div class=\"elementor-column elementor-col-100 elementor-top-column elementor-element elementor-element-75b7d99\" data-id=\"75b7d99\" data-element_type=\"column\" data-e-type=\"column\">\n\t\t\t<div class=\"elementor-widget-wrap elementor-element-populated\">\n\t\t\t\t\t\t<div class=\"elementor-element elementor-element-38167f0 elementor-widget elementor-widget-spacer\" data-id=\"38167f0\" data-element_type=\"widget\" data-e-type=\"widget\" data-widget_type=\"spacer.default\">\n\t\t\t\t<div class=\"elementor-widget-container\">\n\t\t\t\t\t\t\t<div class=\"elementor-spacer\">\n\t\t\t<div class=\"elementor-spacer-inner\"><\/div>\n\t\t<\/div>\n\t\t\t\t\t\t<\/div>\n\t\t\t\t<\/div>\n\t\t\t\t<div class=\"elementor-element elementor-element-efe1396 elementor-widget elementor-widget-text-editor\" data-id=\"efe1396\" data-element_type=\"widget\" data-e-type=\"widget\" data-widget_type=\"text-editor.default\">\n\t\t\t\t<div class=\"elementor-widget-container\">\n\t\t\t\t\t\t\t\t\tPelo planeta<br>Fazemos o nosso melhor\t\t\t\t\t\t\t\t<\/div>\n\t\t\t\t<\/div>\n\t\t\t\t\t<\/div>\n\t\t<\/div>\n\t\t\t\t\t<\/div>\n\t\t<\/section>\n\t\t\t\t<\/div>","protected":false},"excerpt":{"rendered":"<p>Preocupa\u00e7\u00e3o com o Planeta, afinal \u00e9 a nossa casa Podemos ser pequenos Mas juntos damos grandes passos Pol\u00edticas de TeletrabalhoEncorajam pr\u00e1ticas de trabalho remoto para diminuir a necessidade de desloca\u00e7\u00f5es, contribuindo para a redu\u00e7\u00e3o de emiss\u00f5es de carbono. Minimiza\u00e7\u00e3o de Res\u00edduos DigitaisImplementam pr\u00e1ticas para reduzir a pegada de carbono, otimizando o uso de recursos digitais. [&hellip;]<\/p>\n","protected":false},"author":1,"featured_media":0,"parent":0,"menu_order":0,"comment_status":"closed","ping_status":"closed","template":"elementor_canvas","meta":{"footnotes":""},"class_list":["post-7322","page","type-page","status-publish","hentry"],"yoast_head":"<!-- This site is optimized with the Yoast SEO plugin v27.5 - https:\/\/yoast.com\/product\/yoast-seo-wordpress\/ -->\n<title>MigraPixel - O nosso planeta<\/title>\n<meta name=\"robots\" content=\"noindex, nofollow\" \/>\n<meta property=\"og:locale\" content=\"en_GB\" \/>\n<meta property=\"og:type\" content=\"article\" \/>\n<meta property=\"og:title\" content=\"MigraPixel - O nosso planeta\" \/>\n<meta property=\"og:description\" content=\"Preocupa\u00e7\u00e3o com o Planeta, afinal \u00e9 a nossa casa Podemos ser pequenos Mas juntos damos grandes passos Pol\u00edticas de TeletrabalhoEncorajam pr\u00e1ticas de trabalho remoto para diminuir a necessidade de desloca\u00e7\u00f5es, contribuindo para a redu\u00e7\u00e3o de emiss\u00f5es de carbono. Minimiza\u00e7\u00e3o de Res\u00edduos DigitaisImplementam pr\u00e1ticas para reduzir a pegada de carbono, otimizando o uso de recursos digitais. [&hellip;]\" \/>\n<meta property=\"og:url\" content=\"https:\/\/migrapixel.pt\/en\/o-nosso-planeta\/\" \/>\n<meta property=\"og:site_name\" content=\"MigraPixel\" \/>\n<meta property=\"article:publisher\" content=\"https:\/\/www.facebook.com\/migrapixel\" \/>\n<meta property=\"article:modified_time\" content=\"2024-01-23T08:27:05+00:00\" \/>\n<meta property=\"og:image\" content=\"https:\/\/migrapixel.pt\/wp-content\/uploads\/2022\/11\/Ativo-1-scaled-1.webp\" \/>\n\t<meta property=\"og:image:width\" content=\"2560\" \/>\n\t<meta property=\"og:image:height\" content=\"555\" \/>\n\t<meta property=\"og:image:type\" content=\"image\/webp\" \/>\n<meta name=\"twitter:card\" content=\"summary_large_image\" \/>\n<meta name=\"twitter:label1\" content=\"Estimated reading time\" \/>\n\t<meta name=\"twitter:data1\" content=\"2 minutes\" \/>\n<script type=\"application\/ld+json\" class=\"yoast-schema-graph\">{\"@context\":\"https:\\\/\\\/schema.org\",\"@graph\":[{\"@type\":\"WebPage\",\"@id\":\"https:\\\/\\\/migrapixel.pt\\\/o-nosso-planeta\\\/\",\"url\":\"https:\\\/\\\/migrapixel.pt\\\/o-nosso-planeta\\\/\",\"name\":\"MigraPixel - O nosso planeta\",\"isPartOf\":{\"@id\":\"https:\\\/\\\/migrapixel.pt\\\/#website\"},\"datePublished\":\"2023-09-05T09:30:08+00:00\",\"dateModified\":\"2024-01-23T08:27:05+00:00\",\"breadcrumb\":{\"@id\":\"https:\\\/\\\/migrapixel.pt\\\/o-nosso-planeta\\\/#breadcrumb\"},\"inLanguage\":\"en-GB\",\"potentialAction\":[{\"@type\":\"ReadAction\",\"target\":[\"https:\\\/\\\/migrapixel.pt\\\/o-nosso-planeta\\\/\"]}]},{\"@type\":\"BreadcrumbList\",\"@id\":\"https:\\\/\\\/migrapixel.pt\\\/o-nosso-planeta\\\/#breadcrumb\",\"itemListElement\":[{\"@type\":\"ListItem\",\"position\":1,\"name\":\"In\u00edcio\",\"item\":\"https:\\\/\\\/migrapixel.pt\\\/\"},{\"@type\":\"ListItem\",\"position\":2,\"name\":\"O nosso planeta\"}]},{\"@type\":\"WebSite\",\"@id\":\"https:\\\/\\\/migrapixel.pt\\\/#website\",\"url\":\"https:\\\/\\\/migrapixel.pt\\\/\",\"name\":\"MigraPixel\",\"description\":\"MigraPixel |Programa\u00e7\u00e3o |Conte\u00fados Digitais | Alojamento Web | DG\",\"publisher\":{\"@id\":\"https:\\\/\\\/migrapixel.pt\\\/#organization\"},\"potentialAction\":[{\"@type\":\"SearchAction\",\"target\":{\"@type\":\"EntryPoint\",\"urlTemplate\":\"https:\\\/\\\/migrapixel.pt\\\/?s={search_term_string}\"},\"query-input\":{\"@type\":\"PropertyValueSpecification\",\"valueRequired\":true,\"valueName\":\"search_term_string\"}}],\"inLanguage\":\"en-GB\"},{\"@type\":\"Organization\",\"@id\":\"https:\\\/\\\/migrapixel.pt\\\/#organization\",\"name\":\"MigraPixel\",\"url\":\"https:\\\/\\\/migrapixel.pt\\\/\",\"logo\":{\"@type\":\"ImageObject\",\"inLanguage\":\"en-GB\",\"@id\":\"https:\\\/\\\/migrapixel.pt\\\/#\\\/schema\\\/logo\\\/image\\\/\",\"url\":\"https:\\\/\\\/migrapixel.pt\\\/wp-content\\\/uploads\\\/2022\\\/11\\\/Ativo-1-scaled-1.webp\",\"contentUrl\":\"https:\\\/\\\/migrapixel.pt\\\/wp-content\\\/uploads\\\/2022\\\/11\\\/Ativo-1-scaled-1.webp\",\"width\":2560,\"height\":555,\"caption\":\"MigraPixel\"},\"image\":{\"@id\":\"https:\\\/\\\/migrapixel.pt\\\/#\\\/schema\\\/logo\\\/image\\\/\"},\"sameAs\":[\"https:\\\/\\\/www.facebook.com\\\/migrapixel\",\"https:\\\/\\\/www.instagram.com\\\/migrapixel\\\/\"]}]}<\/script>\n<!-- \/ Yoast SEO plugin. -->","yoast_head_json":{"title":"MigraPixel - O nosso planeta","robots":{"index":"noindex","follow":"nofollow"},"og_locale":"en_GB","og_type":"article","og_title":"MigraPixel - O nosso planeta","og_description":"Preocupa\u00e7\u00e3o com o Planeta, afinal \u00e9 a nossa casa Podemos ser pequenos Mas juntos damos grandes passos Pol\u00edticas de TeletrabalhoEncorajam pr\u00e1ticas de trabalho remoto para diminuir a necessidade de desloca\u00e7\u00f5es, contribuindo para a redu\u00e7\u00e3o de emiss\u00f5es de carbono. Minimiza\u00e7\u00e3o de Res\u00edduos DigitaisImplementam pr\u00e1ticas para reduzir a pegada de carbono, otimizando o uso de recursos digitais. [&hellip;]","og_url":"https:\/\/migrapixel.pt\/en\/o-nosso-planeta\/","og_site_name":"MigraPixel","article_publisher":"https:\/\/www.facebook.com\/migrapixel","article_modified_time":"2024-01-23T08:27:05+00:00","og_image":[{"width":2560,"height":555,"url":"https:\/\/migrapixel.pt\/wp-content\/uploads\/2022\/11\/Ativo-1-scaled-1.webp","type":"image\/webp"}],"twitter_card":"summary_large_image","twitter_misc":{"Estimated reading time":"2 minutes"},"schema":{"@context":"https:\/\/schema.org","@graph":[{"@type":"WebPage","@id":"https:\/\/migrapixel.pt\/o-nosso-planeta\/","url":"https:\/\/migrapixel.pt\/o-nosso-planeta\/","name":"MigraPixel - O nosso planeta","isPartOf":{"@id":"https:\/\/migrapixel.pt\/#website"},"datePublished":"2023-09-05T09:30:08+00:00","dateModified":"2024-01-23T08:27:05+00:00","breadcrumb":{"@id":"https:\/\/migrapixel.pt\/o-nosso-planeta\/#breadcrumb"},"inLanguage":"en-GB","potentialAction":[{"@type":"ReadAction","target":["https:\/\/migrapixel.pt\/o-nosso-planeta\/"]}]},{"@type":"BreadcrumbList","@id":"https:\/\/migrapixel.pt\/o-nosso-planeta\/#breadcrumb","itemListElement":[{"@type":"ListItem","position":1,"name":"In\u00edcio","item":"https:\/\/migrapixel.pt\/"},{"@type":"ListItem","position":2,"name":"O nosso planeta"}]},{"@type":"WebSite","@id":"https:\/\/migrapixel.pt\/#website","url":"https:\/\/migrapixel.pt\/","name":"MigraPixel","description":"MigraPixel |Programa\u00e7\u00e3o |Conte\u00fados Digitais | Alojamento Web | DG","publisher":{"@id":"https:\/\/migrapixel.pt\/#organization"},"potentialAction":[{"@type":"SearchAction","target":{"@type":"EntryPoint","urlTemplate":"https:\/\/migrapixel.pt\/?s={search_term_string}"},"query-input":{"@type":"PropertyValueSpecification","valueRequired":true,"valueName":"search_term_string"}}],"inLanguage":"en-GB"},{"@type":"Organization","@id":"https:\/\/migrapixel.pt\/#organization","name":"MigraPixel","url":"https:\/\/migrapixel.pt\/","logo":{"@type":"ImageObject","inLanguage":"en-GB","@id":"https:\/\/migrapixel.pt\/#\/schema\/logo\/image\/","url":"https:\/\/migrapixel.pt\/wp-content\/uploads\/2022\/11\/Ativo-1-scaled-1.webp","contentUrl":"https:\/\/migrapixel.pt\/wp-content\/uploads\/2022\/11\/Ativo-1-scaled-1.webp","width":2560,"height":555,"caption":"MigraPixel"},"image":{"@id":"https:\/\/migrapixel.pt\/#\/schema\/logo\/image\/"},"sameAs":["https:\/\/www.facebook.com\/migrapixel","https:\/\/www.instagram.com\/migrapixel\/"]}]}},"_links":{"self":[{"href":"https:\/\/migrapixel.pt\/en\/wp-json\/wp\/v2\/pages\/7322","targetHints":{"allow":["GET"]}}],"collection":[{"href":"https:\/\/migrapixel.pt\/en\/wp-json\/wp\/v2\/pages"}],"about":[{"href":"https:\/\/migrapixel.pt\/en\/wp-json\/wp\/v2\/types\/page"}],"author":[{"embeddable":true,"href":"https:\/\/migrapixel.pt\/en\/wp-json\/wp\/v2\/users\/1"}],"replies":[{"embeddable":true,"href":"https:\/\/migrapixel.pt\/en\/wp-json\/wp\/v2\/comments?post=7322"}],"version-history":[{"count":55,"href":"https:\/\/migrapixel.pt\/en\/wp-json\/wp\/v2\/pages\/7322\/revisions"}],"predecessor-version":[{"id":12827,"href":"https:\/\/migrapixel.pt\/en\/wp-json\/wp\/v2\/pages\/7322\/revisions\/12827"}],"wp:attachment":[{"href":"https:\/\/migrapixel.pt\/en\/wp-json\/wp\/v2\/media?parent=7322"}],"curies":[{"name":"wp","href":"https:\/\/api.w.org\/{rel}","templated":true}]}}