{"id":7325,"date":"2023-09-05T09:32:48","date_gmt":"2023-09-05T09:32:48","guid":{"rendered":"https:\/\/migrapixel.pt\/?page_id=7325"},"modified":"2024-01-24T09:57:48","modified_gmt":"2024-01-24T09:57:48","slug":"sistemas-de-alojamento-web","status":"publish","type":"page","link":"https:\/\/migrapixel.pt\/en\/sistemas-de-alojamento-web\/","title":{"rendered":"Sistemas de Alojamento Web"},"content":{"rendered":"<div data-elementor-type=\"wp-page\" data-elementor-id=\"7325\" class=\"elementor elementor-7325\">\n\t\t\t\t\t\t<section class=\"elementor-section elementor-top-section elementor-element elementor-element-5764a98 elementor-section-height-full elementor-section-boxed elementor-section-height-default elementor-section-items-middle\" data-id=\"5764a98\" data-element_type=\"section\" data-e-type=\"section\" data-settings=\"{&quot;background_background&quot;:&quot;classic&quot;}\">\n\t\t\t\t\t\t\t<div class=\"elementor-background-overlay\"><\/div>\n\t\t\t\t\t\t\t<div class=\"elementor-container elementor-column-gap-default\">\n\t\t\t\t\t<div class=\"elementor-column elementor-col-100 elementor-top-column elementor-element elementor-element-6fdd351\" data-id=\"6fdd351\" data-element_type=\"column\" data-e-type=\"column\">\n\t\t\t<div class=\"elementor-widget-wrap elementor-element-populated\">\n\t\t\t\t\t\t<div class=\"elementor-element elementor-element-23a3af0 elementor-widget elementor-widget-text-editor\" data-id=\"23a3af0\" data-element_type=\"widget\" data-e-type=\"widget\" data-widget_type=\"text-editor.default\">\n\t\t\t\t<div class=\"elementor-widget-container\">\n\t\t\t\t\t\t\t\t\t<p style=\"text-align: center;\"><strong>CERTIFICA\u00c7\u00c3O ISO 14001<\/strong><br \/><strong>Sistema de Gest\u00e3o Ambiental<\/strong><\/p>\t\t\t\t\t\t\t\t<\/div>\n\t\t\t\t<\/div>\n\t\t\t\t<div class=\"elementor-element elementor-element-3f899ef elementor-widget elementor-widget-text-editor\" data-id=\"3f899ef\" data-element_type=\"widget\" data-e-type=\"widget\" data-widget_type=\"text-editor.default\">\n\t\t\t\t<div class=\"elementor-widget-container\">\n\t\t\t\t\t\t\t\t\t<p>A MigraPixel como empresa consciente do seu impacto no ambiente, mas tamb\u00e9m conhecedor da nossa responsabilidade na sua preserva\u00e7\u00e3o do planeta, optamos por trabalhar com provedores de Alojamento Web que seguem a mesma linha de preocupa\u00e7\u00e3o ambiental, sendo que estes nossos parceiros comerciais procuram aplicar as melhores pol\u00edticas de zelo ambiental.<\/p>\t\t\t\t\t\t\t\t<\/div>\n\t\t\t\t<\/div>\n\t\t\t\t\t<\/div>\n\t\t<\/div>\n\t\t\t\t\t<\/div>\n\t\t<\/section>\n\t\t\t\t<section class=\"elementor-section elementor-top-section elementor-element elementor-element-fdac32b elementor-section-height-min-height elementor-section-boxed elementor-section-height-default elementor-section-items-middle\" data-id=\"fdac32b\" data-element_type=\"section\" data-e-type=\"section\" data-settings=\"{&quot;background_background&quot;:&quot;gradient&quot;}\">\n\t\t\t\t\t\t<div class=\"elementor-container elementor-column-gap-default\">\n\t\t\t\t\t<div class=\"elementor-column elementor-col-100 elementor-top-column elementor-element elementor-element-3477fe1\" data-id=\"3477fe1\" data-element_type=\"column\" data-e-type=\"column\">\n\t\t\t<div class=\"elementor-widget-wrap elementor-element-populated\">\n\t\t\t\t\t\t<div class=\"elementor-element elementor-element-ec1f6ab elementor-widget elementor-widget-text-editor\" data-id=\"ec1f6ab\" data-element_type=\"widget\" data-e-type=\"widget\" data-widget_type=\"text-editor.default\">\n\t\t\t\t<div class=\"elementor-widget-container\">\n\t\t\t\t\t\t\t\t\tAs mudan\u00e7as come\u00e7am com\npequenos passos\t\t\t\t\t\t\t\t<\/div>\n\t\t\t\t<\/div>\n\t\t\t\t<div class=\"elementor-element elementor-element-5204df5 elementor-widget elementor-widget-text-editor\" data-id=\"5204df5\" data-element_type=\"widget\" data-e-type=\"widget\" data-widget_type=\"text-editor.default\">\n\t\t\t\t<div class=\"elementor-widget-container\">\n\t\t\t\t\t\t\t\t\t<p style=\"text-align: center;\">Prova da sua dedica\u00e7\u00e3o em seguir diretrizes ambientalmente respons\u00e1veis as empresas parceiras da MigraPixel s\u00e3o detentoras da certifica\u00e7\u00e3o ISO 14001<\/p>\t\t\t\t\t\t\t\t<\/div>\n\t\t\t\t<\/div>\n\t\t\t\t<div class=\"elementor-element elementor-element-95d1313 elementor-widget elementor-widget-text-editor\" data-id=\"95d1313\" data-element_type=\"widget\" data-e-type=\"widget\" data-widget_type=\"text-editor.default\">\n\t\t\t\t<div class=\"elementor-widget-container\">\n\t\t\t\t\t\t\t\t\t<p>A certifica\u00e7\u00e3o de sistemas de gest\u00e3o ambiental, suportados na norma de refer\u00eancia ISO 14001, constitui uma ferramenta essencial para as organiza\u00e7\u00f5es que pretendem alcan\u00e7ar uma confian\u00e7a acrescida por parte dos clientes, colaboradores, comunidade envolvente e sociedade, atrav\u00e9s da demonstra\u00e7\u00e3o do compromisso volunt\u00e1rio com a melhoria cont\u00ednua do seu desempenho ambiental.<\/p>\t\t\t\t\t\t\t\t<\/div>\n\t\t\t\t<\/div>\n\t\t\t\t<div class=\"elementor-element elementor-element-e951a63 elementor-widget elementor-widget-text-editor\" data-id=\"e951a63\" data-element_type=\"widget\" data-e-type=\"widget\" data-widget_type=\"text-editor.default\">\n\t\t\t\t<div class=\"elementor-widget-container\">\n\t\t\t\t\t\t\t\t\t<p>A ISO 14001 adota a abordagem por processos, que incorpora o ciclo PDCA de melhoria cont\u00ednua, integra o pensamento baseado em risco e a perspetiva de ciclo de vida. Pode ser adotada por qualquer Organiza\u00e7\u00e3o, p\u00fablica ou privada, independentemente da sua dimens\u00e3o e setor de atividade.<\/p>\t\t\t\t\t\t\t\t<\/div>\n\t\t\t\t<\/div>\n\t\t\t\t<div class=\"elementor-element elementor-element-80be356 elementor-widget elementor-widget-image\" data-id=\"80be356\" data-element_type=\"widget\" data-e-type=\"widget\" data-widget_type=\"image.default\">\n\t\t\t\t<div class=\"elementor-widget-container\">\n\t\t\t\t\t\t\t\t\t\t\t\t\t\t\t<img fetchpriority=\"high\" decoding=\"async\" width=\"1024\" height=\"806\" src=\"https:\/\/migrapixel.pt\/wp-content\/uploads\/2024\/01\/Captura-de-ecra-2024-01-23-as-22.12.56-PhotoRoom.png-PhotoRoom-1024x806.png\" class=\"attachment-large size-large wp-image-12856\" alt=\"\" srcset=\"https:\/\/migrapixel.pt\/wp-content\/uploads\/2024\/01\/Captura-de-ecra-2024-01-23-as-22.12.56-PhotoRoom.png-PhotoRoom-1024x806.png 1024w, https:\/\/migrapixel.pt\/wp-content\/uploads\/2024\/01\/Captura-de-ecra-2024-01-23-as-22.12.56-PhotoRoom.png-PhotoRoom-300x236.png 300w, https:\/\/migrapixel.pt\/wp-content\/uploads\/2024\/01\/Captura-de-ecra-2024-01-23-as-22.12.56-PhotoRoom.png-PhotoRoom-768x604.png 768w, https:\/\/migrapixel.pt\/wp-content\/uploads\/2024\/01\/Captura-de-ecra-2024-01-23-as-22.12.56-PhotoRoom.png-PhotoRoom-15x12.png 15w, https:\/\/migrapixel.pt\/wp-content\/uploads\/2024\/01\/Captura-de-ecra-2024-01-23-as-22.12.56-PhotoRoom.png-PhotoRoom.png 1280w\" sizes=\"(max-width: 1024px) 100vw, 1024px\" \/>\t\t\t\t\t\t\t\t\t\t\t\t\t\t\t<\/div>\n\t\t\t\t<\/div>\n\t\t\t\t\t<\/div>\n\t\t<\/div>\n\t\t\t\t\t<\/div>\n\t\t<\/section>\n\t\t\t\t<section class=\"elementor-section elementor-top-section elementor-element elementor-element-bafd70d elementor-section-height-min-height elementor-section-boxed elementor-section-height-default elementor-section-items-middle\" data-id=\"bafd70d\" data-element_type=\"section\" data-e-type=\"section\" data-settings=\"{&quot;background_background&quot;:&quot;classic&quot;}\">\n\t\t\t\t\t\t\t<div class=\"elementor-background-overlay\"><\/div>\n\t\t\t\t\t\t\t<div class=\"elementor-container elementor-column-gap-default\">\n\t\t\t\t\t<div class=\"elementor-column elementor-col-100 elementor-top-column elementor-element elementor-element-b7bd0fc\" data-id=\"b7bd0fc\" data-element_type=\"column\" data-e-type=\"column\">\n\t\t\t<div class=\"elementor-widget-wrap elementor-element-populated\">\n\t\t\t\t\t\t<div class=\"elementor-element elementor-element-f5eaff8 elementor-widget elementor-widget-text-editor\" data-id=\"f5eaff8\" data-element_type=\"widget\" data-e-type=\"widget\" data-widget_type=\"text-editor.default\">\n\t\t\t\t<div class=\"elementor-widget-container\">\n\t\t\t\t\t\t\t\t\t<p>Localiza\u00e7\u00e3o<\/p>\t\t\t\t\t\t\t\t<\/div>\n\t\t\t\t<\/div>\n\t\t\t\t<div class=\"elementor-element elementor-element-76c97e6 elementor-widget elementor-widget-text-editor\" data-id=\"76c97e6\" data-element_type=\"widget\" data-e-type=\"widget\" data-widget_type=\"text-editor.default\">\n\t\t\t\t<div class=\"elementor-widget-container\">\n\t\t\t\t\t\t\t\t\t<p>2 DATACENTERS EM LISBOA<\/p>\t\t\t\t\t\t\t\t<\/div>\n\t\t\t\t<\/div>\n\t\t\t\t<div class=\"elementor-element elementor-element-4705f58 elementor-widget elementor-widget-text-editor\" data-id=\"4705f58\" data-element_type=\"widget\" data-e-type=\"widget\" data-widget_type=\"text-editor.default\">\n\t\t\t\t<div class=\"elementor-widget-container\">\n\t\t\t\t\t\t\t\t\t<p>Datacenter principal para alojamento de servi\u00e7os e core de rede sendo ponto medular da troca de tr\u00e1fego. Este datacenter \u00e9 Certificado de Qualidade (UNE-EN-ISO 9001, EFQM e Seis Sigma), Meio Ambiente (UNE-EN-ISO 14001) e Sistemas de Gest\u00e3o da Seguran\u00e7a da Informa\u00e7\u00e3o e Sistemas de Informa\u00e7\u00e3o (ITIL, BS 7799 e BS 15000).<\/p><p>O Datacenter Lisboa 2 serve de redund\u00e2ncia e complementaridade ao Lisboa 1, est\u00e1 directamente ligado atrav\u00e9s de fibra \u00f3ptica e rede a 10Gbps integrando-se no nosso backbone IP. Certifica\u00e7\u00f5es ISO 9001, ISO 14001, ISO 27001.<\/p>\t\t\t\t\t\t\t\t<\/div>\n\t\t\t\t<\/div>\n\t\t\t\t<div class=\"elementor-element elementor-element-5474f2c elementor-widget elementor-widget-text-editor\" data-id=\"5474f2c\" data-element_type=\"widget\" data-e-type=\"widget\" data-widget_type=\"text-editor.default\">\n\t\t\t\t<div class=\"elementor-widget-container\">\n\t\t\t\t\t\t\t\t\t<p>DATACENTER EM MADRID (ESPANHA)<\/p>\t\t\t\t\t\t\t\t<\/div>\n\t\t\t\t<\/div>\n\t\t\t\t<div class=\"elementor-element elementor-element-85883f2 elementor-widget elementor-widget-text-editor\" data-id=\"85883f2\" data-element_type=\"widget\" data-e-type=\"widget\" data-widget_type=\"text-editor.default\">\n\t\t\t\t<div class=\"elementor-widget-container\">\n\t\t\t\t\t\t\t\t\t<p>Datacenter principal para alojamento de servic\u0327os em Espanha e core da rede. Interligado aos datacenters de Portugal, na\u0303o so\u0301 em redunda\u0302ncia, mas tambe\u0301m em complementaridade, apresentam-se, no todo, como uma esta\u0301vel e irrefuta\u0301vel escolha para alojamento de servic\u0327os na Peni\u0301nsula Ibe\u0301rica. Certificac\u0327o\u0303es ISO 9001, ISO 14001, ISO 20000, ISO 22301, ISO 27001, ISO 50001, ITIL.<\/p>\t\t\t\t\t\t\t\t<\/div>\n\t\t\t\t<\/div>\n\t\t\t\t\t<\/div>\n\t\t<\/div>\n\t\t\t\t\t<\/div>\n\t\t<\/section>\n\t\t\t\t<section class=\"elementor-section elementor-top-section elementor-element elementor-element-18ebf24 elementor-section-height-min-height elementor-section-boxed elementor-section-height-default elementor-section-items-middle\" data-id=\"18ebf24\" data-element_type=\"section\" data-e-type=\"section\" data-settings=\"{&quot;background_background&quot;:&quot;gradient&quot;}\">\n\t\t\t\t\t\t<div class=\"elementor-container elementor-column-gap-default\">\n\t\t\t\t\t<div class=\"elementor-column elementor-col-100 elementor-top-column elementor-element elementor-element-477025f\" data-id=\"477025f\" data-element_type=\"column\" data-e-type=\"column\">\n\t\t\t<div class=\"elementor-widget-wrap elementor-element-populated\">\n\t\t\t\t\t\t<div class=\"elementor-element elementor-element-a004dff elementor-widget elementor-widget-text-editor\" data-id=\"a004dff\" data-element_type=\"widget\" data-e-type=\"widget\" data-widget_type=\"text-editor.default\">\n\t\t\t\t<div class=\"elementor-widget-container\">\n\t\t\t\t\t\t\t\t\t<p style=\"text-align: center;\">SEGURAN\u00c7A DOS DATACENTERS<\/p>\t\t\t\t\t\t\t\t<\/div>\n\t\t\t\t<\/div>\n\t\t\t\t<div class=\"elementor-element elementor-element-a36a168 elementor-widget elementor-widget-text-editor\" data-id=\"a36a168\" data-element_type=\"widget\" data-e-type=\"widget\" data-widget_type=\"text-editor.default\">\n\t\t\t\t<div class=\"elementor-widget-container\">\n\t\t\t\t\t\t\t\t\t<p style=\"text-align: center;\">medidas adotadas na seguran\u00e7a dos seus dados<\/p>\t\t\t\t\t\t\t\t<\/div>\n\t\t\t\t<\/div>\n\t\t\t\t<div class=\"elementor-element elementor-element-4d6cc89 elementor-widget elementor-widget-text-editor\" data-id=\"4d6cc89\" data-element_type=\"widget\" data-e-type=\"widget\" data-widget_type=\"text-editor.default\">\n\t\t\t\t<div class=\"elementor-widget-container\">\n\t\t\t\t\t\t\t\t\t<p><strong>Avan\u00e7ados Sistemas UPS<br \/><\/strong>Sistemas de Alimenta\u00e7\u00e3o Ininterrupta, compostos por equipamentos UPS e Baterias localizados nos Centros de Continuidade em configura\u00e7\u00e3o redundante n+1 suportam os equipamentos dos clientes e demais servi\u00e7os cr\u00edticos da instala\u00e7\u00e3o.<\/p><p><strong>Sistema de Extin\u00e7\u00e3o Autom\u00e1tica de Inc\u00eandios<\/strong><br \/>O sistema de Protec\u00e7\u00e3o Contra Inc\u00eandios (PCI) garante tanto a protec\u00e7\u00e3o do pessoal que trabalha ou acede aos edif\u00edcios bem como a integridade dos equipamentos e instala\u00e7\u00f5es alojados. O sistema baseia-se na actua\u00e7\u00e3o da Central de Alarmes que recolhe os sinais do sistema de detec\u00e7\u00e3o e controla a actua\u00e7\u00e3o do sistema de extin\u00e7\u00e3o.<\/p><p><strong>Acesso Controlado<\/strong><br \/>Todos os acessos s\u00e3o registados individualmente e com a identifica\u00e7\u00e3o da pessoa \u00e0 entrada e sa\u00edda, mantendo-se um registo das pessoas que acedem aos edificios e salas. O acesso s\u00f3 est\u00e1 dispon\u00edvel para pessoas que constem na lista pr\u00e9-aprovada de acessos.<\/p><p><strong>Seguran\u00e7a F\u00edsica Permanente<\/strong><br \/>Sistema do controlo global para a detec\u00e7\u00e3o de presen\u00e7a de intrusos no edif\u00edcio. A seguran\u00e7a baseia-se na presen\u00e7a de pessoal 24x7x365 que disp\u00f5e de todos os sistemas necess\u00e1rios para o controlo de todas as zonas dos edif\u00edcios desde o posto de controlo.<\/p><p><strong>CCTV &#8211; Circuito Fechado de Televis\u00e3o<br \/><\/strong>O CCTV &#8211; Circuito Fechado de Televis\u00e3o est\u00e1 controlado 24 horas\/dia pelo pessoal respons\u00e1vel da seguran\u00e7a. As c\u00e2maras localizam-se nas zonas comuns tanto interiores como exteriores e acessos ao edif\u00edcio de tal forma que n\u00e3o \u00e9 poss\u00edvel o Acesso \u00e0s Salas T\u00e9cnicas sem que isso seja reflectido no sistema.<br \/><strong><br \/><\/strong><\/p><p><strong>HVAC &#8211; Sistema de Controlo de Humidade e Ambiente<\/strong><br \/>O sistema de climatiza\u00e7\u00e3o do edif\u00edcio est\u00e1 composto por equipamentos centrais de gera\u00e7\u00e3o de frio em configura\u00e7\u00e3o redundante n+1 e unidades climatizadoras nas salas t\u00e9cnicas. O grau de carga de cada sala \u00e9 supervisionado com a finalidade de estimar as necessidades de climatiza\u00e7\u00e3o e actualizar os equipamentos necess\u00e1rios para manter as condi\u00e7\u00f5es adequadas.<\/p><p><strong>Estrutura Anti-S\u00edsmica<\/strong><\/p><p><strong>Portas e vidros Duplos Blindados<\/strong><\/p><p><strong>Sistema de Detec\u00e7\u00e3o de Gases T\u00f3xicos<\/strong><\/p>\t\t\t\t\t\t\t\t<\/div>\n\t\t\t\t<\/div>\n\t\t\t\t\t<\/div>\n\t\t<\/div>\n\t\t\t\t\t<\/div>\n\t\t<\/section>\n\t\t\t\t<\/div>","protected":false},"excerpt":{"rendered":"<p>CERTIFICA\u00c7\u00c3O ISO 14001Sistema de Gest\u00e3o Ambiental A MigraPixel como empresa consciente do seu impacto no ambiente, mas tamb\u00e9m conhecedor da nossa responsabilidade na sua preserva\u00e7\u00e3o do planeta, optamos por trabalhar com provedores de Alojamento Web que seguem a mesma linha de preocupa\u00e7\u00e3o ambiental, sendo que estes nossos parceiros comerciais procuram aplicar as melhores pol\u00edticas de [&hellip;]<\/p>\n","protected":false},"author":1,"featured_media":0,"parent":0,"menu_order":0,"comment_status":"closed","ping_status":"closed","template":"elementor_canvas","meta":{"footnotes":""},"class_list":["post-7325","page","type-page","status-publish","hentry"],"yoast_head":"<!-- This site is optimized with the Yoast SEO plugin v27.6 - https:\/\/yoast.com\/product\/yoast-seo-wordpress\/ -->\n<title>MigraPixel - Sistemas de Alojamento Web<\/title>\n<meta name=\"robots\" content=\"noindex, nofollow\" \/>\n<meta property=\"og:locale\" content=\"en_GB\" \/>\n<meta property=\"og:type\" content=\"article\" \/>\n<meta property=\"og:title\" content=\"MigraPixel - Sistemas de Alojamento Web\" \/>\n<meta property=\"og:description\" content=\"CERTIFICA\u00c7\u00c3O ISO 14001Sistema de Gest\u00e3o Ambiental A MigraPixel como empresa consciente do seu impacto no ambiente, mas tamb\u00e9m conhecedor da nossa responsabilidade na sua preserva\u00e7\u00e3o do planeta, optamos por trabalhar com provedores de Alojamento Web que seguem a mesma linha de preocupa\u00e7\u00e3o ambiental, sendo que estes nossos parceiros comerciais procuram aplicar as melhores pol\u00edticas de [&hellip;]\" \/>\n<meta property=\"og:url\" content=\"https:\/\/migrapixel.pt\/en\/sistemas-de-alojamento-web\/\" \/>\n<meta property=\"og:site_name\" content=\"MigraPixel\" \/>\n<meta property=\"article:publisher\" content=\"https:\/\/www.facebook.com\/migrapixel\" \/>\n<meta property=\"article:modified_time\" content=\"2024-01-24T09:57:48+00:00\" \/>\n<meta property=\"og:image\" content=\"https:\/\/migrapixel.pt\/wp-content\/uploads\/2024\/01\/Captura-de-ecra-2024-01-23-as-22.12.56-PhotoRoom.png-PhotoRoom-1024x806.png\" \/>\n<meta name=\"twitter:card\" content=\"summary_large_image\" \/>\n<meta name=\"twitter:label1\" content=\"Estimated reading time\" \/>\n\t<meta name=\"twitter:data1\" content=\"4 minutes\" \/>\n<script type=\"application\/ld+json\" class=\"yoast-schema-graph\">{\"@context\":\"https:\\\/\\\/schema.org\",\"@graph\":[{\"@type\":\"WebPage\",\"@id\":\"https:\\\/\\\/migrapixel.pt\\\/sistemas-de-alojamento-web\\\/\",\"url\":\"https:\\\/\\\/migrapixel.pt\\\/sistemas-de-alojamento-web\\\/\",\"name\":\"MigraPixel - Sistemas de Alojamento Web\",\"isPartOf\":{\"@id\":\"https:\\\/\\\/migrapixel.pt\\\/#website\"},\"primaryImageOfPage\":{\"@id\":\"https:\\\/\\\/migrapixel.pt\\\/sistemas-de-alojamento-web\\\/#primaryimage\"},\"image\":{\"@id\":\"https:\\\/\\\/migrapixel.pt\\\/sistemas-de-alojamento-web\\\/#primaryimage\"},\"thumbnailUrl\":\"https:\\\/\\\/migrapixel.pt\\\/wp-content\\\/uploads\\\/2024\\\/01\\\/Captura-de-ecra-2024-01-23-as-22.12.56-PhotoRoom.png-PhotoRoom-1024x806.png\",\"datePublished\":\"2023-09-05T09:32:48+00:00\",\"dateModified\":\"2024-01-24T09:57:48+00:00\",\"breadcrumb\":{\"@id\":\"https:\\\/\\\/migrapixel.pt\\\/sistemas-de-alojamento-web\\\/#breadcrumb\"},\"inLanguage\":\"en-GB\",\"potentialAction\":[{\"@type\":\"ReadAction\",\"target\":[\"https:\\\/\\\/migrapixel.pt\\\/sistemas-de-alojamento-web\\\/\"]}]},{\"@type\":\"ImageObject\",\"inLanguage\":\"en-GB\",\"@id\":\"https:\\\/\\\/migrapixel.pt\\\/sistemas-de-alojamento-web\\\/#primaryimage\",\"url\":\"https:\\\/\\\/migrapixel.pt\\\/wp-content\\\/uploads\\\/2024\\\/01\\\/Captura-de-ecra-2024-01-23-as-22.12.56-PhotoRoom.png-PhotoRoom-1024x806.png\",\"contentUrl\":\"https:\\\/\\\/migrapixel.pt\\\/wp-content\\\/uploads\\\/2024\\\/01\\\/Captura-de-ecra-2024-01-23-as-22.12.56-PhotoRoom.png-PhotoRoom-1024x806.png\"},{\"@type\":\"BreadcrumbList\",\"@id\":\"https:\\\/\\\/migrapixel.pt\\\/sistemas-de-alojamento-web\\\/#breadcrumb\",\"itemListElement\":[{\"@type\":\"ListItem\",\"position\":1,\"name\":\"In\u00edcio\",\"item\":\"https:\\\/\\\/migrapixel.pt\\\/\"},{\"@type\":\"ListItem\",\"position\":2,\"name\":\"Sistemas de Alojamento Web\"}]},{\"@type\":\"WebSite\",\"@id\":\"https:\\\/\\\/migrapixel.pt\\\/#website\",\"url\":\"https:\\\/\\\/migrapixel.pt\\\/\",\"name\":\"MigraPixel\",\"description\":\"MigraPixel |Programa\u00e7\u00e3o |Conte\u00fados Digitais | Alojamento Web | DG\",\"publisher\":{\"@id\":\"https:\\\/\\\/migrapixel.pt\\\/#organization\"},\"potentialAction\":[{\"@type\":\"SearchAction\",\"target\":{\"@type\":\"EntryPoint\",\"urlTemplate\":\"https:\\\/\\\/migrapixel.pt\\\/?s={search_term_string}\"},\"query-input\":{\"@type\":\"PropertyValueSpecification\",\"valueRequired\":true,\"valueName\":\"search_term_string\"}}],\"inLanguage\":\"en-GB\"},{\"@type\":\"Organization\",\"@id\":\"https:\\\/\\\/migrapixel.pt\\\/#organization\",\"name\":\"MigraPixel\",\"url\":\"https:\\\/\\\/migrapixel.pt\\\/\",\"logo\":{\"@type\":\"ImageObject\",\"inLanguage\":\"en-GB\",\"@id\":\"https:\\\/\\\/migrapixel.pt\\\/#\\\/schema\\\/logo\\\/image\\\/\",\"url\":\"https:\\\/\\\/migrapixel.pt\\\/wp-content\\\/uploads\\\/2022\\\/11\\\/Ativo-1-scaled-1.webp\",\"contentUrl\":\"https:\\\/\\\/migrapixel.pt\\\/wp-content\\\/uploads\\\/2022\\\/11\\\/Ativo-1-scaled-1.webp\",\"width\":2560,\"height\":555,\"caption\":\"MigraPixel\"},\"image\":{\"@id\":\"https:\\\/\\\/migrapixel.pt\\\/#\\\/schema\\\/logo\\\/image\\\/\"},\"sameAs\":[\"https:\\\/\\\/www.facebook.com\\\/migrapixel\",\"https:\\\/\\\/www.instagram.com\\\/migrapixel\\\/\"]}]}<\/script>\n<!-- \/ Yoast SEO plugin. -->","yoast_head_json":{"title":"MigraPixel - Sistemas de Alojamento Web","robots":{"index":"noindex","follow":"nofollow"},"og_locale":"en_GB","og_type":"article","og_title":"MigraPixel - Sistemas de Alojamento Web","og_description":"CERTIFICA\u00c7\u00c3O ISO 14001Sistema de Gest\u00e3o Ambiental A MigraPixel como empresa consciente do seu impacto no ambiente, mas tamb\u00e9m conhecedor da nossa responsabilidade na sua preserva\u00e7\u00e3o do planeta, optamos por trabalhar com provedores de Alojamento Web que seguem a mesma linha de preocupa\u00e7\u00e3o ambiental, sendo que estes nossos parceiros comerciais procuram aplicar as melhores pol\u00edticas de [&hellip;]","og_url":"https:\/\/migrapixel.pt\/en\/sistemas-de-alojamento-web\/","og_site_name":"MigraPixel","article_publisher":"https:\/\/www.facebook.com\/migrapixel","article_modified_time":"2024-01-24T09:57:48+00:00","og_image":[{"url":"https:\/\/migrapixel.pt\/wp-content\/uploads\/2024\/01\/Captura-de-ecra-2024-01-23-as-22.12.56-PhotoRoom.png-PhotoRoom-1024x806.png","type":"","width":"","height":""}],"twitter_card":"summary_large_image","twitter_misc":{"Estimated reading time":"4 minutes"},"schema":{"@context":"https:\/\/schema.org","@graph":[{"@type":"WebPage","@id":"https:\/\/migrapixel.pt\/sistemas-de-alojamento-web\/","url":"https:\/\/migrapixel.pt\/sistemas-de-alojamento-web\/","name":"MigraPixel - Sistemas de Alojamento Web","isPartOf":{"@id":"https:\/\/migrapixel.pt\/#website"},"primaryImageOfPage":{"@id":"https:\/\/migrapixel.pt\/sistemas-de-alojamento-web\/#primaryimage"},"image":{"@id":"https:\/\/migrapixel.pt\/sistemas-de-alojamento-web\/#primaryimage"},"thumbnailUrl":"https:\/\/migrapixel.pt\/wp-content\/uploads\/2024\/01\/Captura-de-ecra-2024-01-23-as-22.12.56-PhotoRoom.png-PhotoRoom-1024x806.png","datePublished":"2023-09-05T09:32:48+00:00","dateModified":"2024-01-24T09:57:48+00:00","breadcrumb":{"@id":"https:\/\/migrapixel.pt\/sistemas-de-alojamento-web\/#breadcrumb"},"inLanguage":"en-GB","potentialAction":[{"@type":"ReadAction","target":["https:\/\/migrapixel.pt\/sistemas-de-alojamento-web\/"]}]},{"@type":"ImageObject","inLanguage":"en-GB","@id":"https:\/\/migrapixel.pt\/sistemas-de-alojamento-web\/#primaryimage","url":"https:\/\/migrapixel.pt\/wp-content\/uploads\/2024\/01\/Captura-de-ecra-2024-01-23-as-22.12.56-PhotoRoom.png-PhotoRoom-1024x806.png","contentUrl":"https:\/\/migrapixel.pt\/wp-content\/uploads\/2024\/01\/Captura-de-ecra-2024-01-23-as-22.12.56-PhotoRoom.png-PhotoRoom-1024x806.png"},{"@type":"BreadcrumbList","@id":"https:\/\/migrapixel.pt\/sistemas-de-alojamento-web\/#breadcrumb","itemListElement":[{"@type":"ListItem","position":1,"name":"In\u00edcio","item":"https:\/\/migrapixel.pt\/"},{"@type":"ListItem","position":2,"name":"Sistemas de Alojamento Web"}]},{"@type":"WebSite","@id":"https:\/\/migrapixel.pt\/#website","url":"https:\/\/migrapixel.pt\/","name":"MigraPixel","description":"MigraPixel |Programa\u00e7\u00e3o |Conte\u00fados Digitais | Alojamento Web | DG","publisher":{"@id":"https:\/\/migrapixel.pt\/#organization"},"potentialAction":[{"@type":"SearchAction","target":{"@type":"EntryPoint","urlTemplate":"https:\/\/migrapixel.pt\/?s={search_term_string}"},"query-input":{"@type":"PropertyValueSpecification","valueRequired":true,"valueName":"search_term_string"}}],"inLanguage":"en-GB"},{"@type":"Organization","@id":"https:\/\/migrapixel.pt\/#organization","name":"MigraPixel","url":"https:\/\/migrapixel.pt\/","logo":{"@type":"ImageObject","inLanguage":"en-GB","@id":"https:\/\/migrapixel.pt\/#\/schema\/logo\/image\/","url":"https:\/\/migrapixel.pt\/wp-content\/uploads\/2022\/11\/Ativo-1-scaled-1.webp","contentUrl":"https:\/\/migrapixel.pt\/wp-content\/uploads\/2022\/11\/Ativo-1-scaled-1.webp","width":2560,"height":555,"caption":"MigraPixel"},"image":{"@id":"https:\/\/migrapixel.pt\/#\/schema\/logo\/image\/"},"sameAs":["https:\/\/www.facebook.com\/migrapixel","https:\/\/www.instagram.com\/migrapixel\/"]}]}},"_links":{"self":[{"href":"https:\/\/migrapixel.pt\/en\/wp-json\/wp\/v2\/pages\/7325","targetHints":{"allow":["GET"]}}],"collection":[{"href":"https:\/\/migrapixel.pt\/en\/wp-json\/wp\/v2\/pages"}],"about":[{"href":"https:\/\/migrapixel.pt\/en\/wp-json\/wp\/v2\/types\/page"}],"author":[{"embeddable":true,"href":"https:\/\/migrapixel.pt\/en\/wp-json\/wp\/v2\/users\/1"}],"replies":[{"embeddable":true,"href":"https:\/\/migrapixel.pt\/en\/wp-json\/wp\/v2\/comments?post=7325"}],"version-history":[{"count":124,"href":"https:\/\/migrapixel.pt\/en\/wp-json\/wp\/v2\/pages\/7325\/revisions"}],"predecessor-version":[{"id":12964,"href":"https:\/\/migrapixel.pt\/en\/wp-json\/wp\/v2\/pages\/7325\/revisions\/12964"}],"wp:attachment":[{"href":"https:\/\/migrapixel.pt\/en\/wp-json\/wp\/v2\/media?parent=7325"}],"curies":[{"name":"wp","href":"https:\/\/api.w.org\/{rel}","templated":true}]}}