{"id":7518,"date":"2023-09-05T13:21:07","date_gmt":"2023-09-05T13:21:07","guid":{"rendered":"https:\/\/migrapixel.pt\/?page_id=7518"},"modified":"2023-09-05T13:21:36","modified_gmt":"2023-09-05T13:21:36","slug":"portfolio","status":"publish","type":"page","link":"https:\/\/migrapixel.pt\/en\/portfolio\/","title":{"rendered":"Portf\u00f3lio"},"content":{"rendered":"","protected":false},"excerpt":{"rendered":"","protected":false},"author":1,"featured_media":0,"parent":0,"menu_order":0,"comment_status":"closed","ping_status":"closed","template":"elementor_canvas","meta":{"footnotes":""},"class_list":["post-7518","page","type-page","status-publish","hentry"],"yoast_head":"<!-- This site is optimized with the Yoast SEO plugin v27.4 - https:\/\/yoast.com\/product\/yoast-seo-wordpress\/ -->\n<title>MigraPixel - Portf\u00f3lio<\/title>\n<meta name=\"robots\" content=\"noindex, nofollow\" \/>\n<meta property=\"og:locale\" content=\"en_GB\" \/>\n<meta property=\"og:type\" content=\"article\" \/>\n<meta property=\"og:title\" content=\"MigraPixel - Portf\u00f3lio\" \/>\n<meta property=\"og:url\" content=\"https:\/\/migrapixel.pt\/en\/portfolio\/\" \/>\n<meta property=\"og:site_name\" content=\"MigraPixel\" \/>\n<meta property=\"article:publisher\" content=\"https:\/\/www.facebook.com\/migrapixel\" \/>\n<meta property=\"article:modified_time\" content=\"2023-09-05T13:21:36+00:00\" \/>\n<meta property=\"og:image\" content=\"https:\/\/migrapixel.pt\/wp-content\/uploads\/2022\/11\/Ativo-1-scaled-1.webp\" \/>\n\t<meta property=\"og:image:width\" content=\"2560\" \/>\n\t<meta property=\"og:image:height\" content=\"555\" \/>\n\t<meta property=\"og:image:type\" content=\"image\/webp\" \/>\n<meta name=\"twitter:card\" content=\"summary_large_image\" \/>\n<script type=\"application\/ld+json\" class=\"yoast-schema-graph\">{\"@context\":\"https:\\\/\\\/schema.org\",\"@graph\":[{\"@type\":\"WebPage\",\"@id\":\"https:\\\/\\\/migrapixel.pt\\\/portfolio\\\/\",\"url\":\"https:\\\/\\\/migrapixel.pt\\\/portfolio\\\/\",\"name\":\"MigraPixel - Portf\u00f3lio\",\"isPartOf\":{\"@id\":\"https:\\\/\\\/migrapixel.pt\\\/#website\"},\"datePublished\":\"2023-09-05T13:21:07+00:00\",\"dateModified\":\"2023-09-05T13:21:36+00:00\",\"breadcrumb\":{\"@id\":\"https:\\\/\\\/migrapixel.pt\\\/portfolio\\\/#breadcrumb\"},\"inLanguage\":\"en-GB\",\"potentialAction\":[{\"@type\":\"ReadAction\",\"target\":[\"https:\\\/\\\/migrapixel.pt\\\/portfolio\\\/\"]}]},{\"@type\":\"BreadcrumbList\",\"@id\":\"https:\\\/\\\/migrapixel.pt\\\/portfolio\\\/#breadcrumb\",\"itemListElement\":[{\"@type\":\"ListItem\",\"position\":1,\"name\":\"In\u00edcio\",\"item\":\"https:\\\/\\\/migrapixel.pt\\\/\"},{\"@type\":\"ListItem\",\"position\":2,\"name\":\"Portf\u00f3lio\"}]},{\"@type\":\"WebSite\",\"@id\":\"https:\\\/\\\/migrapixel.pt\\\/#website\",\"url\":\"https:\\\/\\\/migrapixel.pt\\\/\",\"name\":\"MigraPixel\",\"description\":\"MigraPixel |Programa\u00e7\u00e3o |Conte\u00fados Digitais | Alojamento Web | DG\",\"publisher\":{\"@id\":\"https:\\\/\\\/migrapixel.pt\\\/#organization\"},\"potentialAction\":[{\"@type\":\"SearchAction\",\"target\":{\"@type\":\"EntryPoint\",\"urlTemplate\":\"https:\\\/\\\/migrapixel.pt\\\/?s={search_term_string}\"},\"query-input\":{\"@type\":\"PropertyValueSpecification\",\"valueRequired\":true,\"valueName\":\"search_term_string\"}}],\"inLanguage\":\"en-GB\"},{\"@type\":\"Organization\",\"@id\":\"https:\\\/\\\/migrapixel.pt\\\/#organization\",\"name\":\"MigraPixel\",\"url\":\"https:\\\/\\\/migrapixel.pt\\\/\",\"logo\":{\"@type\":\"ImageObject\",\"inLanguage\":\"en-GB\",\"@id\":\"https:\\\/\\\/migrapixel.pt\\\/#\\\/schema\\\/logo\\\/image\\\/\",\"url\":\"https:\\\/\\\/migrapixel.pt\\\/wp-content\\\/uploads\\\/2022\\\/11\\\/Ativo-1-scaled-1.webp\",\"contentUrl\":\"https:\\\/\\\/migrapixel.pt\\\/wp-content\\\/uploads\\\/2022\\\/11\\\/Ativo-1-scaled-1.webp\",\"width\":2560,\"height\":555,\"caption\":\"MigraPixel\"},\"image\":{\"@id\":\"https:\\\/\\\/migrapixel.pt\\\/#\\\/schema\\\/logo\\\/image\\\/\"},\"sameAs\":[\"https:\\\/\\\/www.facebook.com\\\/migrapixel\",\"https:\\\/\\\/www.instagram.com\\\/migrapixel\\\/\"]}]}<\/script>\n<!-- \/ Yoast SEO plugin. -->","yoast_head_json":{"title":"MigraPixel - Portf\u00f3lio","robots":{"index":"noindex","follow":"nofollow"},"og_locale":"en_GB","og_type":"article","og_title":"MigraPixel - Portf\u00f3lio","og_url":"https:\/\/migrapixel.pt\/en\/portfolio\/","og_site_name":"MigraPixel","article_publisher":"https:\/\/www.facebook.com\/migrapixel","article_modified_time":"2023-09-05T13:21:36+00:00","og_image":[{"width":2560,"height":555,"url":"https:\/\/migrapixel.pt\/wp-content\/uploads\/2022\/11\/Ativo-1-scaled-1.webp","type":"image\/webp"}],"twitter_card":"summary_large_image","schema":{"@context":"https:\/\/schema.org","@graph":[{"@type":"WebPage","@id":"https:\/\/migrapixel.pt\/portfolio\/","url":"https:\/\/migrapixel.pt\/portfolio\/","name":"MigraPixel - Portf\u00f3lio","isPartOf":{"@id":"https:\/\/migrapixel.pt\/#website"},"datePublished":"2023-09-05T13:21:07+00:00","dateModified":"2023-09-05T13:21:36+00:00","breadcrumb":{"@id":"https:\/\/migrapixel.pt\/portfolio\/#breadcrumb"},"inLanguage":"en-GB","potentialAction":[{"@type":"ReadAction","target":["https:\/\/migrapixel.pt\/portfolio\/"]}]},{"@type":"BreadcrumbList","@id":"https:\/\/migrapixel.pt\/portfolio\/#breadcrumb","itemListElement":[{"@type":"ListItem","position":1,"name":"In\u00edcio","item":"https:\/\/migrapixel.pt\/"},{"@type":"ListItem","position":2,"name":"Portf\u00f3lio"}]},{"@type":"WebSite","@id":"https:\/\/migrapixel.pt\/#website","url":"https:\/\/migrapixel.pt\/","name":"MigraPixel","description":"MigraPixel |Programa\u00e7\u00e3o |Conte\u00fados Digitais | Alojamento Web | DG","publisher":{"@id":"https:\/\/migrapixel.pt\/#organization"},"potentialAction":[{"@type":"SearchAction","target":{"@type":"EntryPoint","urlTemplate":"https:\/\/migrapixel.pt\/?s={search_term_string}"},"query-input":{"@type":"PropertyValueSpecification","valueRequired":true,"valueName":"search_term_string"}}],"inLanguage":"en-GB"},{"@type":"Organization","@id":"https:\/\/migrapixel.pt\/#organization","name":"MigraPixel","url":"https:\/\/migrapixel.pt\/","logo":{"@type":"ImageObject","inLanguage":"en-GB","@id":"https:\/\/migrapixel.pt\/#\/schema\/logo\/image\/","url":"https:\/\/migrapixel.pt\/wp-content\/uploads\/2022\/11\/Ativo-1-scaled-1.webp","contentUrl":"https:\/\/migrapixel.pt\/wp-content\/uploads\/2022\/11\/Ativo-1-scaled-1.webp","width":2560,"height":555,"caption":"MigraPixel"},"image":{"@id":"https:\/\/migrapixel.pt\/#\/schema\/logo\/image\/"},"sameAs":["https:\/\/www.facebook.com\/migrapixel","https:\/\/www.instagram.com\/migrapixel\/"]}]}},"_links":{"self":[{"href":"https:\/\/migrapixel.pt\/en\/wp-json\/wp\/v2\/pages\/7518","targetHints":{"allow":["GET"]}}],"collection":[{"href":"https:\/\/migrapixel.pt\/en\/wp-json\/wp\/v2\/pages"}],"about":[{"href":"https:\/\/migrapixel.pt\/en\/wp-json\/wp\/v2\/types\/page"}],"author":[{"embeddable":true,"href":"https:\/\/migrapixel.pt\/en\/wp-json\/wp\/v2\/users\/1"}],"replies":[{"embeddable":true,"href":"https:\/\/migrapixel.pt\/en\/wp-json\/wp\/v2\/comments?post=7518"}],"version-history":[{"count":2,"href":"https:\/\/migrapixel.pt\/en\/wp-json\/wp\/v2\/pages\/7518\/revisions"}],"predecessor-version":[{"id":7520,"href":"https:\/\/migrapixel.pt\/en\/wp-json\/wp\/v2\/pages\/7518\/revisions\/7520"}],"wp:attachment":[{"href":"https:\/\/migrapixel.pt\/en\/wp-json\/wp\/v2\/media?parent=7518"}],"curies":[{"name":"wp","href":"https:\/\/api.w.org\/{rel}","templated":true}]}}