{"id":7556,"date":"2023-09-05T14:49:06","date_gmt":"2023-09-05T14:49:06","guid":{"rendered":"https:\/\/migrapixel.pt\/?page_id=7556"},"modified":"2023-09-05T16:19:06","modified_gmt":"2023-09-05T16:19:06","slug":"teste","status":"publish","type":"page","link":"https:\/\/migrapixel.pt\/en\/teste\/","title":{"rendered":"teste"},"content":{"rendered":"<div data-elementor-type=\"wp-page\" data-elementor-id=\"7556\" class=\"elementor elementor-7556\">\n\t\t\t\t\t\t<section class=\"elementor-section elementor-top-section elementor-element elementor-element-8576eed elementor-section-boxed elementor-section-height-default elementor-section-height-default\" data-id=\"8576eed\" data-element_type=\"section\" data-e-type=\"section\">\n\t\t\t\t\t\t<div class=\"elementor-container elementor-column-gap-default\">\n\t\t\t\t\t<div class=\"elementor-column elementor-col-100 elementor-top-column elementor-element elementor-element-972217b\" data-id=\"972217b\" data-element_type=\"column\" data-e-type=\"column\">\n\t\t\t<div class=\"elementor-widget-wrap elementor-element-populated\">\n\t\t\t\t\t\t<div class=\"elementor-element elementor-element-7796e6d elementor-widget elementor-widget-html\" data-id=\"7796e6d\" data-element_type=\"widget\" data-e-type=\"widget\" data-widget_type=\"html.default\">\n\t\t\t\t<div class=\"elementor-widget-container\">\n\t\t\t\t\t<html>\n\n  <div class=\"wrapper\">\n    <div class=\"outer\">\n      <div class=\"card\" style=\"--delay:-1;\">\n        <div class=\"content\">\n          <div class=\"img\"><img decoding=\"async\" src=\"https:\/\/media2.giphy.com\/media\/iwrjMUSno0ALvDVjXm\/giphy.gif?cid=ecf05e471gtmevg5uuz8g1w5jz74k5yi5ge7fqargqao7d47&ep=v1_gifs_gifId&rid=giphy.gif&ct=g\" alt=\"\"><\/div>\n          <div class=\"details\">\n            <span class=\"name\">SEO<\/span>\n            <p>Apare\u00e7a na primeira p\u00e1gina de resultados nas pesquisas dos utilizadores<\/p>\n          <\/div>\n        <\/div>\n        <a href=\"\/en\/otimizacao-para-mecanismos-de-pesquisa-seo\/\">Saber mais<\/a>\n      <\/div>\n      <div class=\"card\" style=\"--delay:0;\">\n        <div class=\"content\">\n          <div class=\"img\"><img decoding=\"async\" src=\"https:\/\/giphy.com\/gifs\/gq-kim-kardashian-make-it-rain-money-shower-3o6gDWzmAzrpi5DQU8?utm_source=media-link&utm_medium=landing&utm_campaign=Media%20Links&utm_term=\" alt=\"\"><\/div>\n          <div class=\"details\">\n            <span class=\"name\">E-Commerce<\/span>\n            <p>Concebemos a sua loja online e trabalhamos a converg\u00eancia de clientes para o seu neg\u00f3cio<\/p>\n          <\/div>\n        <\/div>\n        <a href=\"\/en\/marketing-para-e-commerce\/\">Saber mais<\/a>\n      <\/div>\n      <div class=\"card\" style=\"--delay:1;\">\n        <div class=\"content\">\n          <div class=\"img\"><img decoding=\"async\" src=\"https:\/\/giphy.com\/gifs\/rihanna-gif-uyWTOgNGGWfks?utm_source=media-link&utm_medium=landing&utm_campaign=Media%20Links&utm_term=\" alt=\"\"><\/div>\n          <div class=\"details\">\n            <span class=\"name\">M\u00eddias Sociais<\/span>\n            <p>Crie presen\u00e7a, d\u00ea-se a conhecer e seja conhecido<\/p>\n          <\/div>\n        <\/div>\n        <a href=\"\/en\/redes-sociais\/\">Saber mais<\/a>\n      <\/div>\n      <div class=\"card\" style=\"--delay:2;\">\n        <div class=\"content\">\n          <div class=\"img\"><img decoding=\"async\" src=\"https:\/\/media1.giphy.com\/media\/jRK6lBWTb795e\/giphy.gif?cid=ecf05e470hlt10greucdt50nr9rv60ju3frcxinaox61dltc&ep=v1_gifs_related&rid=giphy.gif&ct=g\" alt=\"\"><\/div>\n          <div class=\"details\">\n            <span class=\"name\">Email Marketing<\/span>\n            <p>Comunique com os seus cliente s de forma r\u00e1pida e com conte\u00fado profissional, mas com uma abordagem mais pessoal e cativante<\/p>\n          <\/div>\n        <\/div>\n        <a href=\"\/en\/email-marketing\/\">Saber mais<\/a>\n      <\/div>\n      <div class=\"card\" style=\"--delay:2;\">\n        <div class=\"content\">\n          <div class=\"img\"><img decoding=\"async\" src=\"images\/img-5.jpg\" alt=\"\"><\/div>\n          <div class=\"details\">\n            <span class=\"name\">SMS Marketing<\/span>\n            <p>Entre em contacto com os seus clientes atrav\u00e9s de SMS e fique surpreendido com os resultados obtidos<\/p>\n          <\/div>\n        <\/div>\n        <a href=\"\/en\/sms-marketing\/\">Saber mais<\/a>\n      <\/div>\n    <\/div>\n  <\/div>\n\n    \n<\/html>\t\t\t\t<\/div>\n\t\t\t\t<\/div>\n\t\t\t\t<div class=\"elementor-element elementor-element-529802a elementor-widget elementor-widget-html\" data-id=\"529802a\" data-element_type=\"widget\" data-e-type=\"widget\" data-widget_type=\"html.default\">\n\t\t\t\t<div class=\"elementor-widget-container\">\n\t\t\t\t\t<style>\n    #rolling_slider_mgrpx p{color:#000!important;\n        font-size: 16px\n    }\n\n.wrapper .outer{\n  display: flex;\n  align-items: center;\n  justify-content: center;\n}\n.wrapper .card{\n  background: #fff;\n  width: 60vw;\n  display: flex;\n  align-items: center;\n  padding: 20px;\n  opacity: 0;\n  pointer-events: none;\n  position: absolute;\n  justify-content: space-between;\n  border-radius: 100px 20px 20px 100px;\n  box-shadow: 0px 10px 15px rgba(0,0,0,0.1);\n  animation: animate 15s linear infinite;\n  animation-delay: calc(3s * var(--delay));\n}\n.outer:hover .card{\n  animation-play-state: paused;\n}\n.wrapper .card:last-child{\n  animation-delay: calc(-3s * var(--delay));\n}\n@keyframes animate {\n  0%{\n    opacity: 0;\n    transform: translateY(100%) scale(0.5);\n  }\n  5%, 20%{\n    opacity: 0.4;\n    transform: translateY(100%) scale(0.7);\n  }\n  25%, 40%{\n    opacity: 1;\n    pointer-events: auto;\n    transform: translateY(0%) scale(1);\n  }\n  45%, 60%{\n    opacity: 0.4;\n    transform: translateY(-100%) scale(0.7);\n  }\n  65%, 100%{\n    opacity: 0;\n    transform: translateY(-100%) scale(0.5);\n  }\n}\n.card .content{\n  display: flex;\n  align-items: center;\n  margin-left: 5%;\n}\n.wrapper .card .img{\n    height: 125px;\n    width: 125px;\n    position: absolute;\n    left: 0px;\n    background: #fff;\n    border-radius: 80%;\n    padding: 5px;\n    box-shadow: 0px 0px 5px rgba(0,0,0,0.2);\n}\n.card .img img{\n  height: 100%;\n  width: 100%;\n  border-radius: 50%;\n  object-fit: cover;\n}\n.card .details{\n  margin-left: 80px;\n}\n.details span{\n  font-weight: 600;\n  font-size: 18px;\n}\n.card a{\nfont-family: 'Roboto';\n    font-size: 16px;\n    min-width: max-content;\n    text-align: center;\n    text-decoration: none;\n    padding: 6px 21px;\n    border-radius: 8px;\n    color: #fff;\n    background: #0370B9;\n    transition: all 0.3s ease;\n}\n.card a:hover{\n  transform: scale(0.94);\n}\n<\/style>\t\t\t\t<\/div>\n\t\t\t\t<\/div>\n\t\t\t\t\t<\/div>\n\t\t<\/div>\n\t\t\t\t\t<\/div>\n\t\t<\/section>\n\t\t\t\t<\/div>","protected":false},"excerpt":{"rendered":"<p>SEO Apare\u00e7a na primeira p\u00e1gina de resultados nas pesquisas dos utilizadores Saber mais E-Commerce Concebemos a sua loja online e trabalhamos a converg\u00eancia de clientes para o seu neg\u00f3cio Saber mais M\u00eddias Sociais Crie presen\u00e7a, d\u00ea-se a conhecer e seja conhecido Saber mais Email Marketing Comunique com os seus cliente s de forma r\u00e1pida e [&hellip;]<\/p>\n","protected":false},"author":1,"featured_media":0,"parent":0,"menu_order":0,"comment_status":"closed","ping_status":"closed","template":"","meta":{"footnotes":""},"class_list":["post-7556","page","type-page","status-publish","hentry"],"yoast_head":"<!-- This site is optimized with the Yoast SEO plugin v27.4 - https:\/\/yoast.com\/product\/yoast-seo-wordpress\/ -->\n<title>teste - MigraPixel<\/title>\n<meta name=\"robots\" content=\"noindex, nofollow\" \/>\n<meta property=\"og:locale\" content=\"en_GB\" \/>\n<meta property=\"og:type\" content=\"article\" \/>\n<meta property=\"og:title\" content=\"teste - MigraPixel\" \/>\n<meta property=\"og:description\" content=\"SEO Apare\u00e7a na primeira p\u00e1gina de resultados nas pesquisas dos utilizadores Saber mais E-Commerce Concebemos a sua loja online e trabalhamos a converg\u00eancia de clientes para o seu neg\u00f3cio Saber mais M\u00eddias Sociais Crie presen\u00e7a, d\u00ea-se a conhecer e seja conhecido Saber mais Email Marketing Comunique com os seus cliente s de forma r\u00e1pida e [&hellip;]\" \/>\n<meta property=\"og:url\" content=\"https:\/\/migrapixel.pt\/en\/teste\/\" \/>\n<meta property=\"og:site_name\" content=\"MigraPixel\" \/>\n<meta property=\"article:publisher\" content=\"https:\/\/www.facebook.com\/migrapixel\" \/>\n<meta property=\"article:modified_time\" content=\"2023-09-05T16:19:06+00:00\" \/>\n<meta property=\"og:image\" content=\"https:\/\/media2.giphy.com\/media\/iwrjMUSno0ALvDVjXm\/giphy.gif?cid=ecf05e471gtmevg5uuz8g1w5jz74k5yi5ge7fqargqao7d47&ep=v1_gifs_gifId&rid=giphy.gif&ct=g\" \/>\n<meta name=\"twitter:card\" content=\"summary_large_image\" \/>\n<meta name=\"twitter:label1\" content=\"Estimated reading time\" \/>\n\t<meta name=\"twitter:data1\" content=\"2 minutes\" \/>\n<script type=\"application\/ld+json\" class=\"yoast-schema-graph\">{\"@context\":\"https:\\\/\\\/schema.org\",\"@graph\":[{\"@type\":\"WebPage\",\"@id\":\"https:\\\/\\\/migrapixel.pt\\\/teste\\\/\",\"url\":\"https:\\\/\\\/migrapixel.pt\\\/teste\\\/\",\"name\":\"teste - MigraPixel\",\"isPartOf\":{\"@id\":\"https:\\\/\\\/migrapixel.pt\\\/#website\"},\"primaryImageOfPage\":{\"@id\":\"https:\\\/\\\/migrapixel.pt\\\/teste\\\/#primaryimage\"},\"image\":{\"@id\":\"https:\\\/\\\/migrapixel.pt\\\/teste\\\/#primaryimage\"},\"thumbnailUrl\":\"https:\\\/\\\/media2.giphy.com\\\/media\\\/iwrjMUSno0ALvDVjXm\\\/giphy.gif?cid=ecf05e471gtmevg5uuz8g1w5jz74k5yi5ge7fqargqao7d47&ep=v1_gifs_gifId&rid=giphy.gif&ct=g\",\"datePublished\":\"2023-09-05T14:49:06+00:00\",\"dateModified\":\"2023-09-05T16:19:06+00:00\",\"breadcrumb\":{\"@id\":\"https:\\\/\\\/migrapixel.pt\\\/teste\\\/#breadcrumb\"},\"inLanguage\":\"en-GB\",\"potentialAction\":[{\"@type\":\"ReadAction\",\"target\":[\"https:\\\/\\\/migrapixel.pt\\\/teste\\\/\"]}]},{\"@type\":\"ImageObject\",\"inLanguage\":\"en-GB\",\"@id\":\"https:\\\/\\\/migrapixel.pt\\\/teste\\\/#primaryimage\",\"url\":\"https:\\\/\\\/media2.giphy.com\\\/media\\\/iwrjMUSno0ALvDVjXm\\\/giphy.gif?cid=ecf05e471gtmevg5uuz8g1w5jz74k5yi5ge7fqargqao7d47&ep=v1_gifs_gifId&rid=giphy.gif&ct=g\",\"contentUrl\":\"https:\\\/\\\/media2.giphy.com\\\/media\\\/iwrjMUSno0ALvDVjXm\\\/giphy.gif?cid=ecf05e471gtmevg5uuz8g1w5jz74k5yi5ge7fqargqao7d47&ep=v1_gifs_gifId&rid=giphy.gif&ct=g\"},{\"@type\":\"BreadcrumbList\",\"@id\":\"https:\\\/\\\/migrapixel.pt\\\/teste\\\/#breadcrumb\",\"itemListElement\":[{\"@type\":\"ListItem\",\"position\":1,\"name\":\"In\u00edcio\",\"item\":\"https:\\\/\\\/migrapixel.pt\\\/\"},{\"@type\":\"ListItem\",\"position\":2,\"name\":\"teste\"}]},{\"@type\":\"WebSite\",\"@id\":\"https:\\\/\\\/migrapixel.pt\\\/#website\",\"url\":\"https:\\\/\\\/migrapixel.pt\\\/\",\"name\":\"MigraPixel\",\"description\":\"MigraPixel |Programa\u00e7\u00e3o |Conte\u00fados Digitais | Alojamento Web | DG\",\"publisher\":{\"@id\":\"https:\\\/\\\/migrapixel.pt\\\/#organization\"},\"potentialAction\":[{\"@type\":\"SearchAction\",\"target\":{\"@type\":\"EntryPoint\",\"urlTemplate\":\"https:\\\/\\\/migrapixel.pt\\\/?s={search_term_string}\"},\"query-input\":{\"@type\":\"PropertyValueSpecification\",\"valueRequired\":true,\"valueName\":\"search_term_string\"}}],\"inLanguage\":\"en-GB\"},{\"@type\":\"Organization\",\"@id\":\"https:\\\/\\\/migrapixel.pt\\\/#organization\",\"name\":\"MigraPixel\",\"url\":\"https:\\\/\\\/migrapixel.pt\\\/\",\"logo\":{\"@type\":\"ImageObject\",\"inLanguage\":\"en-GB\",\"@id\":\"https:\\\/\\\/migrapixel.pt\\\/#\\\/schema\\\/logo\\\/image\\\/\",\"url\":\"https:\\\/\\\/migrapixel.pt\\\/wp-content\\\/uploads\\\/2022\\\/11\\\/Ativo-1-scaled-1.webp\",\"contentUrl\":\"https:\\\/\\\/migrapixel.pt\\\/wp-content\\\/uploads\\\/2022\\\/11\\\/Ativo-1-scaled-1.webp\",\"width\":2560,\"height\":555,\"caption\":\"MigraPixel\"},\"image\":{\"@id\":\"https:\\\/\\\/migrapixel.pt\\\/#\\\/schema\\\/logo\\\/image\\\/\"},\"sameAs\":[\"https:\\\/\\\/www.facebook.com\\\/migrapixel\",\"https:\\\/\\\/www.instagram.com\\\/migrapixel\\\/\"]}]}<\/script>\n<!-- \/ Yoast SEO plugin. -->","yoast_head_json":{"title":"teste - MigraPixel","robots":{"index":"noindex","follow":"nofollow"},"og_locale":"en_GB","og_type":"article","og_title":"teste - MigraPixel","og_description":"SEO Apare\u00e7a na primeira p\u00e1gina de resultados nas pesquisas dos utilizadores Saber mais E-Commerce Concebemos a sua loja online e trabalhamos a converg\u00eancia de clientes para o seu neg\u00f3cio Saber mais M\u00eddias Sociais Crie presen\u00e7a, d\u00ea-se a conhecer e seja conhecido Saber mais Email Marketing Comunique com os seus cliente s de forma r\u00e1pida e [&hellip;]","og_url":"https:\/\/migrapixel.pt\/en\/teste\/","og_site_name":"MigraPixel","article_publisher":"https:\/\/www.facebook.com\/migrapixel","article_modified_time":"2023-09-05T16:19:06+00:00","og_image":[{"url":"https:\/\/media2.giphy.com\/media\/iwrjMUSno0ALvDVjXm\/giphy.gif?cid=ecf05e471gtmevg5uuz8g1w5jz74k5yi5ge7fqargqao7d47&ep=v1_gifs_gifId&rid=giphy.gif&ct=g","type":"","width":"","height":""}],"twitter_card":"summary_large_image","twitter_misc":{"Estimated reading time":"2 minutes"},"schema":{"@context":"https:\/\/schema.org","@graph":[{"@type":"WebPage","@id":"https:\/\/migrapixel.pt\/teste\/","url":"https:\/\/migrapixel.pt\/teste\/","name":"teste - MigraPixel","isPartOf":{"@id":"https:\/\/migrapixel.pt\/#website"},"primaryImageOfPage":{"@id":"https:\/\/migrapixel.pt\/teste\/#primaryimage"},"image":{"@id":"https:\/\/migrapixel.pt\/teste\/#primaryimage"},"thumbnailUrl":"https:\/\/media2.giphy.com\/media\/iwrjMUSno0ALvDVjXm\/giphy.gif?cid=ecf05e471gtmevg5uuz8g1w5jz74k5yi5ge7fqargqao7d47&ep=v1_gifs_gifId&rid=giphy.gif&ct=g","datePublished":"2023-09-05T14:49:06+00:00","dateModified":"2023-09-05T16:19:06+00:00","breadcrumb":{"@id":"https:\/\/migrapixel.pt\/teste\/#breadcrumb"},"inLanguage":"en-GB","potentialAction":[{"@type":"ReadAction","target":["https:\/\/migrapixel.pt\/teste\/"]}]},{"@type":"ImageObject","inLanguage":"en-GB","@id":"https:\/\/migrapixel.pt\/teste\/#primaryimage","url":"https:\/\/media2.giphy.com\/media\/iwrjMUSno0ALvDVjXm\/giphy.gif?cid=ecf05e471gtmevg5uuz8g1w5jz74k5yi5ge7fqargqao7d47&ep=v1_gifs_gifId&rid=giphy.gif&ct=g","contentUrl":"https:\/\/media2.giphy.com\/media\/iwrjMUSno0ALvDVjXm\/giphy.gif?cid=ecf05e471gtmevg5uuz8g1w5jz74k5yi5ge7fqargqao7d47&ep=v1_gifs_gifId&rid=giphy.gif&ct=g"},{"@type":"BreadcrumbList","@id":"https:\/\/migrapixel.pt\/teste\/#breadcrumb","itemListElement":[{"@type":"ListItem","position":1,"name":"In\u00edcio","item":"https:\/\/migrapixel.pt\/"},{"@type":"ListItem","position":2,"name":"teste"}]},{"@type":"WebSite","@id":"https:\/\/migrapixel.pt\/#website","url":"https:\/\/migrapixel.pt\/","name":"MigraPixel","description":"MigraPixel |Programa\u00e7\u00e3o |Conte\u00fados Digitais | Alojamento Web | DG","publisher":{"@id":"https:\/\/migrapixel.pt\/#organization"},"potentialAction":[{"@type":"SearchAction","target":{"@type":"EntryPoint","urlTemplate":"https:\/\/migrapixel.pt\/?s={search_term_string}"},"query-input":{"@type":"PropertyValueSpecification","valueRequired":true,"valueName":"search_term_string"}}],"inLanguage":"en-GB"},{"@type":"Organization","@id":"https:\/\/migrapixel.pt\/#organization","name":"MigraPixel","url":"https:\/\/migrapixel.pt\/","logo":{"@type":"ImageObject","inLanguage":"en-GB","@id":"https:\/\/migrapixel.pt\/#\/schema\/logo\/image\/","url":"https:\/\/migrapixel.pt\/wp-content\/uploads\/2022\/11\/Ativo-1-scaled-1.webp","contentUrl":"https:\/\/migrapixel.pt\/wp-content\/uploads\/2022\/11\/Ativo-1-scaled-1.webp","width":2560,"height":555,"caption":"MigraPixel"},"image":{"@id":"https:\/\/migrapixel.pt\/#\/schema\/logo\/image\/"},"sameAs":["https:\/\/www.facebook.com\/migrapixel","https:\/\/www.instagram.com\/migrapixel\/"]}]}},"_links":{"self":[{"href":"https:\/\/migrapixel.pt\/en\/wp-json\/wp\/v2\/pages\/7556","targetHints":{"allow":["GET"]}}],"collection":[{"href":"https:\/\/migrapixel.pt\/en\/wp-json\/wp\/v2\/pages"}],"about":[{"href":"https:\/\/migrapixel.pt\/en\/wp-json\/wp\/v2\/types\/page"}],"author":[{"embeddable":true,"href":"https:\/\/migrapixel.pt\/en\/wp-json\/wp\/v2\/users\/1"}],"replies":[{"embeddable":true,"href":"https:\/\/migrapixel.pt\/en\/wp-json\/wp\/v2\/comments?post=7556"}],"version-history":[{"count":33,"href":"https:\/\/migrapixel.pt\/en\/wp-json\/wp\/v2\/pages\/7556\/revisions"}],"predecessor-version":[{"id":7623,"href":"https:\/\/migrapixel.pt\/en\/wp-json\/wp\/v2\/pages\/7556\/revisions\/7623"}],"wp:attachment":[{"href":"https:\/\/migrapixel.pt\/en\/wp-json\/wp\/v2\/media?parent=7556"}],"curies":[{"name":"wp","href":"https:\/\/api.w.org\/{rel}","templated":true}]}}