{"id":7729,"date":"2023-10-03T21:15:28","date_gmt":"2023-10-03T21:15:28","guid":{"rendered":"https:\/\/migrapixel.pt\/?page_id=7729"},"modified":"2023-10-04T08:58:29","modified_gmt":"2023-10-04T08:58:29","slug":"modelo_de-pagina-2","status":"publish","type":"page","link":"https:\/\/migrapixel.pt\/en\/modelo_de-pagina-2\/","title":{"rendered":"Modelo de p\u00e1gina \u2013 2"},"content":{"rendered":"\t\t<div data-elementor-type=\"wp-page\" data-elementor-id=\"7729\" class=\"elementor elementor-7729\">\n\t\t\t\t\t\t<section class=\"elementor-section elementor-top-section elementor-element elementor-element-3a69326 elementor-section-full_width elementor-section-height-full elementor-section-height-default elementor-section-items-middle\" data-id=\"3a69326\" data-element_type=\"section\" data-e-type=\"section\">\n\t\t\t\t\t\t<div class=\"elementor-container elementor-column-gap-no\">\n\t\t\t\t\t<div class=\"elementor-column elementor-col-100 elementor-top-column elementor-element elementor-element-9e1d5aa\" data-id=\"9e1d5aa\" data-element_type=\"column\" data-e-type=\"column\" id=\"migraeffect3\">\n\t\t\t<div class=\"elementor-widget-wrap elementor-element-populated\">\n\t\t\t\t\t\t<div class=\"elementor-element elementor-element-34737fa elementor-widget elementor-widget-html\" data-id=\"34737fa\" data-element_type=\"widget\" data-e-type=\"widget\" data-widget_type=\"html.default\">\n\t\t\t\t<div class=\"elementor-widget-container\">\n\t\t\t\t\t<header>\n  <a href=\"https:\/\/bit.ly\/m\/JordanDey\" target=\"_top\"><img decoding=\"async\" class=\"logo\" src=\"https:\/\/pbs.twimg.com\/profile_images\/1640983562877915137\/uWv4xy5V_400x400.jpg\" \/><\/a>\n  <a href=\"https:\/\/bit.ly\/m\/JordanDey\" target=\"_top\">Follow & Like for more \u2661<\/a>\n  <a href=\"https:\/\/dribbble.com\/shots\/8867020--Roto-transitions-Concept\" target=\"_top\">Inspired by Giulio Cuscito<\/a>\n<\/header>\n<main>\n  <div class=\"background\"><\/div>\n  <div class=\"background background--2\"><\/div>\n  <div class=\"background background--3\"><\/div>\n  <div class=\"content\">\n    <h1><\/h1>\n    <hr \/>\n    <h2><\/h2>\n  <\/div>\n<\/main>\n<footer>\n  <div class=\"sharethis-inline-share-buttons\"><\/div>\n  <a href=\"https:\/\/bit.ly\/m\/JordanDey\" target=\"_top\">CodePen by Jordan Dey<\/a>\n  <div class=\"randomize\">\n    <span>Randomize<\/span>\n    <hr \/>\n    <button>\u21bb<\/button>\n  <\/div>\n<\/footer>\t\t\t\t<\/div>\n\t\t\t\t<\/div>\n\t\t\t\t<div class=\"elementor-element elementor-element-18a02ba elementor-widget elementor-widget-html\" data-id=\"18a02ba\" data-element_type=\"widget\" data-e-type=\"widget\" data-widget_type=\"html.default\">\n\t\t\t\t<div class=\"elementor-widget-container\">\n\t\t\t\t\t<style>\n    \n    @import url(\"https:\/\/fonts.googleapis.com\/css2?family=Literata:opsz,wght@7..72,200&display=swap\");\n\n:root {\n  --img-current: url(https:\/\/cdn.pixabay.com\/photo\/2021\/11\/26\/17\/26\/dubai-desert-safari-6826298_1280.jpg);\n  --img-next: url(https:\/\/cdn.pixabay.com\/photo\/2017\/01\/20\/00\/30\/maldives-1993704_1280.jpg);\n  --text-current-title: \"Sahara\";\n  --text-next-title: \"Maldives\";\n  --text-current-subtitle: \"Marrakech\";\n  --text-next-subtitle: \"Indian Ocean\";\n}\n\n* {\n  box-sizing: border-box;\n}\n\nbody {\n  margin: 0;\n  font-family: sans-serif;\n  text-transform: uppercase;\n  font-weight: 700;\n  font-size: clamp(0.7rem, 1vw, 0.8rem);\n  color: #fff;\n}\n\na {\n  color: inherit;\n  text-decoration: none;\n}\n\nheader,\nfooter {\n  position: static;\n  z-index: 50;\n  display: flex;\n  justify-content: space-between;\n  align-items: center;\n  width: 100%;\n}\n\nheader > *,\nfooter > * {\n  flex: 1 1 100%;\n  padding: 2rem;\n}\n\nheader {\n  top: 0;\n}\n\nfooter {\n  bottom: 0;\n}\n\nheader > *:nth-child(2),\nfooter > *:nth-child(2) {\n  text-align: center;\n}\n\nheader > *:nth-child(3),\nfooter > *:nth-child(3) {\n  text-align: right;\n}\n\nmain {\n  position: relative;\n  width: 100vw;\n  height: 100vh;\n  overflow: hidden;\n}\n\nh1,\nh2 {\n  display: block;\n  text-wrap: nowrap;\n  margin: 0;\n  overflow: hidden;\n  clip-path: inset(0 0 0 0);\n}\nh1::before,\nh2::before {\n  transition-delay: 0.5s;\n  transform: translate(-50%, 0%);\n}\n\nh1 {\n  font-family: \"Literata\";\n  font-weight: 200;\n  height: clamp(2rem, 8vw, 4rem);\n  font-size: clamp(2rem, 8vw, 4rem);\n  letter-spacing: clamp(0.5rem, 5vw, 10rem);\n  margin-left: clamp(0.5rem, 5vw, 10rem);\n}\nh1::before,\nh1::after {\n  content: var(--text-current-title);\n  position: absolute;\n  line-height: 1;\n}\nh1::after {\n  content: var(--text-next-title);\n  transition-delay: 0.5s;\n  transform: translate(-50%, 100%);\n}\n\nh2 {\n  height: clamp(0.9rem, 2vw, 1.1rem);\n  font-size: clamp(0.9rem, 2vw, 1.1rem);\n  letter-spacing: clamp(0.5rem, 3vw, 5rem);\n  margin-left: clamp(0.5rem, 3vw, 5rem);\n  font-weight: 400;\n}\nh2::before,\nh2::after {\n  content: var(--text-current-subtitle);\n  position: absolute;\n  line-height: 1;\n}\nh2::after {\n  content: var(--text-next-subtitle);\n  transition-delay: 0.5s;\n  transform: translate(-50%, -100%);\n}\n\nhr {\n  opacity: 0.3;\n  border: none;\n  height: 2px;\n  background: #fff;\n}\n\n.logo {\n  width: 30px;\n  height: 30px;\n  border-radius: 50%;\n}\n\n.background {\n  position: absolute;\n  top: 50%;\n  left: 50%;\n  width: max(180vw, 180vh);\n  aspect-ratio: 1\/1;\n  transform: translate(-50%, -50%);\n  filter: brightness(0.8);\n}\n\n.background::before,\n.background::after {\n  content: \"\";\n  position: absolute;\n  inset: 0;\n  background-size: max(110vw, 110vh) max(110vw, 110vh);\n  background-position: 50%;\n  transition: all 1.5s;\n  transition-timing-function: ease-in-out;\n}\n\n.background::before {\n  background-image: var(--img-current);\n}\n\n.background::after {\n  background-image: var(--img-next);\n  opacity: 0;\n}\n.background--2::after {\n  transition-delay: 0.2s;\n}\n.background--3::after {\n  transition-delay: 0.4s;\n}\n\n.background--2::before,\n.background--2::after {\n  clip-path: circle(23%);\n  filter: brightness(0.8);\n}\n\n.background--3::before,\n.background--3::after {\n  clip-path: circle(13%);\n}\n\n.body--animated .background::before,\n.body--animated .background::after {\n  animation: rotate ease-in-out 1s forwards;\n  animation-delay: 0.4s;\n  transition-delay: 0.4s;\n}\n.body--animated .background--2::before,\n.body--animated .background--2::after {\n  animation-delay: 0.2s;\n  transition-delay: 0.2s;\n}\n.body--animated .background--3::before,\n.body--animated .background--3::after {\n  animation-delay: 0s;\n  transition-delay: 0s;\n}\n\n.body--animated .background::after {\n  opacity: 1;\n}\n\n.body--animated h1::before,\n.body--animated h2::before,\n.body--animated h1::after,\n.body--animated h2::after {\n  transition-delay: 0.5s;\n  transition-duration: 0.5s;\n}\n.body--animated h1:before {\n  transform: translate(-50%, -100%);\n}\n.body--animated h1:after {\n  transform: translate(-50%, 0%);\n}\n.body--animated h2:before {\n  transform: translate(-50%, 100%);\n}\n.body--animated h2:after {\n  transform: translate(-50%, 0%);\n}\n\n.content {\n  position: absolute;\n  top: 50%;\n  left: 50%;\n  width: 95%;\n  text-align: center;\n  transform: translate(-50%, clamp(-2rem, -4vw, -1rem));\n}\n\n.content hr {\n  max-width: 400px;\n  margin: clamp(1rem, 5vw, 2.5rem) auto;\n}\n\n.randomize {\n  display: flex;\n  justify-content: end;\n  align-items: center;\n  flex-wrap: wrap;\n  cursor: pointer;\n}\n\n.randomize hr {\n  display: inline-block;\n  width: 25px;\n  margin: 0 1vw;\n}\n\n.randomize button {\n  background: #cfd865;\n  width: clamp(2rem, 4vw, 3rem);\n  aspect-ratio: 1\/1;\n  border: none;\n  border-radius: 50%;\n  font-size: clamp(1rem, 2vw, 1.5rem);\n  cursor: pointer;\n}\n\n\/* animation *\/\n\n@keyframes rotate {\n  0% {\n    transform: rotate(0) translateZ(0);\n    background-size: max(110vw, 110vh) max(110vw, 110vh);\n  }\n  50% {\n    background-size: max(160vw, 160vh) max(160vw, 160vh);\n  }\n  100% {\n    transform: rotate(360deg) translateZ(0);\n    background-size: max(110vw, 110vh) max(110vw, 110vh);\n  }\n}\n\n\/* sharethis *\/\n\nfooter #st-1.sharethis-inline-share-buttons {\n  text-align: left;\n}\n\nfooter #st-1.sharethis-inline-share-buttons .st-btn {\n  border: none;\n  background: rgba(0, 0, 0, 0);\n}\n\nfooter #st-1.sharethis-inline-share-buttons .st-btn img {\n  filter: brightness(5);\n}\n\n<\/style>\t\t\t\t<\/div>\n\t\t\t\t<\/div>\n\t\t\t\t<div class=\"elementor-element elementor-element-0c805a0 elementor-widget elementor-widget-shortcode\" data-id=\"0c805a0\" data-element_type=\"widget\" data-e-type=\"widget\" data-widget_type=\"shortcode.default\">\n\t\t\t\t<div class=\"elementor-widget-container\">\n\t\t\t\t\t\t\t<div class=\"elementor-shortcode\"><script>const r = document.querySelector(\":root\");\r\nconst bodyElement = document.body;\r\nconst randomizeElement = document.querySelector(\".randomize\");\r\nconst destinations = [\r\n  {\r\n    name: \"Saharas\",\r\n    location: \"Marrakech cenascenas\",\r\n    img:\r\n      \"https:\/\/cdn.pixabay.com\/photo\/2021\/11\/26\/17\/26\/dubai-desert-safari-6826298_1280.jpg\"\r\n  },\r\n  {\r\n    name: \"Maldives\",\r\n    location: \"Indian Ocean\",\r\n    img:\r\n      \"https:\/\/cdn.pixabay.com\/photo\/2017\/01\/20\/00\/30\/maldives-1993704_1280.jpg\"\r\n  },\r\n  {\r\n    name: \"Dolomites\",\r\n    location: \"Italy\",\r\n    img:\r\n      \"https:\/\/cdn.pixabay.com\/photo\/2020\/03\/29\/09\/24\/pale-di-san-martino-4979964_1280.jpg\"\r\n  },\r\n  {\r\n    name: \"Highland\",\r\n    location: \"Scotland\",\r\n    img:\r\n      \"https:\/\/cdn.pixabay.com\/photo\/2014\/11\/21\/03\/26\/neist-point-540119_1280.jpg\"\r\n  },\r\n  {\r\n    name: \"Kleifarvatn\",\r\n    location: \"Iceland\",\r\n    img:\r\n      \"https:\/\/cdn.pixabay.com\/photo\/2017\/03\/02\/16\/54\/iceland-2111811_1280.jpg\"\r\n  },\r\n  {\r\n    name: \"Taj Mahal\",\r\n    location: \"India\",\r\n    img:\r\n      \"https:\/\/cdn.pixabay.com\/photo\/2023\/08\/19\/13\/26\/ai-generated-8200484_1280.jpg\"\r\n  },\r\n  {\r\n    name: \"Colorado\",\r\n    location: \"Arizona\",\r\n    img:\r\n      \"https:\/\/cdn.pixabay.com\/photo\/2016\/11\/29\/03\/13\/desert-1867005_1280.jpg\"\r\n  },\r\n  {\r\n    name: \"Santorin\",\r\n    location: \"Greece\",\r\n    img:\r\n      \"https:\/\/cdn.pixabay.com\/photo\/2017\/01\/30\/07\/54\/church-2020258_1280.jpg\"\r\n  },\r\n  {\r\n    name: \"Petra\",\r\n    location: \"Jordan\",\r\n    img: \"https:\/\/cdn.pixabay.com\/photo\/2019\/07\/20\/19\/12\/petra-4351361_1280.jpg\"\r\n  },\r\n  {\r\n    name: \"Fundy\",\r\n    location: \"Canada\",\r\n    img: \"https:\/\/cdn.pixabay.com\/photo\/2020\/11\/22\/07\/11\/river-5765785_1280.jpg\"\r\n  },\r\n  {\r\n    name: \"Fuji\",\r\n    location: \"Japan\",\r\n    img: \"https:\/\/cdn.pixabay.com\/photo\/2016\/12\/12\/22\/31\/japan-1902834_1280.jpg\"\r\n  },\r\n  {\r\n    name: \"Ha Long Bay\",\r\n    location: \"Vietnam\",\r\n    img:\r\n      \"https:\/\/cdn.pixabay.com\/photo\/2022\/10\/21\/10\/00\/marvel-7536676_1280.jpg\"\r\n  }\r\n];\r\nlet nextDestination = destinations[1];\r\n\r\nconst getRandomDestination = () => {\r\n  const randomId = Math.floor(Math.random() * destinations.length);\r\n  return destinations[randomId];\r\n};\r\n\r\nconst displayNextContent = () => {\r\n  if (bodyElement.classList.contains(\"body--animated\")) {\r\n    return;\r\n  }\r\n\r\n  bodyElement.classList.add(\"body--animated\");\r\n\r\n  setTimeout(() => {\r\n    r.style.setProperty(\"--img-current\", `url(${nextDestination.img})`);\r\n    r.style.setProperty(\"--text-current-title\", `\"${nextDestination.name}\"`);\r\n    r.style.setProperty(\r\n      \"--text-current-subtitle\",\r\n      `\"${nextDestination.location}\"`\r\n    );\r\n    setTimeout(() => {\r\n      bodyElement.classList.remove(\"body--animated\");\r\n      setTimeout(() => {\r\n        nextDestination = getRandomDestination();\r\n        r.style.setProperty(\"--img-next\", `url(${nextDestination.img})`);\r\n        r.style.setProperty(\"--text-next-title\", `\"${nextDestination.name}\"`);\r\n        r.style.setProperty(\r\n          \"--text-next-subtitle\",\r\n          `\"${nextDestination.location}\"`\r\n        );\r\n      }, 1000);\r\n    }, 1000);\r\n  }, 1000);\r\n};\r\n\r\nrandomizeElement.addEventListener(\"click\", displayNextContent);\r\n\r\n\/\/ start on fist load only for CodePen Animation ;)\r\ndisplayNextContent();\r\n<\/script><\/div>\n\t\t\t\t\t\t<\/div>\n\t\t\t\t<\/div>\n\t\t\t\t\t<\/div>\n\t\t<\/div>\n\t\t\t\t\t<\/div>\n\t\t<\/section>\n\t\t\t\t<\/div>\n\t\t","protected":false},"excerpt":{"rendered":"<p>Follow &#038; Like for more \u2661 Inspired by Giulio Cuscito CodePen by Jordan Dey Randomize \u21bb<\/p>","protected":false},"author":1,"featured_media":0,"parent":0,"menu_order":0,"comment_status":"closed","ping_status":"closed","template":"elementor_canvas","meta":{"footnotes":""},"class_list":["post-7729","page","type-page","status-publish","hentry"],"yoast_head":"<!-- This site is optimized with the Yoast SEO plugin v27.4 - https:\/\/yoast.com\/product\/yoast-seo-wordpress\/ -->\n<title>Modelo de p\u00e1gina \u2013 2 - MigraPixel<\/title>\n<meta name=\"robots\" content=\"noindex, nofollow\" \/>\n<meta property=\"og:locale\" content=\"en_GB\" \/>\n<meta property=\"og:type\" content=\"article\" \/>\n<meta property=\"og:title\" content=\"Modelo de p\u00e1gina \u2013 2 - MigraPixel\" \/>\n<meta property=\"og:description\" content=\"Follow &#038; Like for more \u2661 Inspired by Giulio Cuscito CodePen by Jordan Dey Randomize \u21bb\" \/>\n<meta property=\"og:url\" content=\"https:\/\/migrapixel.pt\/en\/modelo_de-pagina-2\/\" \/>\n<meta property=\"og:site_name\" content=\"MigraPixel\" \/>\n<meta property=\"article:publisher\" content=\"https:\/\/www.facebook.com\/migrapixel\" \/>\n<meta property=\"article:modified_time\" content=\"2023-10-04T08:58:29+00:00\" \/>\n<meta property=\"og:image\" content=\"https:\/\/pbs.twimg.com\/profile_images\/1640983562877915137\/uWv4xy5V_400x400.jpg\" \/>\n<meta name=\"twitter:card\" content=\"summary_large_image\" \/>\n<meta name=\"twitter:label1\" content=\"Estimated reading time\" \/>\n\t<meta name=\"twitter:data1\" content=\"1 minute\" \/>\n<script type=\"application\/ld+json\" class=\"yoast-schema-graph\">{\"@context\":\"https:\\\/\\\/schema.org\",\"@graph\":[{\"@type\":\"WebPage\",\"@id\":\"https:\\\/\\\/migrapixel.pt\\\/modelo_de-pagina-2\\\/\",\"url\":\"https:\\\/\\\/migrapixel.pt\\\/modelo_de-pagina-2\\\/\",\"name\":\"Modelo de p\u00e1gina \u2013 2 - MigraPixel\",\"isPartOf\":{\"@id\":\"https:\\\/\\\/migrapixel.pt\\\/#website\"},\"primaryImageOfPage\":{\"@id\":\"https:\\\/\\\/migrapixel.pt\\\/modelo_de-pagina-2\\\/#primaryimage\"},\"image\":{\"@id\":\"https:\\\/\\\/migrapixel.pt\\\/modelo_de-pagina-2\\\/#primaryimage\"},\"thumbnailUrl\":\"https:\\\/\\\/pbs.twimg.com\\\/profile_images\\\/1640983562877915137\\\/uWv4xy5V_400x400.jpg\",\"datePublished\":\"2023-10-03T21:15:28+00:00\",\"dateModified\":\"2023-10-04T08:58:29+00:00\",\"breadcrumb\":{\"@id\":\"https:\\\/\\\/migrapixel.pt\\\/modelo_de-pagina-2\\\/#breadcrumb\"},\"inLanguage\":\"en-GB\",\"potentialAction\":[{\"@type\":\"ReadAction\",\"target\":[\"https:\\\/\\\/migrapixel.pt\\\/modelo_de-pagina-2\\\/\"]}]},{\"@type\":\"ImageObject\",\"inLanguage\":\"en-GB\",\"@id\":\"https:\\\/\\\/migrapixel.pt\\\/modelo_de-pagina-2\\\/#primaryimage\",\"url\":\"https:\\\/\\\/pbs.twimg.com\\\/profile_images\\\/1640983562877915137\\\/uWv4xy5V_400x400.jpg\",\"contentUrl\":\"https:\\\/\\\/pbs.twimg.com\\\/profile_images\\\/1640983562877915137\\\/uWv4xy5V_400x400.jpg\"},{\"@type\":\"BreadcrumbList\",\"@id\":\"https:\\\/\\\/migrapixel.pt\\\/modelo_de-pagina-2\\\/#breadcrumb\",\"itemListElement\":[{\"@type\":\"ListItem\",\"position\":1,\"name\":\"In\u00edcio\",\"item\":\"https:\\\/\\\/migrapixel.pt\\\/\"},{\"@type\":\"ListItem\",\"position\":2,\"name\":\"Modelo de p\u00e1gina \u2013 2\"}]},{\"@type\":\"WebSite\",\"@id\":\"https:\\\/\\\/migrapixel.pt\\\/#website\",\"url\":\"https:\\\/\\\/migrapixel.pt\\\/\",\"name\":\"MigraPixel\",\"description\":\"MigraPixel |Programa\u00e7\u00e3o |Conte\u00fados Digitais | Alojamento Web | DG\",\"publisher\":{\"@id\":\"https:\\\/\\\/migrapixel.pt\\\/#organization\"},\"potentialAction\":[{\"@type\":\"SearchAction\",\"target\":{\"@type\":\"EntryPoint\",\"urlTemplate\":\"https:\\\/\\\/migrapixel.pt\\\/?s={search_term_string}\"},\"query-input\":{\"@type\":\"PropertyValueSpecification\",\"valueRequired\":true,\"valueName\":\"search_term_string\"}}],\"inLanguage\":\"en-GB\"},{\"@type\":\"Organization\",\"@id\":\"https:\\\/\\\/migrapixel.pt\\\/#organization\",\"name\":\"MigraPixel\",\"url\":\"https:\\\/\\\/migrapixel.pt\\\/\",\"logo\":{\"@type\":\"ImageObject\",\"inLanguage\":\"en-GB\",\"@id\":\"https:\\\/\\\/migrapixel.pt\\\/#\\\/schema\\\/logo\\\/image\\\/\",\"url\":\"https:\\\/\\\/migrapixel.pt\\\/wp-content\\\/uploads\\\/2022\\\/11\\\/Ativo-1-scaled-1.webp\",\"contentUrl\":\"https:\\\/\\\/migrapixel.pt\\\/wp-content\\\/uploads\\\/2022\\\/11\\\/Ativo-1-scaled-1.webp\",\"width\":2560,\"height\":555,\"caption\":\"MigraPixel\"},\"image\":{\"@id\":\"https:\\\/\\\/migrapixel.pt\\\/#\\\/schema\\\/logo\\\/image\\\/\"},\"sameAs\":[\"https:\\\/\\\/www.facebook.com\\\/migrapixel\",\"https:\\\/\\\/www.instagram.com\\\/migrapixel\\\/\"]}]}<\/script>\n<!-- \/ Yoast SEO plugin. -->","yoast_head_json":{"title":"Modelo de p\u00e1gina \u2013 2 - MigraPixel","robots":{"index":"noindex","follow":"nofollow"},"og_locale":"en_GB","og_type":"article","og_title":"Modelo de p\u00e1gina \u2013 2 - MigraPixel","og_description":"Follow &#038; Like for more \u2661 Inspired by Giulio Cuscito CodePen by Jordan Dey Randomize \u21bb","og_url":"https:\/\/migrapixel.pt\/en\/modelo_de-pagina-2\/","og_site_name":"MigraPixel","article_publisher":"https:\/\/www.facebook.com\/migrapixel","article_modified_time":"2023-10-04T08:58:29+00:00","og_image":[{"url":"https:\/\/pbs.twimg.com\/profile_images\/1640983562877915137\/uWv4xy5V_400x400.jpg","type":"","width":"","height":""}],"twitter_card":"summary_large_image","twitter_misc":{"Estimated reading time":"1 minute"},"schema":{"@context":"https:\/\/schema.org","@graph":[{"@type":"WebPage","@id":"https:\/\/migrapixel.pt\/modelo_de-pagina-2\/","url":"https:\/\/migrapixel.pt\/modelo_de-pagina-2\/","name":"Modelo de p\u00e1gina \u2013 2 - MigraPixel","isPartOf":{"@id":"https:\/\/migrapixel.pt\/#website"},"primaryImageOfPage":{"@id":"https:\/\/migrapixel.pt\/modelo_de-pagina-2\/#primaryimage"},"image":{"@id":"https:\/\/migrapixel.pt\/modelo_de-pagina-2\/#primaryimage"},"thumbnailUrl":"https:\/\/pbs.twimg.com\/profile_images\/1640983562877915137\/uWv4xy5V_400x400.jpg","datePublished":"2023-10-03T21:15:28+00:00","dateModified":"2023-10-04T08:58:29+00:00","breadcrumb":{"@id":"https:\/\/migrapixel.pt\/modelo_de-pagina-2\/#breadcrumb"},"inLanguage":"en-GB","potentialAction":[{"@type":"ReadAction","target":["https:\/\/migrapixel.pt\/modelo_de-pagina-2\/"]}]},{"@type":"ImageObject","inLanguage":"en-GB","@id":"https:\/\/migrapixel.pt\/modelo_de-pagina-2\/#primaryimage","url":"https:\/\/pbs.twimg.com\/profile_images\/1640983562877915137\/uWv4xy5V_400x400.jpg","contentUrl":"https:\/\/pbs.twimg.com\/profile_images\/1640983562877915137\/uWv4xy5V_400x400.jpg"},{"@type":"BreadcrumbList","@id":"https:\/\/migrapixel.pt\/modelo_de-pagina-2\/#breadcrumb","itemListElement":[{"@type":"ListItem","position":1,"name":"In\u00edcio","item":"https:\/\/migrapixel.pt\/"},{"@type":"ListItem","position":2,"name":"Modelo de p\u00e1gina \u2013 2"}]},{"@type":"WebSite","@id":"https:\/\/migrapixel.pt\/#website","url":"https:\/\/migrapixel.pt\/","name":"MigraPixel","description":"MigraPixel |Programa\u00e7\u00e3o |Conte\u00fados Digitais | Alojamento Web | DG","publisher":{"@id":"https:\/\/migrapixel.pt\/#organization"},"potentialAction":[{"@type":"SearchAction","target":{"@type":"EntryPoint","urlTemplate":"https:\/\/migrapixel.pt\/?s={search_term_string}"},"query-input":{"@type":"PropertyValueSpecification","valueRequired":true,"valueName":"search_term_string"}}],"inLanguage":"en-GB"},{"@type":"Organization","@id":"https:\/\/migrapixel.pt\/#organization","name":"MigraPixel","url":"https:\/\/migrapixel.pt\/","logo":{"@type":"ImageObject","inLanguage":"en-GB","@id":"https:\/\/migrapixel.pt\/#\/schema\/logo\/image\/","url":"https:\/\/migrapixel.pt\/wp-content\/uploads\/2022\/11\/Ativo-1-scaled-1.webp","contentUrl":"https:\/\/migrapixel.pt\/wp-content\/uploads\/2022\/11\/Ativo-1-scaled-1.webp","width":2560,"height":555,"caption":"MigraPixel"},"image":{"@id":"https:\/\/migrapixel.pt\/#\/schema\/logo\/image\/"},"sameAs":["https:\/\/www.facebook.com\/migrapixel","https:\/\/www.instagram.com\/migrapixel\/"]}]}},"_links":{"self":[{"href":"https:\/\/migrapixel.pt\/en\/wp-json\/wp\/v2\/pages\/7729","targetHints":{"allow":["GET"]}}],"collection":[{"href":"https:\/\/migrapixel.pt\/en\/wp-json\/wp\/v2\/pages"}],"about":[{"href":"https:\/\/migrapixel.pt\/en\/wp-json\/wp\/v2\/types\/page"}],"author":[{"embeddable":true,"href":"https:\/\/migrapixel.pt\/en\/wp-json\/wp\/v2\/users\/1"}],"replies":[{"embeddable":true,"href":"https:\/\/migrapixel.pt\/en\/wp-json\/wp\/v2\/comments?post=7729"}],"version-history":[{"count":26,"href":"https:\/\/migrapixel.pt\/en\/wp-json\/wp\/v2\/pages\/7729\/revisions"}],"predecessor-version":[{"id":7797,"href":"https:\/\/migrapixel.pt\/en\/wp-json\/wp\/v2\/pages\/7729\/revisions\/7797"}],"wp:attachment":[{"href":"https:\/\/migrapixel.pt\/en\/wp-json\/wp\/v2\/media?parent=7729"}],"curies":[{"name":"wp","href":"https:\/\/api.w.org\/{rel}","templated":true}]}}