{"id":7785,"date":"2023-10-04T08:47:23","date_gmt":"2023-10-04T08:47:23","guid":{"rendered":"https:\/\/migrapixel.pt\/?page_id=7785"},"modified":"2023-12-13T10:08:59","modified_gmt":"2023-12-13T10:08:59","slug":"modelo-de-pagina-1","status":"publish","type":"page","link":"https:\/\/migrapixel.pt\/en\/modelo-de-pagina-1\/","title":{"rendered":"Modelo de p\u00e1gina &#8211; 1"},"content":{"rendered":"<div data-elementor-type=\"wp-page\" data-elementor-id=\"7785\" class=\"elementor elementor-7785\">\n\t\t\t\t\t\t<section class=\"elementor-section elementor-top-section elementor-element elementor-element-98a56b5 elementor-section-full_width elementor-section-height-full elementor-section-height-default elementor-section-items-middle\" data-id=\"98a56b5\" data-element_type=\"section\" data-e-type=\"section\" id=\"migraeffect5\">\n\t\t\t\t\t\t<div class=\"elementor-container elementor-column-gap-no\">\n\t\t\t\t\t<div class=\"elementor-column elementor-col-100 elementor-top-column elementor-element elementor-element-a1b4080\" data-id=\"a1b4080\" data-element_type=\"column\" data-e-type=\"column\">\n\t\t\t<div class=\"elementor-widget-wrap elementor-element-populated\">\n\t\t\t\t\t\t<div class=\"elementor-element elementor-element-eaad7da elementor-widget elementor-widget-html\" data-id=\"eaad7da\" data-element_type=\"widget\" data-e-type=\"widget\" data-widget_type=\"html.default\">\n\t\t\t\t<div class=\"elementor-widget-container\">\n\t\t\t\t\t<style>\n    #migraeffect5 .content-wrapper {\n       padding: 0px 0!important;\n}\n<\/style>\n<div class=\"container\">\n\n<div class=\"content-wrapper\">\n  <div class=\"content\">\n    <div class=\"section section-1\">\n      <div class=\"section-inner\">\n        <div class=\"first_title_slide\"> \n            <h2>O sistema de Marca\u00e7\u00f5es<\/h2>\n        <\/div>\n        <h2>Objetivo<\/h2>\n        <p>projetado para aumentar suas vendas on-line e facilitar agendamentos. Este \u00e9 um balc\u00e3o \u00fanico para qualquer empresa de sal\u00f5es de cabeleireiro ou fotografia at\u00e9 gest\u00e3o de patrim\u00f4nio e transporte.<\/p>\n      <\/div>\n    <\/div>\n    <div class=\"section section-2\">\n      <div class=\"section-inner\">\n        <div class=\"first_title_slide\"> \n            <h2>Sistema de Marca\u00e7\u00f5es<\/h2>\n        <\/div>\n        <h2>Caracteristicas<\/h2>\n        <p>\n- <strong>Notifica\u00e7\u00f5es personaliz\u00e1veis de SMS e notifica\u00e7\u00f5es por e-mail<\/strong><br>\n- \u00c1rea de administra\u00e7\u00e3o abrangente com uma interface intuitiva Mensalmente\/semanalmente\/diariamente visualiza\u00e7\u00e3o de calend\u00e1rio para o pempres\u00e1rio<br>\n- Lista gerenci\u00e1vel de seus clientes<br>\n- lista de reservas filtr\u00e1vel, classific\u00e1vel e pesquis\u00e1vel de seus clientes<br>\n- Dura\u00e7\u00e3o vari\u00e1vel para cada servi\u00e7o (5 min \u2013 7 dias)<br>\n- Servi\u00e7os agrupados em categorias<br>\n- Campanhas de envio por SMS automatizadas para diversos fins de marketing<\/p>\n      <\/div>\n    <\/div>\n      <div class=\"section section-3\">\n      <div class=\"section-inner\">\n        <div class=\"first_title_slide\"> \n            <h2>Sistema de Marca\u00e7\u00f5es<\/h2>\n        <\/div>\n        <h2>Mais funcionalidades<\/h2>\n        <p>\n        - Capacidade de receber pagamentos on-line seguros e flex\u00edveis dos seus clientes<br>\n        - Modelos adicionais para notifica\u00e7\u00f5es por e-mail (por exemplo, lembretes sobre compromissos futuros, mensagens de acompanhamento, felicita\u00e7\u00f5es de anivers\u00e1rio, agenda do dia seguinte, etc.)<br>\n        - Integra\u00e7\u00e3o com o Calend\u00e1rio da Google<br>\n        - An\u00e1lises integradas para que voc\u00ea possa ver um relat\u00f3rio<br> abrangente sobre o n\u00famero de reservas, clientes e pagamentos recebidos<br>\n        - Integra\u00e7\u00e3o com Zoom ou Google Meet\n        <\/p>\n      <\/div>\n    <\/div>\n    <div class=\"section section-4\">\n      <div class=\"section-inner\">\n        <div class=\"first_title_slide\"> \n            <h2>Para o cliente<\/h2>\n        <\/div>\n        <h2>Simples e r\u00e1pido<\/h2>\n        <p>O formul\u00e1rio de agendamento \u00e9 perfeitamente responsivo em qualquer dispositivo e todos os clientes O que voc\u00ea precisa fazer \u00e9 escolher o servi\u00e7o e o hor\u00e1rio desejados, fornecer alguns dados pessoais e pronto \u2013 est\u00e1 feito! Os seus clientes receber\u00e3o um e-mail ou notifica\u00e7\u00e3o por SMS antes do agendamento e ser\u00e3o adicionados automaticamente \u00e0 sua marca\u00e7\u00e3o de agendamento. Calend\u00e1rio.<\/p>\n      <\/div>\n    <\/div>\n    <div class=\"section section-5\">\n      <div class=\"section-inner\">\n\n        <h2>O cliente poder\u00e1 ...<\/h2>\n        <p>\u2013 agende e agende um compromisso rapidamente, sem precisar fazer isso entrar em contato diretamente com voc\u00ea ou seu funcion\u00e1rio;<br>\n\u2013 fa\u00e7a uma reserva em qualquer dispositivo, j\u00e1 que o design do Bookly \u00e9 totalmente responsivo;<br>\n\u2013 selecione a categoria, a servi\u00e7o e funcion\u00e1rio para executar o servi\u00e7o;<br>\n\u2013 defina as datas e hor\u00e1rios que melhor funcionam para eles e o sistema de reservas oferecer\u00e1 apenas os hor\u00e1rios dispon\u00edveis;<br>\n\u2013 preencha a quantidade m\u00ednima de dados de contato;<br>\n\u2013 receber uma notifica\u00e7\u00e3o por e-mail e SMS confirmando suas reservas on-line;<br>\n\u2013 receber lembrete por SMS sobre um pr\u00f3ximo compromisso.<\/p>\n      <\/div>\n    <\/div>\n    <div class=\"section section-6\">\n      <div class=\"section-inner\">\n        <div class=\"first_title_slide\"> \n            <h2>Para o empres\u00e1rio<\/h2>\n        <\/div>\n        <h2>Controlo, Rapidez e Simplicidade<\/h2>\n        <p>\nPoder\u00e1 navegar no Painel de administra\u00e7\u00e3o, aprovar.aumentar as vendas para se concentrar na parte mais importante do seu neg\u00f3cio: atender os seus clientes e automatize seu agendamento on-line seus compromissos\n\nPode gerir os seus servi\u00e7os, associar funcion\u00e1rios a cada servi\u00e7o, gerir a lista de clientes e enviar e-mail ou Notifica\u00e7\u00f5es por SMS \u2013 tudo em um s\u00f3 lugar.<\/p>\n      <\/div>\n    <\/div>\n   \n    <div class=\"section section-end\"><span><a href=\"https:\/\/migrapixel.pt\/en\/all-contacts\/\" style=\"color:#fff\">CONTACTE-NOS<\/a><\/span><\/div>\n  <\/div>\n<\/div>\n<\/div>\t\t\t\t<\/div>\n\t\t\t\t<\/div>\n\t\t\t\t<div class=\"elementor-element elementor-element-ac0b89c elementor-widget__width-auto elementor-widget elementor-widget-html\" data-id=\"ac0b89c\" data-element_type=\"widget\" data-e-type=\"widget\" data-widget_type=\"html.default\">\n\t\t\t\t<div class=\"elementor-widget-container\">\n\t\t\t\t\t<style>\n\n\n\n.section-1{\n    background-repeat: no-repeat!important;\n    background-size: auto!important;\n    background-size: cover!important; \n    background-image: url(\"https:\/\/migrapixel.pt\/wp-content\/uploads\/2023\/12\/e-commerce.jpeg\");\n}\n.section-2{\n    background-repeat: no-repeat;\n    background-size: auto;\n    background-size: cover!important; \n    background-image: url(\"\");\n}\n.section-3{\n    background-repeat: no-repeat;\n    background-size: auto;\n    background-size: cover!important; \n    background-image: url(\"\");\n}\n.section-4{\n    background-repeat: no-repeat;\n    background-size: auto;\n    background-size: cover; \n    background-image: url(\"\");\n}\n.section-5{\n    background-repeat: no-repeat;\n    background-size: auto;\n    background-size: cover!important; \n    background-image: url(\"\");\n}\n.section-6{\n    background-repeat: no-repeat;\n    background-size: auto;\n    background-size: cover!important; \n    background-image: url(\"\");\n}\n\n\n   #migraeffect5 body {\n  background-color: #060606;\n  margin: 0;\n  font-family: 'Roboto', sans-serif!important;\n}\n\n#migraeffect5  *, #migraeffect5  *:before, *:after {\n  box-sizing: border-box;\n}\n\n#migraeffect5 .first_title_slide h2 {\n    text-transform: uppercase;\n  font-size: 28px;\n  font-weight: 400;\n  line-height: 48px;\n  margin: 80px 0 20px 0;\n}\n\n#migraeffect5 h2 {\n  font-size: 38px;\n  line-height: 48px;\n  margin: 90px 0 20px 0;\n}\n\n#migraeffect5 .container {\n  height: 120vh;\n  width: 100vw;\n}\n\n#migraeffect5 nav {\n  display: flex;\n  height: 56px;\n  width: 100%;\n  max-width: 991px;\n  margin: 0 auto;\n  position: fixed;\n  top: 20px;\n  left: 0;\n  right: 0;\n  z-index: 2;\n}\n\n\n#migraeffect5 .content-wrapper {\n  display: flex;\n  justify-content: center;\n  width: 100%;\n  height: 100%;\n  padding: 20px 0;\n}\n\n#migraeffect5 .content {\n  width: 100%;\n  overflow-y: auto;\n  -ms-overflow-style: none;\n  scrollbar-width: none;\n  position: relative;\n}\n\n#migraeffect5 .content::-webkit-scrollbar {\n  display: none;\n}\n\/*font-color*\/\n#migraeffect5 .section {\n  min-height: 80%;\n  position: sticky;\n  top: 56px;\n  z-index: 2;\n  padding: 30px 40px;\n  display: flex;\n  color: #d3a947;\n  margin: 0 auto;\n  max-width: 100vw;\n}\n\n#migraeffect5 .section-inner {\n  width: 50%;\n  min-width: 400px;\n}\n\n#migraeffect5 .section p {\n  font-size: 18px;\n  font-style: italic;\n  margin-left: 20px;\n  margin-right: 20px;\n}\n\n#migraeffect5 .section-1,\n#migraeffect5 .section-3,\n#migraeffect5 .section-5 {\n  background-color: #fff;\n  color:#000;\n}\n\n#migraeffect5 .section-2,\n#migraeffect5 .section-4,\n#migraeffect5 .section-6 {\n  justify-content: flex-end;\n  text-align: right;\n  background-color: #004c7c;\n  color:#fff;\n}\n\n#migraeffect5 .nav-mark {\n  content: '';\n  position: absolute;\n  left: 0;\n  right: 0;\n  width: 100%;\n  max-width: 991px;\n  min-height: calc(100vh - 183px);\n  margin: 0 auto;\n  transform: translate(0, -80px);\n  z-index: 1;\n}\n\n#migraeffect5 .nav-mark:before {\n  content: '';\n  height: 100%;\n  background: linear-gradient(0deg, rgba(0,0,0,0) 0%, #957aa5 5%, #ffffff 25%, #ffffff 65%, #957AA5 95%, rgba(0,0,0,0) 100%);\n  left: 0;\n  top: 0;\n  position: absolute;\n  width: calc(50% \/ 3);\n}\n\n#migraeffect5 .nav-mark-2:before  {\n  left: calc(50% \/ 3);\n}\n\n#migraeffect5 .nav-mark-3:before  {\n  left: calc(100% \/ 3);\n}\n\n#migraeffect5 .nav-mark-4:before  {\n  left: 50%;\n}\n\n#migraeffect5 .nav-mark-5:before  {\n  left: calc(200% \/ 3);\n}\n\n#migraeffect5 .nav-mark-6:before  {\n  left: calc(250% \/ 3);\n}\n\n#migraeffect5 .section-end {\n  background-color: #060606;\n  display: flex;\n  align-items: center;\n  justify-content: center;\n  min-height: calc(100vh - 40px);\n}\n\n#migraeffect5 .section-end span {\n  color: #f3f3f3;\n  font-family: monospace;\n  font-size: 52px;\n  letter-spacing: 2.35px;\n  transform: scale(0.92);\n}\n<\/style>\t\t\t\t<\/div>\n\t\t\t\t<\/div>\n\t\t\t\t\t<\/div>\n\t\t<\/div>\n\t\t\t\t\t<\/div>\n\t\t<\/section>\n\t\t\t\t<\/div>","protected":false},"excerpt":{"rendered":"<p>O sistema de Marca\u00e7\u00f5es Objetivo projetado para aumentar suas vendas on-line e facilitar agendamentos. Este \u00e9 um balc\u00e3o \u00fanico para qualquer empresa de sal\u00f5es de cabeleireiro ou fotografia at\u00e9 gest\u00e3o de patrim\u00f4nio e transporte. Sistema de Marca\u00e7\u00f5es Caracteristicas &#8211; Notifica\u00e7\u00f5es personaliz\u00e1veis de SMS e notifica\u00e7\u00f5es por e-mail &#8211; \u00c1rea de administra\u00e7\u00e3o abrangente com uma interface [&hellip;]<\/p>\n","protected":false},"author":1,"featured_media":0,"parent":0,"menu_order":0,"comment_status":"closed","ping_status":"closed","template":"","meta":{"footnotes":""},"class_list":["post-7785","page","type-page","status-publish","hentry"],"yoast_head":"<!-- This site is optimized with the Yoast SEO plugin v27.4 - https:\/\/yoast.com\/product\/yoast-seo-wordpress\/ -->\n<title>Modelo de p\u00e1gina - 1 - MigraPixel<\/title>\n<meta name=\"robots\" content=\"noindex, nofollow\" \/>\n<meta property=\"og:locale\" content=\"en_GB\" \/>\n<meta property=\"og:type\" content=\"article\" \/>\n<meta property=\"og:title\" content=\"Modelo de p\u00e1gina - 1 - MigraPixel\" \/>\n<meta property=\"og:description\" content=\"O sistema de Marca\u00e7\u00f5es Objetivo projetado para aumentar suas vendas on-line e facilitar agendamentos. Este \u00e9 um balc\u00e3o \u00fanico para qualquer empresa de sal\u00f5es de cabeleireiro ou fotografia at\u00e9 gest\u00e3o de patrim\u00f4nio e transporte. Sistema de Marca\u00e7\u00f5es Caracteristicas &#8211; Notifica\u00e7\u00f5es personaliz\u00e1veis de SMS e notifica\u00e7\u00f5es por e-mail &#8211; \u00c1rea de administra\u00e7\u00e3o abrangente com uma interface [&hellip;]\" \/>\n<meta property=\"og:url\" content=\"https:\/\/migrapixel.pt\/en\/modelo-de-pagina-1\/\" \/>\n<meta property=\"og:site_name\" content=\"MigraPixel\" \/>\n<meta property=\"article:publisher\" content=\"https:\/\/www.facebook.com\/migrapixel\" \/>\n<meta property=\"article:modified_time\" content=\"2023-12-13T10:08:59+00:00\" \/>\n<meta property=\"og:image\" content=\"https:\/\/migrapixel.pt\/wp-content\/uploads\/2022\/11\/Ativo-1-scaled-1.webp\" \/>\n\t<meta property=\"og:image:width\" content=\"2560\" \/>\n\t<meta property=\"og:image:height\" content=\"555\" \/>\n\t<meta property=\"og:image:type\" content=\"image\/webp\" \/>\n<meta name=\"twitter:card\" content=\"summary_large_image\" \/>\n<meta name=\"twitter:label1\" content=\"Estimated reading time\" \/>\n\t<meta name=\"twitter:data1\" content=\"2 minutes\" \/>\n<script type=\"application\/ld+json\" class=\"yoast-schema-graph\">{\"@context\":\"https:\\\/\\\/schema.org\",\"@graph\":[{\"@type\":\"WebPage\",\"@id\":\"https:\\\/\\\/migrapixel.pt\\\/modelo-de-pagina-1\\\/\",\"url\":\"https:\\\/\\\/migrapixel.pt\\\/modelo-de-pagina-1\\\/\",\"name\":\"Modelo de p\u00e1gina - 1 - MigraPixel\",\"isPartOf\":{\"@id\":\"https:\\\/\\\/migrapixel.pt\\\/#website\"},\"datePublished\":\"2023-10-04T08:47:23+00:00\",\"dateModified\":\"2023-12-13T10:08:59+00:00\",\"breadcrumb\":{\"@id\":\"https:\\\/\\\/migrapixel.pt\\\/modelo-de-pagina-1\\\/#breadcrumb\"},\"inLanguage\":\"en-GB\",\"potentialAction\":[{\"@type\":\"ReadAction\",\"target\":[\"https:\\\/\\\/migrapixel.pt\\\/modelo-de-pagina-1\\\/\"]}]},{\"@type\":\"BreadcrumbList\",\"@id\":\"https:\\\/\\\/migrapixel.pt\\\/modelo-de-pagina-1\\\/#breadcrumb\",\"itemListElement\":[{\"@type\":\"ListItem\",\"position\":1,\"name\":\"In\u00edcio\",\"item\":\"https:\\\/\\\/migrapixel.pt\\\/\"},{\"@type\":\"ListItem\",\"position\":2,\"name\":\"Modelo de p\u00e1gina &#8211; 1\"}]},{\"@type\":\"WebSite\",\"@id\":\"https:\\\/\\\/migrapixel.pt\\\/#website\",\"url\":\"https:\\\/\\\/migrapixel.pt\\\/\",\"name\":\"MigraPixel\",\"description\":\"MigraPixel |Programa\u00e7\u00e3o |Conte\u00fados Digitais | Alojamento Web | DG\",\"publisher\":{\"@id\":\"https:\\\/\\\/migrapixel.pt\\\/#organization\"},\"potentialAction\":[{\"@type\":\"SearchAction\",\"target\":{\"@type\":\"EntryPoint\",\"urlTemplate\":\"https:\\\/\\\/migrapixel.pt\\\/?s={search_term_string}\"},\"query-input\":{\"@type\":\"PropertyValueSpecification\",\"valueRequired\":true,\"valueName\":\"search_term_string\"}}],\"inLanguage\":\"en-GB\"},{\"@type\":\"Organization\",\"@id\":\"https:\\\/\\\/migrapixel.pt\\\/#organization\",\"name\":\"MigraPixel\",\"url\":\"https:\\\/\\\/migrapixel.pt\\\/\",\"logo\":{\"@type\":\"ImageObject\",\"inLanguage\":\"en-GB\",\"@id\":\"https:\\\/\\\/migrapixel.pt\\\/#\\\/schema\\\/logo\\\/image\\\/\",\"url\":\"https:\\\/\\\/migrapixel.pt\\\/wp-content\\\/uploads\\\/2022\\\/11\\\/Ativo-1-scaled-1.webp\",\"contentUrl\":\"https:\\\/\\\/migrapixel.pt\\\/wp-content\\\/uploads\\\/2022\\\/11\\\/Ativo-1-scaled-1.webp\",\"width\":2560,\"height\":555,\"caption\":\"MigraPixel\"},\"image\":{\"@id\":\"https:\\\/\\\/migrapixel.pt\\\/#\\\/schema\\\/logo\\\/image\\\/\"},\"sameAs\":[\"https:\\\/\\\/www.facebook.com\\\/migrapixel\",\"https:\\\/\\\/www.instagram.com\\\/migrapixel\\\/\"]}]}<\/script>\n<!-- \/ Yoast SEO plugin. -->","yoast_head_json":{"title":"Modelo de p\u00e1gina - 1 - MigraPixel","robots":{"index":"noindex","follow":"nofollow"},"og_locale":"en_GB","og_type":"article","og_title":"Modelo de p\u00e1gina - 1 - MigraPixel","og_description":"O sistema de Marca\u00e7\u00f5es Objetivo projetado para aumentar suas vendas on-line e facilitar agendamentos. Este \u00e9 um balc\u00e3o \u00fanico para qualquer empresa de sal\u00f5es de cabeleireiro ou fotografia at\u00e9 gest\u00e3o de patrim\u00f4nio e transporte. Sistema de Marca\u00e7\u00f5es Caracteristicas &#8211; Notifica\u00e7\u00f5es personaliz\u00e1veis de SMS e notifica\u00e7\u00f5es por e-mail &#8211; \u00c1rea de administra\u00e7\u00e3o abrangente com uma interface [&hellip;]","og_url":"https:\/\/migrapixel.pt\/en\/modelo-de-pagina-1\/","og_site_name":"MigraPixel","article_publisher":"https:\/\/www.facebook.com\/migrapixel","article_modified_time":"2023-12-13T10:08:59+00:00","og_image":[{"width":2560,"height":555,"url":"https:\/\/migrapixel.pt\/wp-content\/uploads\/2022\/11\/Ativo-1-scaled-1.webp","type":"image\/webp"}],"twitter_card":"summary_large_image","twitter_misc":{"Estimated reading time":"2 minutes"},"schema":{"@context":"https:\/\/schema.org","@graph":[{"@type":"WebPage","@id":"https:\/\/migrapixel.pt\/modelo-de-pagina-1\/","url":"https:\/\/migrapixel.pt\/modelo-de-pagina-1\/","name":"Modelo de p\u00e1gina - 1 - MigraPixel","isPartOf":{"@id":"https:\/\/migrapixel.pt\/#website"},"datePublished":"2023-10-04T08:47:23+00:00","dateModified":"2023-12-13T10:08:59+00:00","breadcrumb":{"@id":"https:\/\/migrapixel.pt\/modelo-de-pagina-1\/#breadcrumb"},"inLanguage":"en-GB","potentialAction":[{"@type":"ReadAction","target":["https:\/\/migrapixel.pt\/modelo-de-pagina-1\/"]}]},{"@type":"BreadcrumbList","@id":"https:\/\/migrapixel.pt\/modelo-de-pagina-1\/#breadcrumb","itemListElement":[{"@type":"ListItem","position":1,"name":"In\u00edcio","item":"https:\/\/migrapixel.pt\/"},{"@type":"ListItem","position":2,"name":"Modelo de p\u00e1gina &#8211; 1"}]},{"@type":"WebSite","@id":"https:\/\/migrapixel.pt\/#website","url":"https:\/\/migrapixel.pt\/","name":"MigraPixel","description":"MigraPixel |Programa\u00e7\u00e3o |Conte\u00fados Digitais | Alojamento Web | DG","publisher":{"@id":"https:\/\/migrapixel.pt\/#organization"},"potentialAction":[{"@type":"SearchAction","target":{"@type":"EntryPoint","urlTemplate":"https:\/\/migrapixel.pt\/?s={search_term_string}"},"query-input":{"@type":"PropertyValueSpecification","valueRequired":true,"valueName":"search_term_string"}}],"inLanguage":"en-GB"},{"@type":"Organization","@id":"https:\/\/migrapixel.pt\/#organization","name":"MigraPixel","url":"https:\/\/migrapixel.pt\/","logo":{"@type":"ImageObject","inLanguage":"en-GB","@id":"https:\/\/migrapixel.pt\/#\/schema\/logo\/image\/","url":"https:\/\/migrapixel.pt\/wp-content\/uploads\/2022\/11\/Ativo-1-scaled-1.webp","contentUrl":"https:\/\/migrapixel.pt\/wp-content\/uploads\/2022\/11\/Ativo-1-scaled-1.webp","width":2560,"height":555,"caption":"MigraPixel"},"image":{"@id":"https:\/\/migrapixel.pt\/#\/schema\/logo\/image\/"},"sameAs":["https:\/\/www.facebook.com\/migrapixel","https:\/\/www.instagram.com\/migrapixel\/"]}]}},"_links":{"self":[{"href":"https:\/\/migrapixel.pt\/en\/wp-json\/wp\/v2\/pages\/7785","targetHints":{"allow":["GET"]}}],"collection":[{"href":"https:\/\/migrapixel.pt\/en\/wp-json\/wp\/v2\/pages"}],"about":[{"href":"https:\/\/migrapixel.pt\/en\/wp-json\/wp\/v2\/types\/page"}],"author":[{"embeddable":true,"href":"https:\/\/migrapixel.pt\/en\/wp-json\/wp\/v2\/users\/1"}],"replies":[{"embeddable":true,"href":"https:\/\/migrapixel.pt\/en\/wp-json\/wp\/v2\/comments?post=7785"}],"version-history":[{"count":89,"href":"https:\/\/migrapixel.pt\/en\/wp-json\/wp\/v2\/pages\/7785\/revisions"}],"predecessor-version":[{"id":10029,"href":"https:\/\/migrapixel.pt\/en\/wp-json\/wp\/v2\/pages\/7785\/revisions\/10029"}],"wp:attachment":[{"href":"https:\/\/migrapixel.pt\/en\/wp-json\/wp\/v2\/media?parent=7785"}],"curies":[{"name":"wp","href":"https:\/\/api.w.org\/{rel}","templated":true}]}}