{"id":7801,"date":"2023-10-04T09:06:04","date_gmt":"2023-10-04T09:06:04","guid":{"rendered":"https:\/\/migrapixel.pt\/?page_id=7801"},"modified":"2023-10-04T10:02:05","modified_gmt":"2023-10-04T10:02:05","slug":"modelo-de-pagina-3","status":"publish","type":"page","link":"https:\/\/migrapixel.pt\/en\/modelo-de-pagina-3\/","title":{"rendered":"Modelo de p\u00e1gina \u2013 3"},"content":{"rendered":"<div data-elementor-type=\"wp-page\" data-elementor-id=\"7801\" class=\"elementor elementor-7801\">\n\t\t\t\t\t\t<section class=\"elementor-section elementor-top-section elementor-element elementor-element-6a32a2e elementor-section-full_width elementor-section-height-full elementor-section-height-default elementor-section-items-middle\" data-id=\"6a32a2e\" data-element_type=\"section\" data-e-type=\"section\" id=\"migraeffect6\">\n\t\t\t\t\t\t<div class=\"elementor-container elementor-column-gap-no\">\n\t\t\t\t\t<div class=\"elementor-column elementor-col-100 elementor-top-column elementor-element elementor-element-58c1d8e\" data-id=\"58c1d8e\" data-element_type=\"column\" data-e-type=\"column\">\n\t\t\t<div class=\"elementor-widget-wrap elementor-element-populated\">\n\t\t\t\t\t\t<div class=\"elementor-element elementor-element-a6e0802 elementor-widget elementor-widget-html\" data-id=\"a6e0802\" data-element_type=\"widget\" data-e-type=\"widget\" data-widget_type=\"html.default\">\n\t\t\t\t<div class=\"elementor-widget-container\">\n\t\t\t\t\t<div class=\"card\">\n\t<img decoding=\"async\" src=\"https:\/\/images.unsplash.com\/photo-1561037404-61cd46aa615b\">\n\t<img decoding=\"async\" src=\"https:\/\/images.unsplash.com\/photo-1561037404-61cd46aa615b\">\n<\/div>\n<div class=\"card\">\n\t<img decoding=\"async\" src=\"https:\/\/images.unsplash.com\/photo-1514888286974-6c03e2ca1dba\">\n\t<img decoding=\"async\" src=\"https:\/\/images.unsplash.com\/photo-1514888286974-6c03e2ca1dba\">\n<\/div>\n<div class=\"card\">\n\t<img decoding=\"async\" src=\"https:\/\/images.unsplash.com\/photo-1555169062-013468b47731\">\n\t<img decoding=\"async\" src=\"https:\/\/images.unsplash.com\/photo-1555169062-013468b47731\">\n<\/div>\t\t\t\t<\/div>\n\t\t\t\t<\/div>\n\t\t\t\t<div class=\"elementor-element elementor-element-9752e61 elementor-widget elementor-widget-html\" data-id=\"9752e61\" data-element_type=\"widget\" data-e-type=\"widget\" data-widget_type=\"html.default\">\n\t\t\t\t<div class=\"elementor-widget-container\">\n\t\t\t\t\t<style>\nbody {\n\theight: 100vh;\n\tmargin: 0px;\n\tdisplay: flex;\n\talign-items: center;\n\tjustify-content: center;\n\toverflow: hidden;\n}\n\n.card {\n\t--grad-size: min(270vh, 90vw);\n\twidth: min(90vh, 30vw);\n\taspect-ratio: 1;\n\tmargin: min(5vh, 1.67vw);\n\tborder-radius: 10%;\n\tbackground-image: radial-gradient(#fff 0%, #555 30%, #222 50%);\n\tbackground-color: #222;\n\tbackground-position: calc(var(--mouse-x) * 1px - var(--grad-size) \/ 2)\n\t\tcalc(var(--mouse-y) * 1px - var(--grad-size) \/ 2);\n\ttransition: background-position 2s cubic-bezier(0, 0, 0, 1);\n\tbackground-attachment: fixed;\n\tbackground-size: var(--grad-size) var(--grad-size);\n\tbackground-repeat: no-repeat;\n\toverflow: hidden;\n\tcursor: pointer;\n}\n\n.card::before {\n\tcontent: \"\";\n\twidth: min(90vh, 30vw);\n\taspect-ratio: 1;\n\tborder-radius: 10%;\n\tposition: absolute;\n\tbackground-image: linear-gradient(\n\t\t135deg,\n\t\t#fff0 45%,\n\t\t#fff7 48% 52%,\n\t\t#fff0 55%\n\t);\n\tbackground-size: 300% 300%;\n\tbackground-position: 100% 100%;\n\ttransition: background-position 0.3s linear;\n}\n\n.card:hover::before {\n\tbackground-position: 0% 0%;\n}\n\n.card > img {\n\twidth: min(90vh, 30vw);\n\taspect-ratio: 1;\n\tobject-fit: cover;\n}\n\n.card > :first-child {\n\tmix-blend-mode: multiply;\n\tposition: absolute;\n\tborder-radius: 10%;\n\tfilter: blur(min(3vh, 1vw)) brightness(0%);\n\ttransition: filter 0.5s ease;\n}\n\n.card:hover > :first-child {\n\tfilter: blur(min(4.5vh, 1.5vw)) brightness(100%);\n}\n\n.card > :nth-child(2) {\n\tmix-blend-mode: plus-lighter;\n}\n<\/style>\t\t\t\t<\/div>\n\t\t\t\t<\/div>\n\t\t\t\t<div class=\"elementor-element elementor-element-cc4d6f4 elementor-widget elementor-widget-shortcode\" data-id=\"cc4d6f4\" data-element_type=\"widget\" data-e-type=\"widget\" data-widget_type=\"shortcode.default\">\n\t\t\t\t<div class=\"elementor-widget-container\">\n\t\t\t\t\t\t\t<div class=\"elementor-shortcode\"><script>document.body.onmousemove = e => {\r\n\tdocument.body.style.setProperty(\"--mouse-x\", e.clientX);\r\n\tdocument.body.style.setProperty(\"--mouse-y\", e.clientY);\r\n};\r\n<\/script><\/div>\n\t\t\t\t\t\t<\/div>\n\t\t\t\t<\/div>\n\t\t\t\t\t<\/div>\n\t\t<\/div>\n\t\t\t\t\t<\/div>\n\t\t<\/section>\n\t\t\t\t<\/div>","protected":false},"excerpt":{"rendered":"","protected":false},"author":1,"featured_media":0,"parent":0,"menu_order":0,"comment_status":"closed","ping_status":"closed","template":"","meta":{"footnotes":""},"class_list":["post-7801","page","type-page","status-publish","hentry"],"yoast_head":"<!-- This site is optimized with the Yoast SEO plugin v27.4 - https:\/\/yoast.com\/product\/yoast-seo-wordpress\/ -->\n<title>Modelo de p\u00e1gina \u2013 3 - MigraPixel<\/title>\n<meta name=\"robots\" content=\"noindex, nofollow\" \/>\n<meta property=\"og:locale\" content=\"en_GB\" \/>\n<meta property=\"og:type\" content=\"article\" \/>\n<meta property=\"og:title\" content=\"Modelo de p\u00e1gina \u2013 3 - MigraPixel\" \/>\n<meta property=\"og:url\" content=\"https:\/\/migrapixel.pt\/en\/modelo-de-pagina-3\/\" \/>\n<meta property=\"og:site_name\" content=\"MigraPixel\" \/>\n<meta property=\"article:publisher\" content=\"https:\/\/www.facebook.com\/migrapixel\" \/>\n<meta property=\"article:modified_time\" content=\"2023-10-04T10:02:05+00:00\" \/>\n<meta property=\"og:image\" content=\"https:\/\/images.unsplash.com\/photo-1561037404-61cd46aa615b\" \/>\n<meta name=\"twitter:card\" content=\"summary_large_image\" \/>\n<meta name=\"twitter:label1\" content=\"Estimated reading time\" \/>\n\t<meta name=\"twitter:data1\" content=\"2 minutes\" \/>\n<script type=\"application\/ld+json\" class=\"yoast-schema-graph\">{\"@context\":\"https:\\\/\\\/schema.org\",\"@graph\":[{\"@type\":\"WebPage\",\"@id\":\"https:\\\/\\\/migrapixel.pt\\\/modelo-de-pagina-3\\\/\",\"url\":\"https:\\\/\\\/migrapixel.pt\\\/modelo-de-pagina-3\\\/\",\"name\":\"Modelo de p\u00e1gina \u2013 3 - MigraPixel\",\"isPartOf\":{\"@id\":\"https:\\\/\\\/migrapixel.pt\\\/#website\"},\"primaryImageOfPage\":{\"@id\":\"https:\\\/\\\/migrapixel.pt\\\/modelo-de-pagina-3\\\/#primaryimage\"},\"image\":{\"@id\":\"https:\\\/\\\/migrapixel.pt\\\/modelo-de-pagina-3\\\/#primaryimage\"},\"thumbnailUrl\":\"https:\\\/\\\/images.unsplash.com\\\/photo-1561037404-61cd46aa615b\",\"datePublished\":\"2023-10-04T09:06:04+00:00\",\"dateModified\":\"2023-10-04T10:02:05+00:00\",\"breadcrumb\":{\"@id\":\"https:\\\/\\\/migrapixel.pt\\\/modelo-de-pagina-3\\\/#breadcrumb\"},\"inLanguage\":\"en-GB\",\"potentialAction\":[{\"@type\":\"ReadAction\",\"target\":[\"https:\\\/\\\/migrapixel.pt\\\/modelo-de-pagina-3\\\/\"]}]},{\"@type\":\"ImageObject\",\"inLanguage\":\"en-GB\",\"@id\":\"https:\\\/\\\/migrapixel.pt\\\/modelo-de-pagina-3\\\/#primaryimage\",\"url\":\"https:\\\/\\\/images.unsplash.com\\\/photo-1561037404-61cd46aa615b\",\"contentUrl\":\"https:\\\/\\\/images.unsplash.com\\\/photo-1561037404-61cd46aa615b\"},{\"@type\":\"BreadcrumbList\",\"@id\":\"https:\\\/\\\/migrapixel.pt\\\/modelo-de-pagina-3\\\/#breadcrumb\",\"itemListElement\":[{\"@type\":\"ListItem\",\"position\":1,\"name\":\"In\u00edcio\",\"item\":\"https:\\\/\\\/migrapixel.pt\\\/\"},{\"@type\":\"ListItem\",\"position\":2,\"name\":\"Modelo de p\u00e1gina \u2013 3\"}]},{\"@type\":\"WebSite\",\"@id\":\"https:\\\/\\\/migrapixel.pt\\\/#website\",\"url\":\"https:\\\/\\\/migrapixel.pt\\\/\",\"name\":\"MigraPixel\",\"description\":\"MigraPixel |Programa\u00e7\u00e3o |Conte\u00fados Digitais | Alojamento Web | DG\",\"publisher\":{\"@id\":\"https:\\\/\\\/migrapixel.pt\\\/#organization\"},\"potentialAction\":[{\"@type\":\"SearchAction\",\"target\":{\"@type\":\"EntryPoint\",\"urlTemplate\":\"https:\\\/\\\/migrapixel.pt\\\/?s={search_term_string}\"},\"query-input\":{\"@type\":\"PropertyValueSpecification\",\"valueRequired\":true,\"valueName\":\"search_term_string\"}}],\"inLanguage\":\"en-GB\"},{\"@type\":\"Organization\",\"@id\":\"https:\\\/\\\/migrapixel.pt\\\/#organization\",\"name\":\"MigraPixel\",\"url\":\"https:\\\/\\\/migrapixel.pt\\\/\",\"logo\":{\"@type\":\"ImageObject\",\"inLanguage\":\"en-GB\",\"@id\":\"https:\\\/\\\/migrapixel.pt\\\/#\\\/schema\\\/logo\\\/image\\\/\",\"url\":\"https:\\\/\\\/migrapixel.pt\\\/wp-content\\\/uploads\\\/2022\\\/11\\\/Ativo-1-scaled-1.webp\",\"contentUrl\":\"https:\\\/\\\/migrapixel.pt\\\/wp-content\\\/uploads\\\/2022\\\/11\\\/Ativo-1-scaled-1.webp\",\"width\":2560,\"height\":555,\"caption\":\"MigraPixel\"},\"image\":{\"@id\":\"https:\\\/\\\/migrapixel.pt\\\/#\\\/schema\\\/logo\\\/image\\\/\"},\"sameAs\":[\"https:\\\/\\\/www.facebook.com\\\/migrapixel\",\"https:\\\/\\\/www.instagram.com\\\/migrapixel\\\/\"]}]}<\/script>\n<!-- \/ Yoast SEO plugin. -->","yoast_head_json":{"title":"Modelo de p\u00e1gina \u2013 3 - MigraPixel","robots":{"index":"noindex","follow":"nofollow"},"og_locale":"en_GB","og_type":"article","og_title":"Modelo de p\u00e1gina \u2013 3 - MigraPixel","og_url":"https:\/\/migrapixel.pt\/en\/modelo-de-pagina-3\/","og_site_name":"MigraPixel","article_publisher":"https:\/\/www.facebook.com\/migrapixel","article_modified_time":"2023-10-04T10:02:05+00:00","og_image":[{"url":"https:\/\/images.unsplash.com\/photo-1561037404-61cd46aa615b","type":"","width":"","height":""}],"twitter_card":"summary_large_image","twitter_misc":{"Estimated reading time":"2 minutes"},"schema":{"@context":"https:\/\/schema.org","@graph":[{"@type":"WebPage","@id":"https:\/\/migrapixel.pt\/modelo-de-pagina-3\/","url":"https:\/\/migrapixel.pt\/modelo-de-pagina-3\/","name":"Modelo de p\u00e1gina \u2013 3 - MigraPixel","isPartOf":{"@id":"https:\/\/migrapixel.pt\/#website"},"primaryImageOfPage":{"@id":"https:\/\/migrapixel.pt\/modelo-de-pagina-3\/#primaryimage"},"image":{"@id":"https:\/\/migrapixel.pt\/modelo-de-pagina-3\/#primaryimage"},"thumbnailUrl":"https:\/\/images.unsplash.com\/photo-1561037404-61cd46aa615b","datePublished":"2023-10-04T09:06:04+00:00","dateModified":"2023-10-04T10:02:05+00:00","breadcrumb":{"@id":"https:\/\/migrapixel.pt\/modelo-de-pagina-3\/#breadcrumb"},"inLanguage":"en-GB","potentialAction":[{"@type":"ReadAction","target":["https:\/\/migrapixel.pt\/modelo-de-pagina-3\/"]}]},{"@type":"ImageObject","inLanguage":"en-GB","@id":"https:\/\/migrapixel.pt\/modelo-de-pagina-3\/#primaryimage","url":"https:\/\/images.unsplash.com\/photo-1561037404-61cd46aa615b","contentUrl":"https:\/\/images.unsplash.com\/photo-1561037404-61cd46aa615b"},{"@type":"BreadcrumbList","@id":"https:\/\/migrapixel.pt\/modelo-de-pagina-3\/#breadcrumb","itemListElement":[{"@type":"ListItem","position":1,"name":"In\u00edcio","item":"https:\/\/migrapixel.pt\/"},{"@type":"ListItem","position":2,"name":"Modelo de p\u00e1gina \u2013 3"}]},{"@type":"WebSite","@id":"https:\/\/migrapixel.pt\/#website","url":"https:\/\/migrapixel.pt\/","name":"MigraPixel","description":"MigraPixel |Programa\u00e7\u00e3o |Conte\u00fados Digitais | Alojamento Web | DG","publisher":{"@id":"https:\/\/migrapixel.pt\/#organization"},"potentialAction":[{"@type":"SearchAction","target":{"@type":"EntryPoint","urlTemplate":"https:\/\/migrapixel.pt\/?s={search_term_string}"},"query-input":{"@type":"PropertyValueSpecification","valueRequired":true,"valueName":"search_term_string"}}],"inLanguage":"en-GB"},{"@type":"Organization","@id":"https:\/\/migrapixel.pt\/#organization","name":"MigraPixel","url":"https:\/\/migrapixel.pt\/","logo":{"@type":"ImageObject","inLanguage":"en-GB","@id":"https:\/\/migrapixel.pt\/#\/schema\/logo\/image\/","url":"https:\/\/migrapixel.pt\/wp-content\/uploads\/2022\/11\/Ativo-1-scaled-1.webp","contentUrl":"https:\/\/migrapixel.pt\/wp-content\/uploads\/2022\/11\/Ativo-1-scaled-1.webp","width":2560,"height":555,"caption":"MigraPixel"},"image":{"@id":"https:\/\/migrapixel.pt\/#\/schema\/logo\/image\/"},"sameAs":["https:\/\/www.facebook.com\/migrapixel","https:\/\/www.instagram.com\/migrapixel\/"]}]}},"_links":{"self":[{"href":"https:\/\/migrapixel.pt\/en\/wp-json\/wp\/v2\/pages\/7801","targetHints":{"allow":["GET"]}}],"collection":[{"href":"https:\/\/migrapixel.pt\/en\/wp-json\/wp\/v2\/pages"}],"about":[{"href":"https:\/\/migrapixel.pt\/en\/wp-json\/wp\/v2\/types\/page"}],"author":[{"embeddable":true,"href":"https:\/\/migrapixel.pt\/en\/wp-json\/wp\/v2\/users\/1"}],"replies":[{"embeddable":true,"href":"https:\/\/migrapixel.pt\/en\/wp-json\/wp\/v2\/comments?post=7801"}],"version-history":[{"count":79,"href":"https:\/\/migrapixel.pt\/en\/wp-json\/wp\/v2\/pages\/7801\/revisions"}],"predecessor-version":[{"id":7885,"href":"https:\/\/migrapixel.pt\/en\/wp-json\/wp\/v2\/pages\/7801\/revisions\/7885"}],"wp:attachment":[{"href":"https:\/\/migrapixel.pt\/en\/wp-json\/wp\/v2\/media?parent=7801"}],"curies":[{"name":"wp","href":"https:\/\/api.w.org\/{rel}","templated":true}]}}