{"id":7886,"date":"2023-10-04T10:02:56","date_gmt":"2023-10-04T10:02:56","guid":{"rendered":"https:\/\/migrapixel.pt\/?page_id=7886"},"modified":"2023-10-04T10:32:18","modified_gmt":"2023-10-04T10:32:18","slug":"modelo-de-pagina-4","status":"publish","type":"page","link":"https:\/\/migrapixel.pt\/en\/modelo-de-pagina-4\/","title":{"rendered":"Modelo de p\u00e1gina \u2013 4"},"content":{"rendered":"\t\t<div data-elementor-type=\"wp-page\" data-elementor-id=\"7886\" class=\"elementor elementor-7886\">\n\t\t\t\t\t\t<section class=\"elementor-section elementor-top-section elementor-element elementor-element-3a70ea0 elementor-section-full_width elementor-section-height-full elementor-section-height-default elementor-section-items-middle\" data-id=\"3a70ea0\" data-element_type=\"section\" data-e-type=\"section\" id=\"migraeffects6\">\n\t\t\t\t\t\t<div class=\"elementor-container elementor-column-gap-no\">\n\t\t\t\t\t<div class=\"elementor-column elementor-col-100 elementor-top-column elementor-element elementor-element-f075d19\" data-id=\"f075d19\" data-element_type=\"column\" data-e-type=\"column\">\n\t\t\t<div class=\"elementor-widget-wrap elementor-element-populated\">\n\t\t\t\t\t\t<div class=\"elementor-element elementor-element-85fe1e4 elementor-widget elementor-widget-html\" data-id=\"85fe1e4\" data-element_type=\"widget\" data-e-type=\"widget\" data-widget_type=\"html.default\">\n\t\t\t\t<div class=\"elementor-widget-container\">\n\t\t\t\t\t<!-- \nWall Poster Animation\nhttps:\/\/codepen.io\/wakana-k\/pen\/MWZbVxm\nCopyright (c) 2023 by Wakana Y.K. @wakana-k\n-->\n\n<div id=\"background\">\n  <div id=\"blank\"><\/div>\n\n  <label><input type=\"radio\" name=\"photo\" checked \/>\n    <div class=\"outer\" style=\"background-image:url(https:\/\/images.unsplash.com\/photo-1620503374956-c942862f0372?&q=100&dpr=2&w=400);\">\n      <div class=\"inner\">\n        <p>Hello World<\/p>\n      <\/div>\n    <\/div>\n  <\/label>\n  <label><input type=\"radio\" name=\"photo\" \/>\n    <div class=\"outer\" style=\"background-image:url(https:\/\/images.unsplash.com\/photo-1543848089-530aad06491a?&q=100&dpr=2&w=400);\">\n      <div class=\"inner\">\n        <p>Lorem Ipsum<\/p>\n      <\/div>\n    <\/div>\n  <\/label>\n  <label><input type=\"radio\" name=\"photo\" \/>\n    <div class=\"outer\" style=\"background-image:url(https:\/\/images.unsplash.com\/photo-1550684848-fac1c5b4e853?crop=entropy&cs=tinysrgb&fit=max&fm=jpg&ixid=M3wzMjM4NDZ8MHwxfHJhbmRvbXx8fHx8fHx8fDE2OTQxODQ2NDZ8&ixlib=rb-4.0.3&q=100&dpr=2&w=400);\">\n      <div class=\"inner text3\">\n        <p>ART<\/p>\n      <\/div>\n    <\/div>\n  <\/label>\n\n  <div id=\"border\"><\/div>\n<\/div>\n\n<main>\n  <section>\n    <div>\n      <p id='arrow'>&raquo;<\/p>\n    <\/div>\n  <\/section>\n  <section>\n    <div>\n      <h1>Wall Poster Animation<\/h1>\n    <\/div>\n  <\/section>\n  <section>\n    <div>\n      <p><\/p>\n    <\/div>\n  <\/section>\n  <section>\n    <div>\n    <\/div>\n  <\/section>\n  <section>\n    <div>\n      <h2>Photo credits<\/h2>\n      <p><br><\/p>\n      <ul>\n        <li>Kam Idris - <a target=\"_blank\" href=\"https:\/\/unsplash.com\/photos\/_HqHX3LBN18\">brown wooden framed yellow padded chair<\/a><\/li>\n        <li>Steve Johnson - <a target=\"_blank\" href=\"https:\/\/unsplash.com\/photos\/4Djs1vdYov4\">multicolored abstract painting<\/a><\/li>\n        <li>Pawel Czerwinski - <a target=\"_blank\" href=\"https:\/\/unsplash.com\/photos\/vI5XwPbGvmY\">white and blue smoke illustration<\/a><\/li>\n        <li>Rodion Kutsaiev - <a target=\"_blank\" href=\"https:\/\/unsplash.com\/photos\/pVoEPpLw818\">a close up of water droplets on a window<\/a><\/li>\n      <\/ul>\n      <p><br><b>on <a target=\"_blank\" href=\"https:\/\/unsplash.com\/\">Unsplash<\/a>.<\/b><\/p>\n      <p><br><\/p>\n      <p>Thanks!<\/p>\n    <\/div>\n  <\/section>\n  <section>\n    <div>\n      <p><\/p>\n    <\/div>\n  <\/section>\n  <section>\n    <div>\n      <p><\/p>\n    <\/div>\n  <\/section>\n  <footer>\n    <a href=\"https:\/\/codepen.io\/wakana-k\/\">@wakana-k<\/a>\n  <\/footer>\n<\/main>\t\t\t\t<\/div>\n\t\t\t\t<\/div>\n\t\t\t\t<div class=\"elementor-element elementor-element-54d4619 elementor-widget elementor-widget-html\" data-id=\"54d4619\" data-element_type=\"widget\" data-e-type=\"widget\" data-widget_type=\"html.default\">\n\t\t\t\t<div class=\"elementor-widget-container\">\n\t\t\t\t\t<style>\n    \n    @import url(\"https:\/\/fonts.googleapis.com\/css2?family=Atkinson+Hyperlegible:wght@400;700&display=swap\");\n:root {\n  --bg_width: 2000px;\n  --bg_height: 1765px;\n\n  --gap_left: 958px;\n  --gap_top: 345px;\n\n  --clip_w: 292px;\n  --clip_h: 435px;\n\n  --ratio: 0;\n  --centerShift_x: calc((100vw - var(--bg_width) * var(--ratio)) \/ 2);\n  --centerShift_y: calc((100vh - var(--bg_height) * var(--ratio)) \/ 2);\n}\n* {\n  margin: 0;\n  padding: 0;\n  box-sizing: border-box;\n}\nhtml,\nbody,\n#background {\n  overscroll-behavior-x: none;\n  overscroll-behavior-y: none;\n}\nhtml {\n  font-size: 100%;\n  -webkit-text-size-adjust: 100%;\n  font-variant-ligatures: none;\n  -webkit-font-variant-ligatures: none;\n  text-rendering: optimizeLegibility;\n  -moz-osx-font-smoothing: grayscale;\n  font-smoothing: antialiased;\n  -webkit-font-smoothing: antialiased;\n  text-shadow: rgba(0, 0, 0, 0.01) 0 0 1px;\n}\nbody {\n  position: relative;\n  color: #000;\n  font-family: \"Atkinson Hyperlegible\", sans-serif;\n  font-size: 20px;\n  font-weight: 400;\n  width: 100vw;\n  min-height: 100vh;\n  text-align: center;\n  line-height: 1;\n  overflow-x: hidden;\n}\n#background {\n  position: fixed;\n  top: 0;\n  left: 0;\n  width: 100vw;\n  height: 100vh;\n  overflow: hidden;\n  background-image: url(\"https:\/\/images.unsplash.com\/photo-1586023492125-27b2c045efd7?crop=faces,entropy&ixid=M3wzMjM4NDZ8MHwxfHJhbmRvbXx8fHx8fHx8fDE2OTQwMTE4Mjl8&ixlib=rb-4.0.3&q=100&w=2000\");\n  background-size: cover;\n  background-position: center;\n  z-index: -1;\n}\nmain {\n  position: relative;\n}\nsection {\n  position: relative;\n  display: flex;\n  justify-content: center;\n  align-items: center;\n  width: 100vw;\n  min-height: 100vh;\n  overflow: visible;\n}\nh1,\nh2,\np,\na,\nli {\n  \/*\n\ttext-shadow: -1px -1px 0px rgba(255, 255, 255, 0.8),\n\t\t1px 1px 0px rgba(255, 255, 255, 0.8), 1px -1px 0px rgba(255, 255, 255, 0.8),\n\t\t-1px 1px 0px rgba(255, 255, 255, 0.8);\n*\/\n  filter: drop-shadow(1px 0px 0px rgba(255, 255, 255, 0.8))\n    drop-shadow(0px 1px 0px rgba(255, 255, 255, 0.8))\n    drop-shadow(-1px 0px 0px rgba(255, 255, 255, 0.8))\n    drop-shadow(0px -1px 0px rgba(255, 255, 255, 0.8));\n}\nh1 {\n  font-size: 33px;\n}\nh2 {\n  font-size: 30px;\n}\na {\n  color: blue;\n  text-decoration: none;\n}\nul {\n  list-style: none;\n  max-width: 80vw;\n  overflow-x: hidden;\n  overflow-y: visible;\n}\nli {\n  list-style: none;\n  font-size: 20px;\n  text-align: left;\n  margin: 20px 0;\n}\nli a {\n  font-size: 18px;\n  filter: unset;\n}\np a {\n  filter: unset;\n}\nimg,\ncanvas,\ninput[type=\"radio\"],\nlabel {\n  -moz-user-select: none;\n  -webkit-user-select: none;\n  -ms-user-select: none;\n  user-select: none;\n  pointer-events: none;\n}\ninput {\n  -webkit-appearance: none;\n  -moz-appearance: none;\n  appearance: none;\n  display: none;\n}\n#background > * {\n  position: absolute;\n  top: calc(var(--centerShift_y) + var(--gap_top) * var(--ratio));\n  left: calc(var(--centerShift_x) + var(--gap_left) * var(--ratio));\n  width: calc(var(--clip_w) * var(--ratio));\n  height: calc(var(--clip_h) * var(--ratio));\n}\n#blank {\n  background: white;\n}\n#border {\n  box-shadow: inset 1px 1px 1px rgba(120, 120, 120, 0.1),\n    inset -1px -1px 1px rgba(0, 0, 0, 0.1);\n}\n.outer {\n  position: absolute;\n  top: 0;\n  left: 0;\n  width: calc(var(--clip_w) * var(--ratio));\n  height: calc(var(--clip_h) * var(--ratio));\n  object-fit: cover;\n  display: flex;\n  justify-content: center;\n  align-items: center;\n  overflow: visible;\n  filter: unset;\n  opacity: 0;\n  transition: opacity 2s;\n  background-color: white;\n  background-position: center;\n  background-size: auto\n    calc(max(var(--clip_w), var(--clip_h)) * var(--ratio) * 2); \/* \u5fc5\u8981\u306b\u5fdc\u3058\u3066\u8abf\u6574 *\/\n  background-repeat: no-repeat;\n  will-change: background-position;\n  transform: translateZ(0);\n}\ninput:checked + * {\n  opacity: 1;\n}\n.outer * {\n  filter: unset;\n}\n.inner {\n  position: relative;\n  margin: 3px;\n  overflow: hidden;\n  color: white;\n  font-size: calc(var(--clip_w) * var(--ratio) \/ 3.5);\n  font-weight: 700;\n  overflow-wrap: break-word;\n  mix-blend-mode: difference;\n}\n.inner p {\n  text-shadow: -0.5px -0.5px 0px rgba(0, 0, 0, 0.3),\n    0.5px 0.5px 0px rgba(0, 0, 0, 0.3);\n}\n.text3 {\n  font-size: calc(var(--clip_w) * var(--ratio) \/ 2.8);\n}\n#background label:nth-of-type(odd) .outer {\n  animation: bg1 8s ease-in-out infinite alternate both;\n}\n#background label:nth-of-type(even) .outer {\n  animation: bg2 9s ease-in-out infinite alternate both;\n}\n#background label:nth-of-type(3n) .outer {\n  animation-direction: alternate-reverse;\n}\nfooter a {\n  color: #000;\n}\n#arrow {\n  position: relative;\n  top: 40vh;\n  left: 8px;\n  font-size: 60px;\n  font-weight: 400;\n  text-shadow: unset;\n  transform-origin: center center;\n  transform: rotate(90deg);\n  animation: arrow 1s ease infinite;\n  filter: invert(1);\n  mix-blend-mode: difference;\n}\n@keyframes arrow {\n  0% {\n    opacity: 1;\n  }\n  50% {\n    opacity: 0;\n  }\n  100% {\n    opacity: 1;\n  }\n}\n@keyframes bg1 {\n  0% {\n    background-position: 0% 0%;\n  }\n  100% {\n    background-position: 100% 100%;\n  }\n}\n@keyframes bg2 {\n  0% {\n    background-position: 100% 0%;\n  }\n  100% {\n    background-position: 0% 100%;\n  }\n}\n\n\n<\/style>\t\t\t\t<\/div>\n\t\t\t\t<\/div>\n\t\t\t\t<div class=\"elementor-element elementor-element-dbe1147 elementor-widget elementor-widget-shortcode\" data-id=\"dbe1147\" data-element_type=\"widget\" data-e-type=\"widget\" data-widget_type=\"shortcode.default\">\n\t\t\t\t<div class=\"elementor-widget-container\">\n\t\t\t\t\t\t\t<div class=\"elementor-shortcode\"><script>\/*\r\nWall Poster Animation\r\nhttps:\/\/codepen.io\/wakana-k\/pen\/MWZbVxm\r\nCopyright (c) 2023 by Wakana Y.K. @wakana-k \r\n*\/\r\n\"use strict\";\r\nconsole.clear();\r\n\r\n(function () {\r\n  const timer = 3900;\r\n\r\n  const root = document.querySelector(\":root\");\r\n  const bg_width = parseFloat(\r\n    window.getComputedStyle(root).getPropertyValue(\"--bg_width\")\r\n  );\r\n  const bg_height = parseFloat(\r\n    window.getComputedStyle(root).getPropertyValue(\"--bg_height\")\r\n  );\r\n\r\n  let items;\r\n  let now = 0;\r\n  let timerId;\r\n\r\n  function resize() {\r\n    const ww = window.innerWidth;\r\n    const hh = window.innerHeight;\r\n\r\n    \/\/ fit size : cover\r\n    let hRatio = ww \/ bg_width;\r\n    let vRatio = hh \/ bg_height;\r\n    let ratio = Math.max(hRatio, vRatio);\r\n    root.style.setProperty(\"--ratio\", ratio);\r\n    \/*\r\n\t\t\/\/ css\u3067\u8a08\u7b97\u3057\u305f\u65b9\u304c\u65e9\u3044\u306e\u3067\u305d\u3063\u3061\u3067\u51e6\u7406\r\n\t\tlet centerShift_x = (ww - bg_width * ratio) \/ 2;\r\n\t\tlet centerShift_y = (hh - bg_height * ratio) \/ 2;\r\n\t\troot.style.setProperty(\"--centerShift_x\", centerShift_x + \"px\");\r\n\t\troot.style.setProperty(\"--centerShift_y\", centerShift_y + \"px\");\r\n\t\t*\/\r\n  }\r\n  resize();\r\n  window.onresize = resize;\r\n\r\n  function slider() {\r\n    if (now >= items.length) now = 0;\r\n    items[now].checked = true;\r\n    now++;\r\n  }\r\n  window.onload = () => {\r\n    items = document.querySelectorAll(\"input[name='photo']\");\r\n    now++;\r\n    timerId = setInterval(slider, timer);\r\n  };\r\n})();\r\n<\/script><\/div>\n\t\t\t\t\t\t<\/div>\n\t\t\t\t<\/div>\n\t\t\t\t\t<\/div>\n\t\t<\/div>\n\t\t\t\t\t<\/div>\n\t\t<\/section>\n\t\t\t\t<\/div>\n\t\t","protected":false},"excerpt":{"rendered":"<p>Hello World Lorem Ipsum ART &raquo; Wall Poster Animation Photo credits Kam Idris &#8211; brown wooden framed yellow padded chair Steve Johnson &#8211; multicolored abstract painting Pawel Czerwinski &#8211; white and blue smoke illustration Rodion Kutsaiev &#8211; a close up of water droplets on a window on Unsplash. Thanks! @wakana-k<\/p>","protected":false},"author":1,"featured_media":0,"parent":0,"menu_order":0,"comment_status":"closed","ping_status":"closed","template":"","meta":{"footnotes":""},"class_list":["post-7886","page","type-page","status-publish","hentry"],"yoast_head":"<!-- This site is optimized with the Yoast SEO plugin v27.4 - https:\/\/yoast.com\/product\/yoast-seo-wordpress\/ -->\n<title>Modelo de p\u00e1gina \u2013 4 - MigraPixel<\/title>\n<meta name=\"robots\" content=\"noindex, nofollow\" \/>\n<meta property=\"og:locale\" content=\"en_GB\" \/>\n<meta property=\"og:type\" content=\"article\" \/>\n<meta property=\"og:title\" content=\"Modelo de p\u00e1gina \u2013 4 - MigraPixel\" \/>\n<meta property=\"og:description\" content=\"Hello World Lorem Ipsum ART &raquo; Wall Poster Animation Photo credits Kam Idris &#8211; brown wooden framed yellow padded chair Steve Johnson &#8211; multicolored abstract painting Pawel Czerwinski &#8211; white and blue smoke illustration Rodion Kutsaiev &#8211; a close up of water droplets on a window on Unsplash. Thanks! @wakana-k\" \/>\n<meta property=\"og:url\" content=\"https:\/\/migrapixel.pt\/en\/modelo-de-pagina-4\/\" \/>\n<meta property=\"og:site_name\" content=\"MigraPixel\" \/>\n<meta property=\"article:publisher\" content=\"https:\/\/www.facebook.com\/migrapixel\" \/>\n<meta property=\"article:modified_time\" content=\"2023-10-04T10:32:18+00:00\" \/>\n<meta property=\"og:image\" content=\"https:\/\/migrapixel.pt\/wp-content\/uploads\/2022\/11\/Ativo-1-scaled-1.webp\" \/>\n\t<meta property=\"og:image:width\" content=\"2560\" \/>\n\t<meta property=\"og:image:height\" content=\"555\" \/>\n\t<meta property=\"og:image:type\" content=\"image\/webp\" \/>\n<meta name=\"twitter:card\" content=\"summary_large_image\" \/>\n<meta name=\"twitter:label1\" content=\"Estimated reading time\" \/>\n\t<meta name=\"twitter:data1\" content=\"1 minute\" \/>\n<script type=\"application\/ld+json\" class=\"yoast-schema-graph\">{\"@context\":\"https:\\\/\\\/schema.org\",\"@graph\":[{\"@type\":\"WebPage\",\"@id\":\"https:\\\/\\\/migrapixel.pt\\\/modelo-de-pagina-4\\\/\",\"url\":\"https:\\\/\\\/migrapixel.pt\\\/modelo-de-pagina-4\\\/\",\"name\":\"Modelo de p\u00e1gina \u2013 4 - MigraPixel\",\"isPartOf\":{\"@id\":\"https:\\\/\\\/migrapixel.pt\\\/#website\"},\"datePublished\":\"2023-10-04T10:02:56+00:00\",\"dateModified\":\"2023-10-04T10:32:18+00:00\",\"breadcrumb\":{\"@id\":\"https:\\\/\\\/migrapixel.pt\\\/modelo-de-pagina-4\\\/#breadcrumb\"},\"inLanguage\":\"en-GB\",\"potentialAction\":[{\"@type\":\"ReadAction\",\"target\":[\"https:\\\/\\\/migrapixel.pt\\\/modelo-de-pagina-4\\\/\"]}]},{\"@type\":\"BreadcrumbList\",\"@id\":\"https:\\\/\\\/migrapixel.pt\\\/modelo-de-pagina-4\\\/#breadcrumb\",\"itemListElement\":[{\"@type\":\"ListItem\",\"position\":1,\"name\":\"In\u00edcio\",\"item\":\"https:\\\/\\\/migrapixel.pt\\\/\"},{\"@type\":\"ListItem\",\"position\":2,\"name\":\"Modelo de p\u00e1gina \u2013 4\"}]},{\"@type\":\"WebSite\",\"@id\":\"https:\\\/\\\/migrapixel.pt\\\/#website\",\"url\":\"https:\\\/\\\/migrapixel.pt\\\/\",\"name\":\"MigraPixel\",\"description\":\"MigraPixel |Programa\u00e7\u00e3o |Conte\u00fados Digitais | Alojamento Web | DG\",\"publisher\":{\"@id\":\"https:\\\/\\\/migrapixel.pt\\\/#organization\"},\"potentialAction\":[{\"@type\":\"SearchAction\",\"target\":{\"@type\":\"EntryPoint\",\"urlTemplate\":\"https:\\\/\\\/migrapixel.pt\\\/?s={search_term_string}\"},\"query-input\":{\"@type\":\"PropertyValueSpecification\",\"valueRequired\":true,\"valueName\":\"search_term_string\"}}],\"inLanguage\":\"en-GB\"},{\"@type\":\"Organization\",\"@id\":\"https:\\\/\\\/migrapixel.pt\\\/#organization\",\"name\":\"MigraPixel\",\"url\":\"https:\\\/\\\/migrapixel.pt\\\/\",\"logo\":{\"@type\":\"ImageObject\",\"inLanguage\":\"en-GB\",\"@id\":\"https:\\\/\\\/migrapixel.pt\\\/#\\\/schema\\\/logo\\\/image\\\/\",\"url\":\"https:\\\/\\\/migrapixel.pt\\\/wp-content\\\/uploads\\\/2022\\\/11\\\/Ativo-1-scaled-1.webp\",\"contentUrl\":\"https:\\\/\\\/migrapixel.pt\\\/wp-content\\\/uploads\\\/2022\\\/11\\\/Ativo-1-scaled-1.webp\",\"width\":2560,\"height\":555,\"caption\":\"MigraPixel\"},\"image\":{\"@id\":\"https:\\\/\\\/migrapixel.pt\\\/#\\\/schema\\\/logo\\\/image\\\/\"},\"sameAs\":[\"https:\\\/\\\/www.facebook.com\\\/migrapixel\",\"https:\\\/\\\/www.instagram.com\\\/migrapixel\\\/\"]}]}<\/script>\n<!-- \/ Yoast SEO plugin. -->","yoast_head_json":{"title":"Modelo de p\u00e1gina \u2013 4 - MigraPixel","robots":{"index":"noindex","follow":"nofollow"},"og_locale":"en_GB","og_type":"article","og_title":"Modelo de p\u00e1gina \u2013 4 - MigraPixel","og_description":"Hello World Lorem Ipsum ART &raquo; Wall Poster Animation Photo credits Kam Idris &#8211; brown wooden framed yellow padded chair Steve Johnson &#8211; multicolored abstract painting Pawel Czerwinski &#8211; white and blue smoke illustration Rodion Kutsaiev &#8211; a close up of water droplets on a window on Unsplash. Thanks! @wakana-k","og_url":"https:\/\/migrapixel.pt\/en\/modelo-de-pagina-4\/","og_site_name":"MigraPixel","article_publisher":"https:\/\/www.facebook.com\/migrapixel","article_modified_time":"2023-10-04T10:32:18+00:00","og_image":[{"width":2560,"height":555,"url":"https:\/\/migrapixel.pt\/wp-content\/uploads\/2022\/11\/Ativo-1-scaled-1.webp","type":"image\/webp"}],"twitter_card":"summary_large_image","twitter_misc":{"Estimated reading time":"1 minute"},"schema":{"@context":"https:\/\/schema.org","@graph":[{"@type":"WebPage","@id":"https:\/\/migrapixel.pt\/modelo-de-pagina-4\/","url":"https:\/\/migrapixel.pt\/modelo-de-pagina-4\/","name":"Modelo de p\u00e1gina \u2013 4 - MigraPixel","isPartOf":{"@id":"https:\/\/migrapixel.pt\/#website"},"datePublished":"2023-10-04T10:02:56+00:00","dateModified":"2023-10-04T10:32:18+00:00","breadcrumb":{"@id":"https:\/\/migrapixel.pt\/modelo-de-pagina-4\/#breadcrumb"},"inLanguage":"en-GB","potentialAction":[{"@type":"ReadAction","target":["https:\/\/migrapixel.pt\/modelo-de-pagina-4\/"]}]},{"@type":"BreadcrumbList","@id":"https:\/\/migrapixel.pt\/modelo-de-pagina-4\/#breadcrumb","itemListElement":[{"@type":"ListItem","position":1,"name":"In\u00edcio","item":"https:\/\/migrapixel.pt\/"},{"@type":"ListItem","position":2,"name":"Modelo de p\u00e1gina \u2013 4"}]},{"@type":"WebSite","@id":"https:\/\/migrapixel.pt\/#website","url":"https:\/\/migrapixel.pt\/","name":"MigraPixel","description":"MigraPixel |Programa\u00e7\u00e3o |Conte\u00fados Digitais | Alojamento Web | DG","publisher":{"@id":"https:\/\/migrapixel.pt\/#organization"},"potentialAction":[{"@type":"SearchAction","target":{"@type":"EntryPoint","urlTemplate":"https:\/\/migrapixel.pt\/?s={search_term_string}"},"query-input":{"@type":"PropertyValueSpecification","valueRequired":true,"valueName":"search_term_string"}}],"inLanguage":"en-GB"},{"@type":"Organization","@id":"https:\/\/migrapixel.pt\/#organization","name":"MigraPixel","url":"https:\/\/migrapixel.pt\/","logo":{"@type":"ImageObject","inLanguage":"en-GB","@id":"https:\/\/migrapixel.pt\/#\/schema\/logo\/image\/","url":"https:\/\/migrapixel.pt\/wp-content\/uploads\/2022\/11\/Ativo-1-scaled-1.webp","contentUrl":"https:\/\/migrapixel.pt\/wp-content\/uploads\/2022\/11\/Ativo-1-scaled-1.webp","width":2560,"height":555,"caption":"MigraPixel"},"image":{"@id":"https:\/\/migrapixel.pt\/#\/schema\/logo\/image\/"},"sameAs":["https:\/\/www.facebook.com\/migrapixel","https:\/\/www.instagram.com\/migrapixel\/"]}]}},"_links":{"self":[{"href":"https:\/\/migrapixel.pt\/en\/wp-json\/wp\/v2\/pages\/7886","targetHints":{"allow":["GET"]}}],"collection":[{"href":"https:\/\/migrapixel.pt\/en\/wp-json\/wp\/v2\/pages"}],"about":[{"href":"https:\/\/migrapixel.pt\/en\/wp-json\/wp\/v2\/types\/page"}],"author":[{"embeddable":true,"href":"https:\/\/migrapixel.pt\/en\/wp-json\/wp\/v2\/users\/1"}],"replies":[{"embeddable":true,"href":"https:\/\/migrapixel.pt\/en\/wp-json\/wp\/v2\/comments?post=7886"}],"version-history":[{"count":7,"href":"https:\/\/migrapixel.pt\/en\/wp-json\/wp\/v2\/pages\/7886\/revisions"}],"predecessor-version":[{"id":7898,"href":"https:\/\/migrapixel.pt\/en\/wp-json\/wp\/v2\/pages\/7886\/revisions\/7898"}],"wp:attachment":[{"href":"https:\/\/migrapixel.pt\/en\/wp-json\/wp\/v2\/media?parent=7886"}],"curies":[{"name":"wp","href":"https:\/\/api.w.org\/{rel}","templated":true}]}}