{"id":8129,"date":"2023-10-04T15:55:34","date_gmt":"2023-10-04T15:55:34","guid":{"rendered":"https:\/\/migrapixel.pt\/?page_id=8129"},"modified":"2023-10-04T16:04:49","modified_gmt":"2023-10-04T16:04:49","slug":"modelo-de-pagina-6","status":"publish","type":"page","link":"https:\/\/migrapixel.pt\/en\/modelo-de-pagina-6\/","title":{"rendered":"Modelo de p\u00e1gina \u2013 6"},"content":{"rendered":"<div data-elementor-type=\"wp-page\" data-elementor-id=\"8129\" class=\"elementor elementor-8129\">\n\t\t\t\t\t\t<section class=\"elementor-section elementor-top-section elementor-element elementor-element-bf758ba elementor-section-boxed elementor-section-height-default elementor-section-height-default\" data-id=\"bf758ba\" data-element_type=\"section\" data-e-type=\"section\" id=\"migraeffects10\">\n\t\t\t\t\t\t<div class=\"elementor-container elementor-column-gap-default\">\n\t\t\t\t\t<div class=\"elementor-column elementor-col-100 elementor-top-column elementor-element elementor-element-43f946e\" data-id=\"43f946e\" data-element_type=\"column\" data-e-type=\"column\">\n\t\t\t<div class=\"elementor-widget-wrap elementor-element-populated\">\n\t\t\t\t\t\t<div class=\"elementor-element elementor-element-0848318 elementor-widget elementor-widget-html\" data-id=\"0848318\" data-element_type=\"widget\" data-e-type=\"widget\" data-widget_type=\"html.default\">\n\t\t\t\t<div class=\"elementor-widget-container\">\n\t\t\t\t\t<!DOCTYPE html>\n<html lang=\"en\">\n<head>\n  <meta charset=\"UTF-8\" \/>\n  <meta name=\"viewport\" content=\"width=device-width, initial-scale=1.0\" \/>\n  <link rel=\"stylesheet\" href=\"styles.css\" \/>\n  <title>\u041a\u0430\u0440\u0442\u043e\u0447\u043a\u0438 | \u041f\u0440\u043e\u0435\u043a\u0442 1<\/title>\n<\/head>\n<body>\n<div class=\"container\">\n  <div\n      class=\"slide\"\n      style=\"background-image: url('https:\/\/images.pexels.com\/photos\/1549666\/pexels-photo-1549666.jpeg?auto=compress&cs=tinysrgb&dpr=2&h=650&w=940');\"\n  >\n      \n    <h3>Pumpkins<p>sdsdsdffsf<\/p><button>ola mundo<\/button><\/h3>\n  <\/div>\n  <div\n      class=\"slide\"\n      style=\"          background-image: url('https:\/\/images.pexels.com\/photos\/3177239\/pexels-photo-3177239.jpeg?auto=compress&cs=tinysrgb&dpr=2&h=650&w=940');        \"\n  >\n    <h3>Autumn<\/h3>\n  <\/div>\n  <div\n      class=\"slide\"\n      style=\"          background-image: url('https:\/\/images.pexels.com\/photos\/1526717\/pexels-photo-1526717.jpeg?auto=compress&cs=tinysrgb&dpr=2&h=650&w=940');        \"\n  >\n    <h3>Road<\/h3>\n  <\/div>\n  <div\n      class=\"slide\"\n      style=\"          background-image: url('https:\/\/images.pexels.com\/photos\/1591053\/pexels-photo-1591053.jpeg?auto=compress&cs=tinysrgb&dpr=2&h=650&w=940');        \"\n  >\n    <h3>Trees<\/h3>\n  <\/div>\n  <div\n      class=\"slide active\"\n      style=\"          background-image: url('https:\/\/images.pexels.com\/photos\/4390579\/pexels-photo-4390579.jpeg?auto=compress&cs=tinysrgb&dpr=2&h=650&w=940');        \"\n  >\n    <h3>LandsapePumpkins<p>sdsdsdffsf<\/p><button>ola mundo<\/button><\/h3>\n  <\/div>\n<\/div>\n\n<script src=\"1.js\"><\/script>\n<\/body>\n<\/html>\t\t\t\t<\/div>\n\t\t\t\t<\/div>\n\t\t\t\t<div class=\"elementor-element elementor-element-48a3aab elementor-widget elementor-widget-html\" data-id=\"48a3aab\" data-element_type=\"widget\" data-e-type=\"widget\" data-widget_type=\"html.default\">\n\t\t\t\t<div class=\"elementor-widget-container\">\n\t\t\t\t\t<style>\n    \n    @import url('https:\/\/fonts.googleapis.com\/css?family=Muli&display=swap'); \n\n#migraeffects10 * {\n  box-sizing: border-box;\n}\n\n#migraeffects10 body {\n  font-family: 'Muli', sans-serif;\n  overflow: hidden;\n  margin: 0;\n  background-color: rgb(19, 9, 9);\n  height: 100vh;\n  display: flex;\n  justify-content: center;\n  align-items: center;\n}\n\n#migraeffects10 .container{\n  width: 100%;\n  display: flex;\n  padding: 0 20 px;\n\n}\n\n#migraeffects10 .slide{\n  height: 80vh;\n  border-radius: 20px;\n  margin: 10px;\n  cursor: pointer;\n  color: aliceblue;\n  flex: 1;\n  background-size: cover;\n  background-position: center;\n  background-repeat: no-repeat;\n  position: relative;\n  transition: all 500ms ease-in-out;\n}\n#migraeffects10 .slide h3{\n  position: absolute;\n  font-size: 24px;\n  bottom: 20px;\n  left: 20px;\n  margin: 0;\n  opacity: 0;\n\n}\n\n#migraeffects10 .slide.active{\nflex: 10;\n\n}\n\n#migraeffects10 .slide.active h3{\n  opacity: 1;\n  transition: opacity 0.3s ease-in  0.4s;\n}\n    \n<\/style>\t\t\t\t<\/div>\n\t\t\t\t<\/div>\n\t\t\t\t<div class=\"elementor-element elementor-element-24c540e elementor-widget elementor-widget-shortcode\" data-id=\"24c540e\" data-element_type=\"widget\" data-e-type=\"widget\" data-widget_type=\"shortcode.default\">\n\t\t\t\t<div class=\"elementor-widget-container\">\n\t\t\t\t\t\t\t<div class=\"elementor-shortcode\"><\/div>\n\t\t\t\t\t\t<\/div>\n\t\t\t\t<\/div>\n\t\t\t\t\t<\/div>\n\t\t<\/div>\n\t\t\t\t\t<\/div>\n\t\t<\/section>\n\t\t\t\t<\/div>","protected":false},"excerpt":{"rendered":"<p>\u041a\u0430\u0440\u0442\u043e\u0447\u043a\u0438 | \u041f\u0440\u043e\u0435\u043a\u0442 1 Pumpkins sdsdsdffsf ola mundo Autumn Road Trees LandsapePumpkins sdsdsdffsf ola mundo<\/p>","protected":false},"author":1,"featured_media":0,"parent":0,"menu_order":0,"comment_status":"closed","ping_status":"closed","template":"","meta":{"footnotes":""},"class_list":["post-8129","page","type-page","status-publish","hentry"],"yoast_head":"<!-- This site is optimized with the Yoast SEO plugin v27.4 - https:\/\/yoast.com\/product\/yoast-seo-wordpress\/ -->\n<title>Modelo de p\u00e1gina \u2013 6 - MigraPixel<\/title>\n<meta name=\"robots\" content=\"noindex, nofollow\" \/>\n<meta property=\"og:locale\" content=\"en_GB\" \/>\n<meta property=\"og:type\" content=\"article\" \/>\n<meta property=\"og:title\" content=\"Modelo de p\u00e1gina \u2013 6 - MigraPixel\" \/>\n<meta property=\"og:description\" content=\"\u041a\u0430\u0440\u0442\u043e\u0447\u043a\u0438 | \u041f\u0440\u043e\u0435\u043a\u0442 1 Pumpkins sdsdsdffsf ola mundo Autumn Road Trees LandsapePumpkins sdsdsdffsf ola mundo\" \/>\n<meta property=\"og:url\" content=\"https:\/\/migrapixel.pt\/en\/modelo-de-pagina-6\/\" \/>\n<meta property=\"og:site_name\" content=\"MigraPixel\" \/>\n<meta property=\"article:publisher\" content=\"https:\/\/www.facebook.com\/migrapixel\" \/>\n<meta property=\"article:modified_time\" content=\"2023-10-04T16:04:49+00:00\" \/>\n<meta property=\"og:image\" content=\"https:\/\/migrapixel.pt\/wp-content\/uploads\/2022\/11\/Ativo-1-scaled-1.webp\" \/>\n\t<meta property=\"og:image:width\" content=\"2560\" \/>\n\t<meta property=\"og:image:height\" content=\"555\" \/>\n\t<meta property=\"og:image:type\" content=\"image\/webp\" \/>\n<meta name=\"twitter:card\" content=\"summary_large_image\" \/>\n<meta name=\"twitter:label1\" content=\"Estimated reading time\" \/>\n\t<meta name=\"twitter:data1\" content=\"1 minute\" \/>\n<script type=\"application\/ld+json\" class=\"yoast-schema-graph\">{\"@context\":\"https:\\\/\\\/schema.org\",\"@graph\":[{\"@type\":\"WebPage\",\"@id\":\"https:\\\/\\\/migrapixel.pt\\\/modelo-de-pagina-6\\\/\",\"url\":\"https:\\\/\\\/migrapixel.pt\\\/modelo-de-pagina-6\\\/\",\"name\":\"Modelo de p\u00e1gina \u2013 6 - MigraPixel\",\"isPartOf\":{\"@id\":\"https:\\\/\\\/migrapixel.pt\\\/#website\"},\"datePublished\":\"2023-10-04T15:55:34+00:00\",\"dateModified\":\"2023-10-04T16:04:49+00:00\",\"breadcrumb\":{\"@id\":\"https:\\\/\\\/migrapixel.pt\\\/modelo-de-pagina-6\\\/#breadcrumb\"},\"inLanguage\":\"en-GB\",\"potentialAction\":[{\"@type\":\"ReadAction\",\"target\":[\"https:\\\/\\\/migrapixel.pt\\\/modelo-de-pagina-6\\\/\"]}]},{\"@type\":\"BreadcrumbList\",\"@id\":\"https:\\\/\\\/migrapixel.pt\\\/modelo-de-pagina-6\\\/#breadcrumb\",\"itemListElement\":[{\"@type\":\"ListItem\",\"position\":1,\"name\":\"In\u00edcio\",\"item\":\"https:\\\/\\\/migrapixel.pt\\\/\"},{\"@type\":\"ListItem\",\"position\":2,\"name\":\"Modelo de p\u00e1gina \u2013 6\"}]},{\"@type\":\"WebSite\",\"@id\":\"https:\\\/\\\/migrapixel.pt\\\/#website\",\"url\":\"https:\\\/\\\/migrapixel.pt\\\/\",\"name\":\"MigraPixel\",\"description\":\"MigraPixel |Programa\u00e7\u00e3o |Conte\u00fados Digitais | Alojamento Web | DG\",\"publisher\":{\"@id\":\"https:\\\/\\\/migrapixel.pt\\\/#organization\"},\"potentialAction\":[{\"@type\":\"SearchAction\",\"target\":{\"@type\":\"EntryPoint\",\"urlTemplate\":\"https:\\\/\\\/migrapixel.pt\\\/?s={search_term_string}\"},\"query-input\":{\"@type\":\"PropertyValueSpecification\",\"valueRequired\":true,\"valueName\":\"search_term_string\"}}],\"inLanguage\":\"en-GB\"},{\"@type\":\"Organization\",\"@id\":\"https:\\\/\\\/migrapixel.pt\\\/#organization\",\"name\":\"MigraPixel\",\"url\":\"https:\\\/\\\/migrapixel.pt\\\/\",\"logo\":{\"@type\":\"ImageObject\",\"inLanguage\":\"en-GB\",\"@id\":\"https:\\\/\\\/migrapixel.pt\\\/#\\\/schema\\\/logo\\\/image\\\/\",\"url\":\"https:\\\/\\\/migrapixel.pt\\\/wp-content\\\/uploads\\\/2022\\\/11\\\/Ativo-1-scaled-1.webp\",\"contentUrl\":\"https:\\\/\\\/migrapixel.pt\\\/wp-content\\\/uploads\\\/2022\\\/11\\\/Ativo-1-scaled-1.webp\",\"width\":2560,\"height\":555,\"caption\":\"MigraPixel\"},\"image\":{\"@id\":\"https:\\\/\\\/migrapixel.pt\\\/#\\\/schema\\\/logo\\\/image\\\/\"},\"sameAs\":[\"https:\\\/\\\/www.facebook.com\\\/migrapixel\",\"https:\\\/\\\/www.instagram.com\\\/migrapixel\\\/\"]}]}<\/script>\n<!-- \/ Yoast SEO plugin. -->","yoast_head_json":{"title":"Modelo de p\u00e1gina \u2013 6 - MigraPixel","robots":{"index":"noindex","follow":"nofollow"},"og_locale":"en_GB","og_type":"article","og_title":"Modelo de p\u00e1gina \u2013 6 - MigraPixel","og_description":"\u041a\u0430\u0440\u0442\u043e\u0447\u043a\u0438 | \u041f\u0440\u043e\u0435\u043a\u0442 1 Pumpkins sdsdsdffsf ola mundo Autumn Road Trees LandsapePumpkins sdsdsdffsf ola mundo","og_url":"https:\/\/migrapixel.pt\/en\/modelo-de-pagina-6\/","og_site_name":"MigraPixel","article_publisher":"https:\/\/www.facebook.com\/migrapixel","article_modified_time":"2023-10-04T16:04:49+00:00","og_image":[{"width":2560,"height":555,"url":"https:\/\/migrapixel.pt\/wp-content\/uploads\/2022\/11\/Ativo-1-scaled-1.webp","type":"image\/webp"}],"twitter_card":"summary_large_image","twitter_misc":{"Estimated reading time":"1 minute"},"schema":{"@context":"https:\/\/schema.org","@graph":[{"@type":"WebPage","@id":"https:\/\/migrapixel.pt\/modelo-de-pagina-6\/","url":"https:\/\/migrapixel.pt\/modelo-de-pagina-6\/","name":"Modelo de p\u00e1gina \u2013 6 - MigraPixel","isPartOf":{"@id":"https:\/\/migrapixel.pt\/#website"},"datePublished":"2023-10-04T15:55:34+00:00","dateModified":"2023-10-04T16:04:49+00:00","breadcrumb":{"@id":"https:\/\/migrapixel.pt\/modelo-de-pagina-6\/#breadcrumb"},"inLanguage":"en-GB","potentialAction":[{"@type":"ReadAction","target":["https:\/\/migrapixel.pt\/modelo-de-pagina-6\/"]}]},{"@type":"BreadcrumbList","@id":"https:\/\/migrapixel.pt\/modelo-de-pagina-6\/#breadcrumb","itemListElement":[{"@type":"ListItem","position":1,"name":"In\u00edcio","item":"https:\/\/migrapixel.pt\/"},{"@type":"ListItem","position":2,"name":"Modelo de p\u00e1gina \u2013 6"}]},{"@type":"WebSite","@id":"https:\/\/migrapixel.pt\/#website","url":"https:\/\/migrapixel.pt\/","name":"MigraPixel","description":"MigraPixel |Programa\u00e7\u00e3o |Conte\u00fados Digitais | Alojamento Web | DG","publisher":{"@id":"https:\/\/migrapixel.pt\/#organization"},"potentialAction":[{"@type":"SearchAction","target":{"@type":"EntryPoint","urlTemplate":"https:\/\/migrapixel.pt\/?s={search_term_string}"},"query-input":{"@type":"PropertyValueSpecification","valueRequired":true,"valueName":"search_term_string"}}],"inLanguage":"en-GB"},{"@type":"Organization","@id":"https:\/\/migrapixel.pt\/#organization","name":"MigraPixel","url":"https:\/\/migrapixel.pt\/","logo":{"@type":"ImageObject","inLanguage":"en-GB","@id":"https:\/\/migrapixel.pt\/#\/schema\/logo\/image\/","url":"https:\/\/migrapixel.pt\/wp-content\/uploads\/2022\/11\/Ativo-1-scaled-1.webp","contentUrl":"https:\/\/migrapixel.pt\/wp-content\/uploads\/2022\/11\/Ativo-1-scaled-1.webp","width":2560,"height":555,"caption":"MigraPixel"},"image":{"@id":"https:\/\/migrapixel.pt\/#\/schema\/logo\/image\/"},"sameAs":["https:\/\/www.facebook.com\/migrapixel","https:\/\/www.instagram.com\/migrapixel\/"]}]}},"_links":{"self":[{"href":"https:\/\/migrapixel.pt\/en\/wp-json\/wp\/v2\/pages\/8129","targetHints":{"allow":["GET"]}}],"collection":[{"href":"https:\/\/migrapixel.pt\/en\/wp-json\/wp\/v2\/pages"}],"about":[{"href":"https:\/\/migrapixel.pt\/en\/wp-json\/wp\/v2\/types\/page"}],"author":[{"embeddable":true,"href":"https:\/\/migrapixel.pt\/en\/wp-json\/wp\/v2\/users\/1"}],"replies":[{"embeddable":true,"href":"https:\/\/migrapixel.pt\/en\/wp-json\/wp\/v2\/comments?post=8129"}],"version-history":[{"count":25,"href":"https:\/\/migrapixel.pt\/en\/wp-json\/wp\/v2\/pages\/8129\/revisions"}],"predecessor-version":[{"id":8155,"href":"https:\/\/migrapixel.pt\/en\/wp-json\/wp\/v2\/pages\/8129\/revisions\/8155"}],"wp:attachment":[{"href":"https:\/\/migrapixel.pt\/en\/wp-json\/wp\/v2\/media?parent=8129"}],"curies":[{"name":"wp","href":"https:\/\/api.w.org\/{rel}","templated":true}]}}